{"id":3189,"date":"2024-10-24T10:19:21","date_gmt":"2024-10-24T10:19:21","guid":{"rendered":"https:\/\/10dumbs.com\/9dots\/?page_id=3189"},"modified":"2024-12-20T06:46:26","modified_gmt":"2024-12-20T06:46:26","slug":"development","status":"publish","type":"page","link":"https:\/\/9dots.com\/vi\/development\/","title":{"rendered":"Ph\u00e1t tri\u1ec3n"},"content":{"rendered":"<div data-elementor-type=\"wp-page\" data-elementor-id=\"3189\" class=\"elementor elementor-3189\">\n\t\t\t\t<div class=\"elementor-element elementor-element-5017896 e-flex e-con-boxed e-con e-parent\" data-id=\"5017896\" data-element_type=\"container\">\n\t\t\t\t\t<div class=\"e-con-inner\">\n\t\t<div class=\"elementor-element elementor-element-24ec4f77 e-con-full e-flex e-con e-child\" data-id=\"24ec4f77\" data-element_type=\"container\">\n\t\t\t\t<div class=\"elementor-element elementor-element-3a8d225f elementor-widget elementor-widget-image\" data-id=\"3a8d225f\" data-element_type=\"widget\" data-widget_type=\"image.default\">\n\t\t\t\t<div class=\"elementor-widget-container\">\n\t\t\t\t\t\t\t\t\t\t\t\t\t\t\t<img fetchpriority=\"high\" decoding=\"async\" width=\"850\" height=\"480\" src=\"https:\/\/9dots.com\/wp-content\/uploads\/2023\/11\/services_img08.jpg\" class=\"attachment-full size-full wp-image-684\" alt=\"\" srcset=\"https:\/\/9dots.com\/wp-content\/uploads\/2023\/11\/services_img08.jpg 850w, https:\/\/9dots.com\/wp-content\/uploads\/2023\/11\/services_img08-300x169.jpg 300w, https:\/\/9dots.com\/wp-content\/uploads\/2023\/11\/services_img08-768x434.jpg 768w\" sizes=\"(max-width: 850px) 100vw, 850px\" \/>\t\t\t\t\t\t\t\t\t\t\t\t\t\t\t<\/div>\n\t\t\t\t<\/div>\n\t\t\t\t<div class=\"elementor-element elementor-element-b402a10 elementor-widget elementor-widget-heading\" data-id=\"b402a10\" data-element_type=\"widget\" data-widget_type=\"heading.default\">\n\t\t\t\t<div class=\"elementor-widget-container\">\n\t\t\t\t\t<h2 class=\"elementor-heading-title elementor-size-default\">Gi\u1ea3i ph\u00e1p ph\u1ea7n m\u1ec1m t\u00f9y ch\u1ec9nh \u0111\u1ec3 \u0111\u00e1p \u1ee9ng nhu c\u1ea7u c\u1ee5 th\u1ec3 \u0111\u00f3.<\/h2>\t\t\t\t<\/div>\n\t\t\t\t<\/div>\n\t\t\t\t<div class=\"elementor-element elementor-element-5cdaf6da elementor-widget elementor-widget-heading\" data-id=\"5cdaf6da\" data-element_type=\"widget\" data-widget_type=\"heading.default\">\n\t\t\t\t<div class=\"elementor-widget-container\">\n\t\t\t\t\t<p class=\"elementor-heading-title elementor-size-default\">C\u00e1c chuy\u00ean gia t\u01b0 v\u1ea5n c\u1ee7a ch\u00fang t\u00f4i lu\u00f4n tu\u00e2n th\u1ee7 c\u00e1c ch\u1ee9ng ch\u1ec9 c\u1ee7a Microsoft trong l\u0129nh v\u1ef1c chuy\u00ean m\u00f4n c\u1ee7a h\u1ecd. V\u1edbi \u0111\u1ed9i ng\u0169 70 chuy\u00ean gia th\u00f4ng th\u1ea1o 7 ng\u00f4n ng\u1eef, ch\u00fang t\u00f4i s\u1eb5n s\u00e0ng \u0111\u1ea3m nh\u1eadn c\u00e1c d\u1ef1 \u00e1n khu v\u1ef1c ho\u1eb7c to\u00e0n c\u1ea7u. Ch\u00fang t\u00f4i \u0111\u00e3 h\u1ed7 tr\u1ee3 c\u00e1c s\u00e1ng ki\u1ebfn v\u1ec1 k\u1ef9 thu\u1eadt t\u00e1i thi\u1ebft v\u00e0 t\u1ef1 \u0111\u1ed9ng h\u00f3a quy tr\u00ecnh, t\u1eadp trung m\u1ea1nh v\u00e0o s\u1ea3n xu\u1ea5t quy tr\u00ecnh. Khi d\u1ea5u \u1ea5n cung c\u1ea5p c\u1ee7a ch\u00fang t\u00f4i ti\u1ebfp t\u1ee5c ph\u00e1t tri\u1ec3n trong khu v\u1ef1c APAC, ch\u00fang t\u00f4i v\u1eabn t\u1eadp trung v\u00e0o vi\u1ec7c n\u00e2ng cao danh ti\u1ebfng c\u1ee7a m\u00ecnh nh\u01b0 l\u00e0 \u0111\u1ed1i t\u00e1c \u0111\u00e1ng tin c\u1eady cho thi\u1ebft k\u1ebf, tri\u1ec3n khai v\u00e0 b\u1ea3o tr\u00ec c\u00e1c gi\u1ea3i ph\u00e1p Microsoft Dynamics 365.\n\n<\/p>\t\t\t\t<\/div>\n\t\t\t\t<\/div>\n\t\t\t\t<\/div>\n\t\t\t\t\t<\/div>\n\t\t\t\t<\/div>\n\t\t<div class=\"elementor-element elementor-element-63758bcd e-flex e-con-boxed e-con e-parent\" data-id=\"63758bcd\" data-element_type=\"container\" data-settings=\"{&quot;background_background&quot;:&quot;classic&quot;}\">\n\t\t\t\t\t<div class=\"e-con-inner\">\n\t\t\t\t<div class=\"elementor-element elementor-element-7bead539 elementor-widget__width-auto elementor-absolute elementor-invisible elementor-widget elementor-widget-image\" data-id=\"7bead539\" data-element_type=\"widget\" data-settings=\"{&quot;_position&quot;:&quot;absolute&quot;,&quot;_animation&quot;:&quot;fadeInRight&quot;,&quot;_animation_delay&quot;:0.299999999999999988897769753748434595763683319091796875}\" data-widget_type=\"image.default\">\n\t\t\t\t<div class=\"elementor-widget-container\">\n\t\t\t\t\t\t\t\t\t\t\t\t\t\t\t<img decoding=\"async\" width=\"478\" height=\"328\" src=\"https:\/\/9dots.com\/wp-content\/uploads\/2023\/11\/h3_project_shape01.png\" class=\"attachment-full size-full wp-image-1246\" alt=\"\" srcset=\"https:\/\/9dots.com\/wp-content\/uploads\/2023\/11\/h3_project_shape01.png 478w, https:\/\/9dots.com\/wp-content\/uploads\/2023\/11\/h3_project_shape01-300x206.png 300w\" sizes=\"(max-width: 478px) 100vw, 478px\" \/>\t\t\t\t\t\t\t\t\t\t\t\t\t\t\t<\/div>\n\t\t\t\t<\/div>\n\t\t\t\t<div class=\"elementor-element elementor-element-1287823d elementor-widget__width-auto elementor-absolute alltuchtopdown elementor-widget elementor-widget-image\" data-id=\"1287823d\" data-element_type=\"widget\" data-settings=\"{&quot;_position&quot;:&quot;absolute&quot;,&quot;_animation&quot;:&quot;none&quot;,&quot;_animation_delay&quot;:0}\" data-widget_type=\"image.default\">\n\t\t\t\t<div class=\"elementor-widget-container\">\n\t\t\t\t\t\t\t\t\t\t\t\t\t\t\t<img decoding=\"async\" width=\"129\" height=\"122\" src=\"https:\/\/9dots.com\/wp-content\/uploads\/2023\/11\/h3_project_shape02.png\" class=\"attachment-full size-full wp-image-1247\" alt=\"\" \/>\t\t\t\t\t\t\t\t\t\t\t\t\t\t\t<\/div>\n\t\t\t\t<\/div>\n\t\t<div class=\"elementor-element elementor-element-1719cf26 e-con-full e-flex e-con e-child\" data-id=\"1719cf26\" data-element_type=\"container\">\n\t\t\t\t<div class=\"elementor-element elementor-element-5771ce5d elementor-widget elementor-widget-tg-heading\" data-id=\"5771ce5d\" data-element_type=\"widget\" data-widget_type=\"tg-heading.default\">\n\t\t\t\t<div class=\"elementor-widget-container\">\n\t\t\t\t\t\n        <div class=\"section-title tg-heading-subheading animation-style3\">\n                            <span class=\"sub-title\">S\u1ea2N PH\u1ea8M C\u1ee6A CH\u00daNG T\u00d4I<\/span>\n                        <h2 class=\"title tg-element-title\">Gi\u1ea3i ph\u00e1p ph\u1ea7n m\u1ec1m t\u00f9y ch\u1ec9nh <br>cho Doanh nghi\u1ec7p c\u1ee7a b\u1ea1n<\/h2>        <\/div>\n\n\t\t\t\t<\/div>\n\t\t\t\t<\/div>\n\t\t\t\t<\/div>\n\t\t\t\t<div class=\"elementor-element elementor-element-41ad5295 elementor-widget elementor-widget-project-list\" data-id=\"41ad5295\" data-element_type=\"widget\" data-widget_type=\"project-list.default\">\n\t\t\t\t<div class=\"elementor-widget-container\">\n\t\t\t\t\t\n        \n            <div class=\"swiper-container project-active\">\n                <div class=\"swiper-wrapper\">\n                    \n                        \n                    \n                        \n                    \n                        \n                                    <\/div>\n                <div class=\"project__nav-wrap\">\n                    <div class=\"project-button-prev\"><i class=\"flaticon-right-arrow\"><\/i><\/div>\n                    <div class=\"project-button-next\"><i class=\"flaticon-right-arrow\"><\/i><\/div>\n                <\/div>\n            <\/div>\n\n        \n\t\t\t\t<\/div>\n\t\t\t\t<\/div>\n\t\t\t\t\t<\/div>\n\t\t\t\t<\/div>\n\t\t<div class=\"elementor-element elementor-element-8ffad6f e-flex e-con-boxed e-con e-parent\" data-id=\"8ffad6f\" data-element_type=\"container\">\n\t\t\t\t\t<div class=\"e-con-inner\">\n\t\t<div class=\"elementor-element elementor-element-16c4fa1 e-con-full e-flex e-con e-child\" data-id=\"16c4fa1\" data-element_type=\"container\">\n\t\t\t\t<div class=\"elementor-element elementor-element-10e0c51 elementor-widget elementor-widget-genix-image\" data-id=\"10e0c51\" data-element_type=\"widget\" data-widget_type=\"genix-image.default\">\n\t\t\t\t<div class=\"elementor-widget-container\">\n\t\t\t\t\t\n        \n            <div class=\"about-img-wrap\">\n                                    <div class=\"mask-img-wrap\">\n                        <img decoding=\"async\" src=\"https:\/\/9dots.com\/wp-content\/uploads\/2024\/10\/9abt2.jpg\" alt=\"\">\n                    <\/div>\n                                                    <div class=\"shape\">\n                        <img decoding=\"async\" src=\"https:\/\/apexa.alithemes.com\/wp-content\/uploads\/2023\/11\/h4_about_img_shape.png\" alt=\"Shape\">\n                    <\/div>\n                                            <\/div>\n                    \n\t\t\t\t<\/div>\n\t\t\t\t<\/div>\n\t\t\t\t<\/div>\n\t\t<div class=\"elementor-element elementor-element-9857bd3 e-con-full e-flex e-con e-child\" data-id=\"9857bd3\" data-element_type=\"container\">\n\t\t\t\t<div class=\"elementor-element elementor-element-0febfb0 elementor-widget elementor-widget-tg-heading\" data-id=\"0febfb0\" data-element_type=\"widget\" data-widget_type=\"tg-heading.default\">\n\t\t\t\t<div class=\"elementor-widget-container\">\n\t\t\t\t\t\n        <div class=\"section-title tg-heading-subheading animation-style3\">\n                            <span class=\"sub-title\">Ph\u00e1t tri\u1ec3n<\/span>\n                        <h2 class=\"title tg-element-title\">T\u1ea1i sao ch\u1ecdn ch\u00fang t\u00f4i?<\/h2>        <\/div>\n\n\t\t\t\t<\/div>\n\t\t\t\t<\/div>\n\t\t\t\t<div class=\"elementor-element elementor-element-19438f1 elementor-widget__width-initial elementor-widget elementor-widget-heading\" data-id=\"19438f1\" data-element_type=\"widget\" data-widget_type=\"heading.default\">\n\t\t\t\t<div class=\"elementor-widget-container\">\n\t\t\t\t\t<p class=\"elementor-heading-title elementor-size-default\">\u0110i\u1ec3m kh\u00e1c bi\u1ec7t ch\u00ednh c\u1ee7a ch\u00fang t\u00f4i l\u00e0 lu\u00f4n t\u1ea1o ra m\u1ed1i quan h\u1ec7 \u0111\u1ed1i t\u00e1c c\u00e1 nh\u00e2n. \u0110\u00f3 l\u00e0 l\u00fd do t\u1ea1i sao c\u00e1c d\u1ecbch v\u1ee5 ph\u00e1t tri\u1ec3n c\u1ee7a ch\u00fang t\u00f4i \u0111\u01b0\u1ee3c cung c\u1ea5p b\u1edfi m\u1ed9t nh\u00f3m c\u00e1c nh\u00e0 ph\u00e2n t\u00edch l\u1eadp tr\u00ecnh vi\u00ean chuy\u00ean nghi\u1ec7p t\u1eadn t\u00e2m t\u1ea1o ra, ph\u00e1t tri\u1ec3n v\u00e0 h\u1ed7 tr\u1ee3 c\u00e1c s\u1eeda \u0111\u1ed5i ph\u1ea7n m\u1ec1m t\u00f9y ch\u1ec9nh \u0111\u01b0\u1ee3c thi\u1ebft k\u1ebf ri\u00eang theo nhu c\u1ea7u c\u1ee7a b\u1ea1n. M\u00f4 h\u00ecnh SOA ti\u00ean ti\u1ebfn c\u1ee7a ch\u00fang t\u00f4i nh\u01b0 m\u1ed9t khu\u00f4n kh\u1ed5 s\u1ebd gi\u00fap \u0111\u01b0a c\u00e1c quy tr\u00ecnh kinh doanh c\u1ee7a b\u1ea1n l\u00ean h\u00e0ng \u0111\u1ea7u tr\u00ean th\u1ecb tr\u01b0\u1eddng. Th\u00eam v\u00e0o \u0111\u00f3, v\u1edbi c\u00e1c th\u00e0nh ph\u1ea7n ph\u1ea7n m\u1ec1m c\u00f3 th\u1ec3 t\u00e1i s\u1eed d\u1ee5ng c\u1ee7a ch\u00fang t\u00f4i, b\u1ea1n s\u1ebd c\u00f3 th\u1ec3 th\u1ea5y k\u1ebft qu\u1ea3 c\u1ee7a m\u00ecnh m\u1ed9t c\u00e1ch nhanh ch\u00f3ng v\u00e0 ti\u1ebft ki\u1ec7m chi ph\u00ed. C\u00e1c gi\u1ea3i ph\u00e1p ph\u1ea7n m\u1ec1m ti\u00ean ti\u1ebfn c\u1ee7a ch\u00fang t\u00f4i \u1edf \u0111\u00e2y \u0111\u1ec3 \u0111\u00e1p \u1ee9ng c\u00e1c y\u00eau c\u1ea7u kinh doanh v\u00e0 kh\u00e1ch h\u00e0ng c\u1ee7a b\u1ea1n. Th\u1eddi h\u1ea1n v\u00e0 kh\u00f3 kh\u0103n l\u00e0 nh\u1eefng \u0111i\u1ec1u ch\u00fang t\u00f4i coi tr\u1ecdng v\u00ec ch\u00fang t\u00f4i nh\u00ecn nh\u1eadn quan \u0111i\u1ec3m c\u1ee7a kh\u00e1ch h\u00e0ng.<\/p>\t\t\t\t<\/div>\n\t\t\t\t<\/div>\n\t\t\t\t<div class=\"elementor-element elementor-element-899568e elementor-widget__width-initial elementor-widget elementor-widget-heading\" data-id=\"899568e\" data-element_type=\"widget\" data-widget_type=\"heading.default\">\n\t\t\t\t<div class=\"elementor-widget-container\">\n\t\t\t\t\t<p class=\"elementor-heading-title elementor-size-default\">\u0110i\u1ec1u quan tr\u1ecdng nh\u1ea5t l\u00e0 s\u1eed d\u1ee5ng c\u00f4ng ngh\u1ec7 l\u00fd t\u01b0\u1edfng nh\u1ea5t, n\u1ebfu kh\u00f4ng mu\u1ed1n n\u00f3i l\u00e0 ho\u00e0n h\u1ea3o nh\u1ea5t \u0111\u1ec3 thi\u1ebft k\u1ebf v\u00e0 tri\u1ec3n khai c\u00e1c s\u1ea3n ph\u1ea9m m\u00e0 kh\u00e1ch h\u00e0ng c\u1ee7a ch\u00fang t\u00f4i mu\u1ed1n c\u00f3. V\u00e0 ch\u00fang t\u00f4i s\u1ebd theo d\u00f5i \u0111i\u1ec1u \u0111\u00f3 trong su\u1ed1t v\u00f2ng \u0111\u1eddi c\u1ee7a s\u1ea3n ph\u1ea9m.\n<\/p>\t\t\t\t<\/div>\n\t\t\t\t<\/div>\n\t\t\t\t<\/div>\n\t\t\t\t<div class=\"elementor-element elementor-element-a947e13 elementor-absolute elementor-widget elementor-widget-parallax-shapes\" data-id=\"a947e13\" data-element_type=\"widget\" data-settings=\"{&quot;_position&quot;:&quot;absolute&quot;}\" data-widget_type=\"parallax-shapes.default\">\n\t\t\t\t<div class=\"elementor-widget-container\">\n\t\t\t\t\t\n                    <img decoding=\"async\" src=\"https:\/\/9dots.com\/wp-content\/uploads\/2023\/11\/h4_about_shape02.png\" alt=\"\" data-parallax='{\"x\" : -80 , \"y\" : -80 }' >\n        \n\t\t\t\t<\/div>\n\t\t\t\t<\/div>\n\t\t\t\t<div class=\"elementor-element elementor-element-93243aa elementor-absolute elementor-widget elementor-widget-image\" data-id=\"93243aa\" data-element_type=\"widget\" data-settings=\"{&quot;_position&quot;:&quot;absolute&quot;}\" data-widget_type=\"image.default\">\n\t\t\t\t<div class=\"elementor-widget-container\">\n\t\t\t\t\t\t\t\t\t\t\t\t\t\t\t<img loading=\"lazy\" decoding=\"async\" width=\"657\" height=\"332\" src=\"https:\/\/9dots.com\/wp-content\/uploads\/2023\/11\/h4_about_shape01.png\" class=\"attachment-full size-full wp-image-1347\" alt=\"\" srcset=\"https:\/\/9dots.com\/wp-content\/uploads\/2023\/11\/h4_about_shape01.png 657w, https:\/\/9dots.com\/wp-content\/uploads\/2023\/11\/h4_about_shape01-300x152.png 300w\" sizes=\"(max-width: 657px) 100vw, 657px\" \/>\t\t\t\t\t\t\t\t\t\t\t\t\t\t\t<\/div>\n\t\t\t\t<\/div>\n\t\t\t\t\t<\/div>\n\t\t\t\t<\/div>\n\t\t<div class=\"elementor-element elementor-element-57efa04f e-flex e-con-boxed e-con e-parent\" data-id=\"57efa04f\" data-element_type=\"container\" data-settings=\"{&quot;background_background&quot;:&quot;classic&quot;}\">\n\t\t\t\t\t<div class=\"e-con-inner\">\n\t\t\t\t<div class=\"elementor-element elementor-element-609abe75 elementor-widget elementor-widget-heading\" data-id=\"609abe75\" data-element_type=\"widget\" data-widget_type=\"heading.default\">\n\t\t\t\t<div class=\"elementor-widget-container\">\n\t\t\t\t\t<h2 class=\"elementor-heading-title elementor-size-default\">Ch\u00fang t\u00f4i mu\u1ed1n tr\u1edf th\u00e0nh b\u1ea1n <br>\u0110\u1ed1i t\u00e1c Microsoft Dynamics 365<\/h2>\t\t\t\t<\/div>\n\t\t\t\t<\/div>\n\t\t\t\t<div class=\"elementor-element elementor-element-26db61a4 elementor-widget elementor-widget-heading\" data-id=\"26db61a4\" data-element_type=\"widget\" data-widget_type=\"heading.default\">\n\t\t\t\t<div class=\"elementor-widget-container\">\n\t\t\t\t\t<p class=\"elementor-heading-title elementor-size-default\">\u0110\u1ed9i ng\u0169 c\u1ee7a ch\u00fang t\u00f4i l\u00e0 chuy\u00ean gia v\u1ec1 Ho\u1ea1ch \u0111\u1ecbnh ngu\u1ed3n l\u1ef1c doanh nghi\u1ec7p (ERP) v\u00e0 Tr\u00ed tu\u1ec7 doanh nghi\u1ec7p (BI). V\u1edbi \u0111i\u1ec1u \u0111\u00f3, ch\u00fang t\u00f4i \u0111\u1ea3m b\u1ea3o s\u1ef1 tr\u1ee3 gi\u00fap, h\u1ed7 tr\u1ee3 v\u00e0 t\u01b0 v\u1ea5n gi\u00e0u kinh nghi\u1ec7m, c\u0169ng nh\u01b0 m\u1ee9c \u0111\u1ed9 cam k\u1ebft cao. Trong khi v\u1eabn ch\u1ecbu tr\u00e1ch nhi\u1ec7m, c\u0169ng nh\u01b0 uy t\u00edn v\u1ec1 giao h\u00e0ng \u0111\u00fang h\u1ea1n. B\u1ea1n s\u1ebd c\u00f3 m\u1ed1i quan h\u1ec7 \u0111\u1ed1i t\u00e1c t\u1ed1t h\u01a1n nhi\u1ec1u v\u1edbi ch\u00fang t\u00f4i khi n\u00f3i \u0111\u1ebfn vi\u1ec7c c\u00f3 ph\u01b0\u01a1ng ph\u00e1p ti\u1ebfp c\u1eadn hi\u1ec7u qu\u1ea3 v\u1ec1 chi ph\u00ed h\u01a1n v\u00e0 l\u1ee3i t\u1ee9c \u0111\u1ea7u t\u01b0 t\u1ed1t h\u01a1n cho doanh nghi\u1ec7p c\u1ee7a b\u1ea1n.<\/p>\t\t\t\t<\/div>\n\t\t\t\t<\/div>\n\t\t\t\t<div class=\"elementor-element elementor-element-4e6c7c94 elementor-widget elementor-widget-tg-btn\" data-id=\"4e6c7c94\" data-element_type=\"widget\" data-widget_type=\"tg-btn.default\">\n\t\t\t\t<div class=\"elementor-widget-container\">\n\t\t\t\t\t\n\n        \n                            <a href=\"https:\/\/9dots.com\/vi\/contact-us\/\" target=\"_self\" rel=\"nofollow\" class=\"btn\">\n                    B\u1eaft \u0111\u1ea7u                <\/a>\n            \n        \n\t\t\t\t<\/div>\n\t\t\t\t<\/div>\n\t\t\t\t\t<\/div>\n\t\t\t\t<\/div>\n\t\t\t\t<\/div>","protected":false},"excerpt":{"rendered":"<p>Customized software solution to meet that specific need. Our consultants are consistently in compliance with Microsoft certifications in their fields of expertise. With a team of 70 professionals conversant in 7 languages, we are ready to take on projects regional or global projects. We have supported Process Re engineering and automation initiatives, with a strong [&hellip;]<\/p>","protected":false},"author":1,"featured_media":0,"parent":0,"menu_order":0,"comment_status":"closed","ping_status":"closed","template":"elementor_header_footer","meta":{"_acf_changed":false,"inline_featured_image":false,"footnotes":""},"class_list":["post-3189","page","type-page","status-publish","hentry"],"acf":[],"yoast_head":"<!-- This site is optimized with the Yoast SEO Premium plugin v26.6 (Yoast SEO v26.6) - https:\/\/yoast.com\/wordpress\/plugins\/seo\/ -->\n<title>Development - 9 Dots Consulting<\/title>\n<meta name=\"robots\" content=\"index, follow, max-snippet:-1, max-image-preview:large, max-video-preview:-1\" \/>\n<link rel=\"canonical\" href=\"https:\/\/9dots.com\/vi\/development\/\" \/>\n<meta property=\"og:locale\" content=\"vi_VN\" \/>\n<meta property=\"og:type\" content=\"article\" \/>\n<meta property=\"og:title\" content=\"Development\" \/>\n<meta property=\"og:description\" content=\"Customized software solution to meet that specific need. Our consultants are consistently in compliance with Microsoft certifications in their fields of expertise. With a team of 70 professionals conversant in 7 languages, we are ready to take on projects regional or global projects. We have supported Process Re engineering and automation initiatives, with a strong [&hellip;]\" \/>\n<meta property=\"og:url\" content=\"https:\/\/9dots.com\/vi\/development\/\" \/>\n<meta property=\"og:site_name\" content=\"9 Dots Consulting\" \/>\n<meta property=\"article:modified_time\" content=\"2024-12-20T06:46:26+00:00\" \/>\n<meta property=\"og:image\" content=\"https:\/\/9dots.com\/wp-content\/uploads\/2023\/11\/services_img08.jpg\" \/>\n\t<meta property=\"og:image:width\" content=\"850\" \/>\n\t<meta property=\"og:image:height\" content=\"480\" \/>\n\t<meta property=\"og:image:type\" content=\"image\/jpeg\" \/>\n<meta name=\"twitter:card\" content=\"summary_large_image\" \/>\n<meta name=\"twitter:label1\" content=\"\u01af\u1edbc t\u00ednh th\u1eddi gian \u0111\u1ecdc\" \/>\n\t<meta name=\"twitter:data1\" content=\"2 ph\u00fat\" \/>\n<script type=\"application\/ld+json\" class=\"yoast-schema-graph\">{\"@context\":\"https:\/\/schema.org\",\"@graph\":[{\"@type\":\"WebPage\",\"@id\":\"https:\/\/9dots.com\/development\/\",\"url\":\"https:\/\/9dots.com\/development\/\",\"name\":\"Development - 9 Dots Consulting\",\"isPartOf\":{\"@id\":\"https:\/\/9dots.com\/#website\"},\"primaryImageOfPage\":{\"@id\":\"https:\/\/9dots.com\/development\/#primaryimage\"},\"image\":{\"@id\":\"https:\/\/9dots.com\/development\/#primaryimage\"},\"thumbnailUrl\":\"https:\/\/9dots.com\/wp-content\/uploads\/2023\/11\/services_img08.jpg\",\"datePublished\":\"2024-10-24T10:19:21+00:00\",\"dateModified\":\"2024-12-20T06:46:26+00:00\",\"breadcrumb\":{\"@id\":\"https:\/\/9dots.com\/development\/#breadcrumb\"},\"inLanguage\":\"vi\",\"potentialAction\":[{\"@type\":\"ReadAction\",\"target\":[\"https:\/\/9dots.com\/development\/\"]}]},{\"@type\":\"ImageObject\",\"inLanguage\":\"vi\",\"@id\":\"https:\/\/9dots.com\/development\/#primaryimage\",\"url\":\"https:\/\/9dots.com\/wp-content\/uploads\/2023\/11\/services_img08.jpg\",\"contentUrl\":\"https:\/\/9dots.com\/wp-content\/uploads\/2023\/11\/services_img08.jpg\"},{\"@type\":\"BreadcrumbList\",\"@id\":\"https:\/\/9dots.com\/development\/#breadcrumb\",\"itemListElement\":[{\"@type\":\"ListItem\",\"position\":1,\"name\":\"Home\",\"item\":\"https:\/\/9dots.com\/\"},{\"@type\":\"ListItem\",\"position\":2,\"name\":\"Development\"}]},{\"@type\":\"WebSite\",\"@id\":\"https:\/\/9dots.com\/#website\",\"url\":\"https:\/\/9dots.com\/\",\"name\":\"9 Dots Consulting\",\"description\":\"\",\"potentialAction\":[{\"@type\":\"SearchAction\",\"target\":{\"@type\":\"EntryPoint\",\"urlTemplate\":\"https:\/\/9dots.com\/?s={search_term_string}\"},\"query-input\":{\"@type\":\"PropertyValueSpecification\",\"valueRequired\":true,\"valueName\":\"search_term_string\"}}],\"inLanguage\":\"vi\"}]}<\/script>\n<!-- \/ Yoast SEO Premium plugin. -->","yoast_head_json":{"title":"Development - 9 Dots Consulting","robots":{"index":"index","follow":"follow","max-snippet":"max-snippet:-1","max-image-preview":"max-image-preview:large","max-video-preview":"max-video-preview:-1"},"canonical":"https:\/\/9dots.com\/vi\/development\/","og_locale":"vi_VN","og_type":"article","og_title":"Development","og_description":"Customized software solution to meet that specific need. Our consultants are consistently in compliance with Microsoft certifications in their fields of expertise. With a team of 70 professionals conversant in 7 languages, we are ready to take on projects regional or global projects. We have supported Process Re engineering and automation initiatives, with a strong [&hellip;]","og_url":"https:\/\/9dots.com\/vi\/development\/","og_site_name":"9 Dots Consulting","article_modified_time":"2024-12-20T06:46:26+00:00","og_image":[{"width":850,"height":480,"url":"https:\/\/9dots.com\/wp-content\/uploads\/2023\/11\/services_img08.jpg","type":"image\/jpeg"}],"twitter_card":"summary_large_image","twitter_misc":{"\u01af\u1edbc t\u00ednh th\u1eddi gian \u0111\u1ecdc":"2 ph\u00fat"},"schema":{"@context":"https:\/\/schema.org","@graph":[{"@type":"WebPage","@id":"https:\/\/9dots.com\/development\/","url":"https:\/\/9dots.com\/development\/","name":"Development - 9 Dots Consulting","isPartOf":{"@id":"https:\/\/9dots.com\/#website"},"primaryImageOfPage":{"@id":"https:\/\/9dots.com\/development\/#primaryimage"},"image":{"@id":"https:\/\/9dots.com\/development\/#primaryimage"},"thumbnailUrl":"https:\/\/9dots.com\/wp-content\/uploads\/2023\/11\/services_img08.jpg","datePublished":"2024-10-24T10:19:21+00:00","dateModified":"2024-12-20T06:46:26+00:00","breadcrumb":{"@id":"https:\/\/9dots.com\/development\/#breadcrumb"},"inLanguage":"vi","potentialAction":[{"@type":"ReadAction","target":["https:\/\/9dots.com\/development\/"]}]},{"@type":"ImageObject","inLanguage":"vi","@id":"https:\/\/9dots.com\/development\/#primaryimage","url":"https:\/\/9dots.com\/wp-content\/uploads\/2023\/11\/services_img08.jpg","contentUrl":"https:\/\/9dots.com\/wp-content\/uploads\/2023\/11\/services_img08.jpg"},{"@type":"BreadcrumbList","@id":"https:\/\/9dots.com\/development\/#breadcrumb","itemListElement":[{"@type":"ListItem","position":1,"name":"Home","item":"https:\/\/9dots.com\/"},{"@type":"ListItem","position":2,"name":"Development"}]},{"@type":"WebSite","@id":"https:\/\/9dots.com\/#website","url":"https:\/\/9dots.com\/","name":"9 Dots Consulting","description":"","potentialAction":[{"@type":"SearchAction","target":{"@type":"EntryPoint","urlTemplate":"https:\/\/9dots.com\/?s={search_term_string}"},"query-input":{"@type":"PropertyValueSpecification","valueRequired":true,"valueName":"search_term_string"}}],"inLanguage":"vi"}]}},"_links":{"self":[{"href":"https:\/\/9dots.com\/vi\/wp-json\/wp\/v2\/pages\/3189","targetHints":{"allow":["GET"]}}],"collection":[{"href":"https:\/\/9dots.com\/vi\/wp-json\/wp\/v2\/pages"}],"about":[{"href":"https:\/\/9dots.com\/vi\/wp-json\/wp\/v2\/types\/page"}],"author":[{"embeddable":true,"href":"https:\/\/9dots.com\/vi\/wp-json\/wp\/v2\/users\/1"}],"replies":[{"embeddable":true,"href":"https:\/\/9dots.com\/vi\/wp-json\/wp\/v2\/comments?post=3189"}],"version-history":[{"count":28,"href":"https:\/\/9dots.com\/vi\/wp-json\/wp\/v2\/pages\/3189\/revisions"}],"predecessor-version":[{"id":4310,"href":"https:\/\/9dots.com\/vi\/wp-json\/wp\/v2\/pages\/3189\/revisions\/4310"}],"wp:attachment":[{"href":"https:\/\/9dots.com\/vi\/wp-json\/wp\/v2\/media?parent=3189"}],"curies":[{"name":"wp","href":"https:\/\/api.w.org\/{rel}","templated":true}]}}