{"id":3251,"date":"2024-11-14T10:24:19","date_gmt":"2024-11-14T10:24:19","guid":{"rendered":"https:\/\/10dumbs.com\/9dots\/?page_id=3251"},"modified":"2025-01-07T08:34:08","modified_gmt":"2025-01-07T08:34:08","slug":"supply-chain-management","status":"publish","type":"page","link":"https:\/\/9dots.com\/vi\/supply-chain-management\/","title":{"rendered":"Qu\u1ea3n l\u00fd chu\u1ed7i cung \u1ee9ng"},"content":{"rendered":"<div data-elementor-type=\"wp-page\" data-elementor-id=\"3251\" class=\"elementor elementor-3251\">\n\t\t\t\t<div class=\"elementor-element elementor-element-1ed60cac e-flex e-con-boxed e-con e-parent\" data-id=\"1ed60cac\" data-element_type=\"container\">\n\t\t\t\t\t<div class=\"e-con-inner\">\n\t\t<div class=\"elementor-element elementor-element-67938c78 e-con-full e-flex e-con e-child\" data-id=\"67938c78\" data-element_type=\"container\">\n\t\t\t\t<div class=\"elementor-element elementor-element-575f1c21 elementor-widget elementor-widget-tg-heading\" data-id=\"575f1c21\" data-element_type=\"widget\" data-widget_type=\"tg-heading.default\">\n\t\t\t\t<div class=\"elementor-widget-container\">\n\t\t\t\t\t\n        <div class=\"section-title tg-heading-subheading animation-style3\">\n                            <span class=\"sub-title\">Qu\u1ea3n l\u00fd chu\u1ed7i cung \u1ee9ng Microsoft 365<\/span>\n                        <h2 class=\"title tg-element-title\">M\u1edf kh\u00f3a kh\u1ea3 n\u0103ng ph\u1ee5c h\u1ed3i c\u1ee7a chu\u1ed7i cung \u1ee9ng v\u1edbi Microsoft Dynamics 365 Supply Chain Management<\/h2>        <\/div>\n\n\t\t\t\t<\/div>\n\t\t\t\t<\/div>\n\t\t\t\t<div class=\"elementor-element elementor-element-12ed77e4 elementor-widget elementor-widget-heading\" data-id=\"12ed77e4\" data-element_type=\"widget\" data-widget_type=\"heading.default\">\n\t\t\t\t<div class=\"elementor-widget-container\">\n\t\t\t\t\t<p class=\"elementor-heading-title elementor-size-default\">Trong m\u00f4i tr\u01b0\u1eddng kinh doanh \u0111ang thay \u0111\u1ed5i nhanh ch\u00f3ng nh\u01b0 hi\u1ec7n nay, chu\u1ed7i cung \u1ee9ng linh ho\u1ea1t \u0111\u00f3ng vai tr\u00f2 quan tr\u1ecdng trong vi\u1ec7c duy tr\u00ec ho\u1ea1t \u0111\u1ed9ng v\u00e0 h\u1ed7 tr\u1ee3 t\u0103ng tr\u01b0\u1edfng. <br>Microsoft Dynamics 365 Supply Chain Management trao quy\u1ec1n cho c\u00e1c t\u1ed5 ch\u1ee9c \u0111\u1ec3 c\u00f3 \u0111\u01b0\u1ee3c kh\u1ea3 n\u0103ng hi\u1ec3n th\u1ecb v\u00e0 th\u00f4ng tin t\u00ecnh b\u00e1o to\u00e0n di\u1ec7n tr\u00ean to\u00e0n b\u1ed9 chu\u1ed7i cung \u1ee9ng c\u1ee7a h\u1ecd, cho ph\u00e9p ph\u1ea3n \u1ee9ng nhanh v\u1edbi s\u1ef1 gi\u00e1n \u0111o\u1ea1n v\u00e0 nhu c\u1ea7u th\u1ecb tr\u01b0\u1eddng thay \u0111\u1ed5i. T\u1eeb mua s\u1eafm \u0111\u1ebfn s\u1ea3n xu\u1ea5t, qu\u1ea3n l\u00fd h\u00e0ng t\u1ed3n kho v\u00e0 ph\u00e2n ph\u1ed1i, Dynamics 365 gi\u00fap t\u1ed1i \u01b0u h\u00f3a m\u1ecdi b\u1ed9 ph\u1eadn trong chu\u1ed7i cung \u1ee9ng c\u1ee7a b\u1ea1n.<\/p>\t\t\t\t<\/div>\n\t\t\t\t<\/div>\n\t\t\t\t<div class=\"elementor-element elementor-element-4cb2d70 elementor-widget elementor-widget-tg-btn\" data-id=\"4cb2d70\" data-element_type=\"widget\" data-widget_type=\"tg-btn.default\">\n\t\t\t\t<div class=\"elementor-widget-container\">\n\t\t\t\t\t\n\n        \n                            <a href=\"https:\/\/9dots.com\/vi\/contact-us\/\" target=\"_self\" rel=\"nofollow\" class=\"btn\">\n                    Y\u00eau c\u1ea7u ngay                <\/a>\n            \n        \n\t\t\t\t<\/div>\n\t\t\t\t<\/div>\n\t\t\t\t<\/div>\n\t\t<div class=\"elementor-element elementor-element-677f6d5e e-con-full e-flex e-con e-child\" data-id=\"677f6d5e\" data-element_type=\"container\">\n\t\t\t\t<div class=\"elementor-element elementor-element-325d17d elementor-widget elementor-widget-genix-image\" data-id=\"325d17d\" data-element_type=\"widget\" data-widget_type=\"genix-image.default\">\n\t\t\t\t<div class=\"elementor-widget-container\">\n\t\t\t\t\t\n        \n            <div class=\"choose__area-six\">\n                <div class=\"choose__img-wrap-five\">\n                                            <img decoding=\"async\" src=\"https:\/\/9dots.com\/wp-content\/uploads\/2024\/11\/supply.jpg\" alt=\"\">\n                                                                                                                    <\/div>\n            <\/div>\n\n        \n\t\t\t\t<\/div>\n\t\t\t\t<\/div>\n\t\t\t\t<\/div>\n\t\t\t\t\t<\/div>\n\t\t\t\t<\/div>\n\t\t<div class=\"elementor-element elementor-element-40b60820 e-flex e-con-boxed e-con e-parent\" data-id=\"40b60820\" data-element_type=\"container\" data-settings=\"{&quot;background_background&quot;:&quot;classic&quot;}\">\n\t\t\t\t\t<div class=\"e-con-inner\">\n\t\t<div class=\"elementor-element elementor-element-78ac43dc e-con-full e-flex e-con e-child\" data-id=\"78ac43dc\" data-element_type=\"container\">\n\t\t<div class=\"elementor-element elementor-element-2d9a0c7a e-con-full e-flex e-con e-child\" data-id=\"2d9a0c7a\" data-element_type=\"container\">\n\t\t\t\t<div class=\"elementor-element elementor-element-62318be elementor-widget elementor-widget-heading\" data-id=\"62318be\" data-element_type=\"widget\" data-widget_type=\"heading.default\">\n\t\t\t\t<div class=\"elementor-widget-container\">\n\t\t\t\t\t<h2 class=\"elementor-heading-title elementor-size-default\">L\u1ee3i \u00edch ch\u00ednh<\/h2>\t\t\t\t<\/div>\n\t\t\t\t<\/div>\n\t\t\t\t<div class=\"elementor-element elementor-element-285ffa65 elementor-widget elementor-widget-iconlist\" data-id=\"285ffa65\" data-element_type=\"widget\" data-widget_type=\"iconlist.default\">\n\t\t\t\t<div class=\"elementor-widget-container\">\n\t\t\t\t\t\n        \n            <div class=\"about__list-box\">\n                <ul class=\"list-wrap\">\n                                            <li>\n                                                            <i aria-hidden=\"true\" class=\"flaticon-arrow-button\"><\/i>                                                        T\u1ea7m nh\u00ecn chu\u1ed7i cung \u1ee9ng t\u1eeb \u0111\u1ea7u \u0111\u1ebfn cu\u1ed1i C\u00f3 \u0111\u01b0\u1ee3c th\u00f4ng tin chi ti\u1ebft theo th\u1eddi gian th\u1ef1c v\u1ec1 to\u00e0n b\u1ed9 chu\u1ed7i cung \u1ee9ng c\u1ee7a b\u1ea1n \u2014 t\u1eeb nh\u00e0 cung c\u1ea5p \u0111\u1ebfn s\u1ea3n xu\u1ea5t, h\u00e0ng t\u1ed3n kho v\u00e0 ph\u00e2n ph\u1ed1i. V\u1edbi d\u1eef li\u1ec7u th\u1ed1ng nh\u1ea5t tr\u00ean t\u1ea5t c\u1ea3 c\u00e1c ho\u1ea1t \u0111\u1ed9ng, Dynamics 365 cho ph\u00e9p \u0111\u01b0a ra quy\u1ebft \u0111\u1ecbnh s\u00e1ng su\u1ed1t, gi\u1ea3m thi\u1ec3u r\u1ee7i ro v\u00e0 t\u0103ng c\u01b0\u1eddng t\u00ednh linh ho\u1ea1t \u0111\u1ec3 th\u00edch \u1ee9ng v\u1edbi c\u00e1c \u0111i\u1ec1u ki\u1ec7n thay \u0111\u1ed5i.                        <\/li>\n                                            <li>\n                                                            <i aria-hidden=\"true\" class=\"flaticon-arrow-button\"><\/i>                                                        Qu\u1ea3n l\u00fd kho v\u00e0 h\u1eadu c\u1ea7n th\u00f4ng minh T\u1eadn d\u1ee5ng AI v\u00e0 m\u00e1y h\u1ecdc, bao g\u1ed3m Copilot, \u0111\u1ec3 t\u1ed1i \u01b0u h\u00f3a m\u1ee9c t\u1ed3n kho, t\u1ef1 \u0111\u1ed9ng h\u00f3a ho\u1ea1t \u0111\u1ed9ng kho v\u00e0 h\u1ee3p l\u00fd h\u00f3a ph\u00e2n ph\u1ed1i. Dynamics 365 \u0111\u1ea3m b\u1ea3o b\u1ea1n c\u00f3 \u0111\u00fang h\u00e0ng t\u1ed3n kho v\u00e0o \u0111\u00fang th\u1eddi \u0111i\u1ec3m, gi\u1ea3m l\u01b0\u1ee3ng h\u00e0ng t\u1ed3n kho d\u01b0 th\u1eeba v\u00e0 ng\u0103n ng\u1eeba t\u00ecnh tr\u1ea1ng h\u1ebft h\u00e0ng trong khi c\u1ea3i thi\u1ec7n \u0111\u1ed9 ch\u00ednh x\u00e1c c\u1ee7a \u0111\u01a1n h\u00e0ng v\u00e0 th\u1eddi gian giao h\u00e0ng.                        <\/li>\n                                            <li>\n                                                            <i aria-hidden=\"true\" class=\"flaticon-arrow-button\"><\/i>                                                        T\u1ed1i \u01b0u h\u00f3a k\u1ebf ho\u1ea1ch s\u1ea3n xu\u1ea5t T\u1ed1i \u0111a h\u00f3a hi\u1ec7u qu\u1ea3 trong s\u1ea3n xu\u1ea5t v\u1edbi d\u1eef li\u1ec7u th\u1eddi gian th\u1ef1c v\u00e0 th\u00f4ng tin chi ti\u1ebft d\u1ef1 \u0111o\u00e1n. Dynamics 365, \u0111\u01b0\u1ee3c h\u1ed7 tr\u1ee3 b\u1edfi Copilot, gi\u00fap b\u1ea1n l\u1eadp k\u1ebf ho\u1ea1ch s\u1ea3n xu\u1ea5t hi\u1ec7u qu\u1ea3, qu\u1ea3n l\u00fd t\u00e0i nguy\u00ean hi\u1ec7u qu\u1ea3 v\u00e0 gi\u1ea3m th\u1eddi gian ch\u1ebft th\u00f4ng qua b\u1ea3o tr\u00ec d\u1ef1 \u0111o\u00e1n, th\u00fac \u0111\u1ea9y ti\u1ebft ki\u1ec7m chi ph\u00ed v\u00e0 c\u1ea3i thi\u1ec7n n\u0103ng su\u1ea5t.                        <\/li>\n                                            <li>\n                                                            <i aria-hidden=\"true\" class=\"flaticon-arrow-button\"><\/i>                                                        Th\u1ef1c h\u00e0nh chu\u1ed7i cung \u1ee9ng b\u1ec1n v\u1eefng li\u00ean k\u1ebft chu\u1ed7i cung \u1ee9ng c\u1ee7a b\u1ea1n v\u1edbi c\u00e1c m\u1ee5c ti\u00eau b\u1ec1n v\u1eefng b\u1eb1ng c\u00e1ch s\u1eed d\u1ee5ng c\u00e1c c\u00f4ng c\u1ee5 t\u00edch h\u1ee3p \u0111\u1ec3 gi\u00e1m s\u00e1t v\u00e0 gi\u1ea3m t\u00e1c \u0111\u1ed9ng \u0111\u1ebfn m\u00f4i tr\u01b0\u1eddng. Theo d\u00f5i c\u00e1c n\u1ed7 l\u1ef1c gi\u1ea3m thi\u1ec3u ch\u1ea5t th\u1ea3i, t\u1ed1i \u01b0u h\u00f3a vi\u1ec7c s\u1eed d\u1ee5ng n\u0103ng l\u01b0\u1ee3ng v\u00e0 tri\u1ec3n khai c\u00e1c chi\u1ebfn l\u01b0\u1ee3c t\u00ecm ngu\u1ed3n cung \u1ee9ng b\u1ec1n v\u1eefng \u0111\u1ec3 \u0111\u00e1p \u1ee9ng c\u00e1c m\u1ee5c ti\u00eau v\u1ec1 tr\u00e1ch nhi\u1ec7m c\u1ee7a c\u00f4ng ty v\u00e0 t\u00ednh b\u1ec1n v\u1eefng                        <\/li>\n                                            <li>\n                                                            <i aria-hidden=\"true\" class=\"flaticon-arrow-button\"><\/i>                                                        S\u1ef1 nhanh nh\u1eb9n v\u1edbi AI v\u00e0 H\u1ecdc m\u00e1y Lu\u00f4n \u0111i tr\u01b0\u1edbc nh\u1eefng gi\u00e1n \u0111o\u1ea1n v\u00e0 thay \u0111\u1ed5i c\u1ee7a th\u1ecb tr\u01b0\u1eddng b\u1eb1ng c\u00e1ch s\u1eed d\u1ee5ng th\u00f4ng tin chi ti\u1ebft do AI th\u00fac \u0111\u1ea9y, bao g\u1ed3m kh\u1ea3 n\u0103ng c\u1ee7a Copilot, \u0111\u1ec3 d\u1ef1 \u0111o\u00e1n nhu c\u1ea7u, x\u00e1c \u0111\u1ecbnh c\u00e1c \u0111i\u1ec3m ngh\u1ebdn trong chu\u1ed7i cung \u1ee9ng v\u00e0 \u0111i\u1ec1u ch\u1ec9nh ho\u1ea1t \u0111\u1ed9ng theo th\u1eddi gian th\u1ef1c. Ph\u01b0\u01a1ng ph\u00e1p ti\u1ebfp c\u1eadn th\u00f4ng minh n\u00e0y n\u00e2ng cao \u0111\u1ed9 ch\u00ednh x\u00e1c c\u1ee7a d\u1ef1 b\u00e1o v\u00e0 cho ph\u00e9p ph\u1ea3n h\u1ed3i nhanh h\u01a1n v\u1edbi nhu c\u1ea7u c\u1ee7a kh\u00e1ch h\u00e0ng.                        <\/li>\n                                            <li>\n                                                            <i aria-hidden=\"true\" class=\"flaticon-arrow-button\"><\/i>                                                        T\u00edch h\u1ee3p li\u1ec1n m\u1ea1ch tr\u00ean to\u00e0n b\u1ed9 h\u1ec7 sinh th\u00e1i Microsoft, Dynamics 365 Supply Chain Management t\u00edch h\u1ee3p li\u1ec1n m\u1ea1ch v\u1edbi c\u00e1c gi\u1ea3i ph\u00e1p Microsoft kh\u00e1c nh\u01b0 Dynamics 365 Finance, Power BI v\u00e0 Microsoft Teams. K\u1ebft n\u1ed1i n\u00e0y th\u00fac \u0111\u1ea9y s\u1ef1 h\u1ee3p t\u00e1c gi\u1eefa c\u00e1c ph\u00f2ng ban v\u00e0 th\u00fac \u0111\u1ea9y hi\u1ec7u qu\u1ea3 ho\u1ea1t \u0111\u1ed9ng, \u0111\u1ea3m b\u1ea3o to\u00e0n b\u1ed9 t\u1ed5 ch\u1ee9c c\u1ee7a b\u1ea1n ho\u1ea1t \u0111\u1ed9ng li\u1ec1n m\u1ea1ch.                        <\/li>\n                                    <\/ul>\n            <\/div>\n\n        \n\n\t\t\t\t<\/div>\n\t\t\t\t<\/div>\n\t\t\t\t<\/div>\n\t\t\t\t<\/div>\n\t\t\t\t\t<\/div>\n\t\t\t\t<\/div>\n\t\t<div class=\"elementor-element elementor-element-fb35f6b e-flex e-con-boxed e-con e-parent\" data-id=\"fb35f6b\" data-element_type=\"container\" data-settings=\"{&quot;background_background&quot;:&quot;classic&quot;}\">\n\t\t\t\t\t<div class=\"e-con-inner\">\n\t\t<div class=\"elementor-element elementor-element-39ef471 e-con-full e-flex e-con e-child\" data-id=\"39ef471\" data-element_type=\"container\">\n\t\t\t\t<div class=\"elementor-element elementor-element-8079428 elementor-widget__width-initial elementor-widget elementor-widget-tg-heading\" data-id=\"8079428\" data-element_type=\"widget\" data-widget_type=\"tg-heading.default\">\n\t\t\t\t<div class=\"elementor-widget-container\">\n\t\t\t\t\t\n        <div class=\"section-title tg-heading-subheading animation-style3\">\n                            <span class=\"sub-title\">Chuy\u1ec3n \u0111\u1ed5i chu\u1ed7i cung \u1ee9ng c\u1ee7a b\u1ea1n ngay h\u00f4m nay<\/span>\n                        <h2 class=\"title tg-element-title\">V\u1edbi Microsoft Dynamics 365 Supply Chain Management, b\u1ea1n c\u00f3 th\u1ec3 x\u00e2y d\u1ef1ng m\u1ed9t chu\u1ed7i cung \u1ee9ng linh ho\u1ea1t v\u00e0 b\u1ec1n b\u1ec9, bi\u1ebfn th\u00e1ch th\u1ee9c th\u00e0nh c\u01a1 h\u1ed9i. Cho d\u00f9 m\u1ee5c ti\u00eau c\u1ee7a b\u1ea1n l\u00e0 gi\u1ea3m chi ph\u00ed, c\u1ea3i thi\u1ec7n hi\u1ec7u qu\u1ea3 ho\u1ea1t \u0111\u1ed9ng hay n\u00e2ng cao s\u1ef1 h\u00e0i l\u00f2ng c\u1ee7a kh\u00e1ch h\u00e0ng, Dynamics 365 c\u00f9ng v\u1edbi Copilot \u0111\u1ec1u cung c\u1ea5p c\u00e1c c\u00f4ng c\u1ee5 v\u00e0 th\u00f4ng tin chi ti\u1ebft c\u1ea7n thi\u1ebft \u0111\u1ec3 duy tr\u00ec kh\u1ea3 n\u0103ng c\u1ea1nh tranh trong m\u1ed9t th\u1ebf gi\u1edbi thay \u0111\u1ed5i nhanh ch\u00f3ng.<\/h2>        <\/div>\n\n\t\t\t\t<\/div>\n\t\t\t\t<\/div>\n\t\t\t\t<\/div>\n\t\t\t\t<div class=\"elementor-element elementor-element-0653d9f elementor-widget__width-auto elementor-absolute elementor-invisible elementor-widget elementor-widget-image\" data-id=\"0653d9f\" data-element_type=\"widget\" data-settings=\"{&quot;_position&quot;:&quot;absolute&quot;,&quot;_animation&quot;:&quot;fadeInRight&quot;,&quot;_animation_delay&quot;:0.299999999999999988897769753748434595763683319091796875}\" data-widget_type=\"image.default\">\n\t\t\t\t<div class=\"elementor-widget-container\">\n\t\t\t\t\t\t\t\t\t\t\t\t\t\t\t<img fetchpriority=\"high\" decoding=\"async\" width=\"350\" height=\"309\" src=\"https:\/\/9dots.com\/wp-content\/uploads\/2023\/11\/h2_services_shape02.png\" class=\"attachment-full size-full wp-image-1101\" alt=\"\" srcset=\"https:\/\/9dots.com\/wp-content\/uploads\/2023\/11\/h2_services_shape02.png 350w, https:\/\/9dots.com\/wp-content\/uploads\/2023\/11\/h2_services_shape02-300x265.png 300w\" sizes=\"(max-width: 350px) 100vw, 350px\" \/>\t\t\t\t\t\t\t\t\t\t\t\t\t\t\t<\/div>\n\t\t\t\t<\/div>\n\t\t\t\t<div class=\"elementor-element elementor-element-b661cb9 elementor-widget__width-auto elementor-absolute elementor-invisible elementor-widget elementor-widget-image\" data-id=\"b661cb9\" data-element_type=\"widget\" data-settings=\"{&quot;_position&quot;:&quot;absolute&quot;,&quot;_animation&quot;:&quot;fadeInLeft&quot;,&quot;_animation_delay&quot;:0.299999999999999988897769753748434595763683319091796875}\" data-widget_type=\"image.default\">\n\t\t\t\t<div class=\"elementor-widget-container\">\n\t\t\t\t\t\t\t\t\t\t\t\t\t\t\t<img decoding=\"async\" width=\"336\" height=\"307\" src=\"https:\/\/9dots.com\/wp-content\/uploads\/2023\/11\/h2_services_shape01.png\" class=\"attachment-full size-full wp-image-1100\" alt=\"\" srcset=\"https:\/\/9dots.com\/wp-content\/uploads\/2023\/11\/h2_services_shape01.png 336w, https:\/\/9dots.com\/wp-content\/uploads\/2023\/11\/h2_services_shape01-300x274.png 300w\" sizes=\"(max-width: 336px) 100vw, 336px\" \/>\t\t\t\t\t\t\t\t\t\t\t\t\t\t\t<\/div>\n\t\t\t\t<\/div>\n\t\t\t\t\t<\/div>\n\t\t\t\t<\/div>\n\t\t\t\t<\/div>","protected":false},"excerpt":{"rendered":"<p>Microsoft 365 Supply Chain Management Unlock Supply Chain Resilience with Microsoft Dynamics 365 Supply Chain Management In today\u2019s rapidly evolving business environment, resilient supply chains are critical for maintaining operations and supporting growth. Microsoft Dynamics 365 Supply Chain Management empowers organizations to gain end &#8211; to &#8211; end visibility and intelligence across their supply chains, [&hellip;]<\/p>","protected":false},"author":1,"featured_media":0,"parent":0,"menu_order":0,"comment_status":"closed","ping_status":"closed","template":"elementor_header_footer","meta":{"_acf_changed":false,"inline_featured_image":false,"footnotes":""},"class_list":["post-3251","page","type-page","status-publish","hentry"],"acf":[],"yoast_head":"<!-- This site is optimized with the Yoast SEO Premium plugin v26.6 (Yoast SEO v26.6) - https:\/\/yoast.com\/wordpress\/plugins\/seo\/ -->\n<title>Supply Chain Management - 9 Dots Consulting<\/title>\n<meta name=\"robots\" content=\"index, follow, max-snippet:-1, max-image-preview:large, max-video-preview:-1\" \/>\n<link rel=\"canonical\" href=\"https:\/\/9dots.com\/vi\/supply-chain-management\/\" \/>\n<meta property=\"og:locale\" content=\"vi_VN\" \/>\n<meta property=\"og:type\" content=\"article\" \/>\n<meta property=\"og:title\" content=\"Supply Chain Management\" \/>\n<meta property=\"og:description\" content=\"Microsoft 365 Supply Chain Management Unlock Supply Chain Resilience with Microsoft Dynamics 365 Supply Chain Management In today\u2019s rapidly evolving business environment, resilient supply chains are critical for maintaining operations and supporting growth. Microsoft Dynamics 365 Supply Chain Management empowers organizations to gain end &#8211; to &#8211; end visibility and intelligence across their supply chains, [&hellip;]\" \/>\n<meta property=\"og:url\" content=\"https:\/\/9dots.com\/vi\/supply-chain-management\/\" \/>\n<meta property=\"og:site_name\" content=\"9 Dots Consulting\" \/>\n<meta property=\"article:modified_time\" content=\"2025-01-07T08:34:08+00:00\" \/>\n<meta property=\"og:image\" content=\"https:\/\/9dots.com\/wp-content\/uploads\/2024\/11\/supply.jpg\" \/>\n<meta name=\"twitter:card\" content=\"summary_large_image\" \/>\n<meta name=\"twitter:label1\" content=\"\u01af\u1edbc t\u00ednh th\u1eddi gian \u0111\u1ecdc\" \/>\n\t<meta name=\"twitter:data1\" content=\"2 ph\u00fat\" \/>\n<script type=\"application\/ld+json\" class=\"yoast-schema-graph\">{\"@context\":\"https:\/\/schema.org\",\"@graph\":[{\"@type\":\"WebPage\",\"@id\":\"https:\/\/9dots.com\/th\/supply-chain-management\/\",\"url\":\"https:\/\/9dots.com\/th\/supply-chain-management\/\",\"name\":\"Supply Chain Management - 9 Dots Consulting\",\"isPartOf\":{\"@id\":\"https:\/\/9dots.com\/#website\"},\"primaryImageOfPage\":{\"@id\":\"https:\/\/9dots.com\/th\/supply-chain-management\/#primaryimage\"},\"image\":{\"@id\":\"https:\/\/9dots.com\/th\/supply-chain-management\/#primaryimage\"},\"thumbnailUrl\":\"https:\/\/9dots.com\/wp-content\/uploads\/2024\/11\/supply.jpg\",\"datePublished\":\"2024-11-14T10:24:19+00:00\",\"dateModified\":\"2025-01-07T08:34:08+00:00\",\"breadcrumb\":{\"@id\":\"https:\/\/9dots.com\/th\/supply-chain-management\/#breadcrumb\"},\"inLanguage\":\"vi\",\"potentialAction\":[{\"@type\":\"ReadAction\",\"target\":[\"https:\/\/9dots.com\/th\/supply-chain-management\/\"]}]},{\"@type\":\"ImageObject\",\"inLanguage\":\"vi\",\"@id\":\"https:\/\/9dots.com\/th\/supply-chain-management\/#primaryimage\",\"url\":\"https:\/\/9dots.com\/wp-content\/uploads\/2024\/11\/supply.jpg\",\"contentUrl\":\"https:\/\/9dots.com\/wp-content\/uploads\/2024\/11\/supply.jpg\"},{\"@type\":\"BreadcrumbList\",\"@id\":\"https:\/\/9dots.com\/th\/supply-chain-management\/#breadcrumb\",\"itemListElement\":[{\"@type\":\"ListItem\",\"position\":1,\"name\":\"Home\",\"item\":\"https:\/\/9dots.com\/\"},{\"@type\":\"ListItem\",\"position\":2,\"name\":\"Supply Chain Management\"}]},{\"@type\":\"WebSite\",\"@id\":\"https:\/\/9dots.com\/#website\",\"url\":\"https:\/\/9dots.com\/\",\"name\":\"9 Dots Consulting\",\"description\":\"\",\"potentialAction\":[{\"@type\":\"SearchAction\",\"target\":{\"@type\":\"EntryPoint\",\"urlTemplate\":\"https:\/\/9dots.com\/?s={search_term_string}\"},\"query-input\":{\"@type\":\"PropertyValueSpecification\",\"valueRequired\":true,\"valueName\":\"search_term_string\"}}],\"inLanguage\":\"vi\"}]}<\/script>\n<!-- \/ Yoast SEO Premium plugin. -->","yoast_head_json":{"title":"Supply Chain Management - 9 Dots Consulting","robots":{"index":"index","follow":"follow","max-snippet":"max-snippet:-1","max-image-preview":"max-image-preview:large","max-video-preview":"max-video-preview:-1"},"canonical":"https:\/\/9dots.com\/vi\/supply-chain-management\/","og_locale":"vi_VN","og_type":"article","og_title":"Supply Chain Management","og_description":"Microsoft 365 Supply Chain Management Unlock Supply Chain Resilience with Microsoft Dynamics 365 Supply Chain Management In today\u2019s rapidly evolving business environment, resilient supply chains are critical for maintaining operations and supporting growth. Microsoft Dynamics 365 Supply Chain Management empowers organizations to gain end &#8211; to &#8211; end visibility and intelligence across their supply chains, [&hellip;]","og_url":"https:\/\/9dots.com\/vi\/supply-chain-management\/","og_site_name":"9 Dots Consulting","article_modified_time":"2025-01-07T08:34:08+00:00","og_image":[{"url":"https:\/\/9dots.com\/wp-content\/uploads\/2024\/11\/supply.jpg","type":"","width":"","height":""}],"twitter_card":"summary_large_image","twitter_misc":{"\u01af\u1edbc t\u00ednh th\u1eddi gian \u0111\u1ecdc":"2 ph\u00fat"},"schema":{"@context":"https:\/\/schema.org","@graph":[{"@type":"WebPage","@id":"https:\/\/9dots.com\/th\/supply-chain-management\/","url":"https:\/\/9dots.com\/th\/supply-chain-management\/","name":"Supply Chain Management - 9 Dots Consulting","isPartOf":{"@id":"https:\/\/9dots.com\/#website"},"primaryImageOfPage":{"@id":"https:\/\/9dots.com\/th\/supply-chain-management\/#primaryimage"},"image":{"@id":"https:\/\/9dots.com\/th\/supply-chain-management\/#primaryimage"},"thumbnailUrl":"https:\/\/9dots.com\/wp-content\/uploads\/2024\/11\/supply.jpg","datePublished":"2024-11-14T10:24:19+00:00","dateModified":"2025-01-07T08:34:08+00:00","breadcrumb":{"@id":"https:\/\/9dots.com\/th\/supply-chain-management\/#breadcrumb"},"inLanguage":"vi","potentialAction":[{"@type":"ReadAction","target":["https:\/\/9dots.com\/th\/supply-chain-management\/"]}]},{"@type":"ImageObject","inLanguage":"vi","@id":"https:\/\/9dots.com\/th\/supply-chain-management\/#primaryimage","url":"https:\/\/9dots.com\/wp-content\/uploads\/2024\/11\/supply.jpg","contentUrl":"https:\/\/9dots.com\/wp-content\/uploads\/2024\/11\/supply.jpg"},{"@type":"BreadcrumbList","@id":"https:\/\/9dots.com\/th\/supply-chain-management\/#breadcrumb","itemListElement":[{"@type":"ListItem","position":1,"name":"Home","item":"https:\/\/9dots.com\/"},{"@type":"ListItem","position":2,"name":"Supply Chain Management"}]},{"@type":"WebSite","@id":"https:\/\/9dots.com\/#website","url":"https:\/\/9dots.com\/","name":"9 Dots Consulting","description":"","potentialAction":[{"@type":"SearchAction","target":{"@type":"EntryPoint","urlTemplate":"https:\/\/9dots.com\/?s={search_term_string}"},"query-input":{"@type":"PropertyValueSpecification","valueRequired":true,"valueName":"search_term_string"}}],"inLanguage":"vi"}]}},"_links":{"self":[{"href":"https:\/\/9dots.com\/vi\/wp-json\/wp\/v2\/pages\/3251","targetHints":{"allow":["GET"]}}],"collection":[{"href":"https:\/\/9dots.com\/vi\/wp-json\/wp\/v2\/pages"}],"about":[{"href":"https:\/\/9dots.com\/vi\/wp-json\/wp\/v2\/types\/page"}],"author":[{"embeddable":true,"href":"https:\/\/9dots.com\/vi\/wp-json\/wp\/v2\/users\/1"}],"replies":[{"embeddable":true,"href":"https:\/\/9dots.com\/vi\/wp-json\/wp\/v2\/comments?post=3251"}],"version-history":[{"count":28,"href":"https:\/\/9dots.com\/vi\/wp-json\/wp\/v2\/pages\/3251\/revisions"}],"predecessor-version":[{"id":4367,"href":"https:\/\/9dots.com\/vi\/wp-json\/wp\/v2\/pages\/3251\/revisions\/4367"}],"wp:attachment":[{"href":"https:\/\/9dots.com\/vi\/wp-json\/wp\/v2\/media?parent=3251"}],"curies":[{"name":"wp","href":"https:\/\/api.w.org\/{rel}","templated":true}]}}