{"id":3258,"date":"2024-11-14T10:37:55","date_gmt":"2024-11-14T10:37:55","guid":{"rendered":"https:\/\/10dumbs.com\/9dots\/?page_id=3258"},"modified":"2025-01-07T08:35:40","modified_gmt":"2025-01-07T08:35:40","slug":"customer-chain-management","status":"publish","type":"page","link":"https:\/\/9dots.com\/vi\/customer-chain-management\/","title":{"rendered":"Qu\u1ea3n l\u00fd chu\u1ed7i kh\u00e1ch h\u00e0ng"},"content":{"rendered":"<div data-elementor-type=\"wp-page\" data-elementor-id=\"3258\" class=\"elementor elementor-3258\">\n\t\t\t\t<div class=\"elementor-element elementor-element-1ed60cac e-flex e-con-boxed e-con e-parent\" data-id=\"1ed60cac\" data-element_type=\"container\">\n\t\t\t\t\t<div class=\"e-con-inner\">\n\t\t<div class=\"elementor-element elementor-element-67938c78 e-con-full e-flex e-con e-child\" data-id=\"67938c78\" data-element_type=\"container\">\n\t\t\t\t<div class=\"elementor-element elementor-element-575f1c21 elementor-widget elementor-widget-tg-heading\" data-id=\"575f1c21\" data-element_type=\"widget\" data-widget_type=\"tg-heading.default\">\n\t\t\t\t<div class=\"elementor-widget-container\">\n\t\t\t\t\t\n        <div class=\"section-title tg-heading-subheading animation-style3\">\n                            <span class=\"sub-title\">Qu\u1ea3n l\u00fd chu\u1ed7i kh\u00e1ch h\u00e0ng Microsoft 365<\/span>\n                        <h2 class=\"title tg-element-title\">T\u1ed1i \u01b0u h\u00f3a ho\u1ea1t \u0111\u1ed9ng kinh doanh v\u1edbi Microsoft Dynamics 365 Chain Management<\/h2>        <\/div>\n\n\t\t\t\t<\/div>\n\t\t\t\t<\/div>\n\t\t\t\t<div class=\"elementor-element elementor-element-12ed77e4 elementor-widget elementor-widget-heading\" data-id=\"12ed77e4\" data-element_type=\"widget\" data-widget_type=\"heading.default\">\n\t\t\t\t<div class=\"elementor-widget-container\">\n\t\t\t\t\t<p class=\"elementor-heading-title elementor-size-default\">H\u1ee3p l\u00fd h\u00f3a s\u1ef1 t\u01b0\u01a1ng t\u00e1c c\u1ee7a kh\u00e1ch h\u00e0ng v\u00e0 t\u0103ng hi\u1ec7u qu\u1ea3 ho\u1ea1t \u0111\u1ed9ng v\u1edbi Microsoft Dynamics 365 Customer Chain Management. \u0110\u01b0\u1ee3c x\u00e2y d\u1ef1ng \u0111\u1ec3 th\u1ed1ng nh\u1ea5t d\u1eef li\u1ec7u v\u00e0 quy tr\u00ecnh, Dynamics 365 cung c\u1ea5p ch\u1ebf \u0111\u1ed9 xem kh\u00e1ch h\u00e0ng 360 \u0111\u1ed9, th\u00f4ng tin chi ti\u1ebft d\u1ef1 \u0111o\u00e1n v\u00e0 kh\u1ea3 n\u0103ng \u0111a k\u00eanh. T\u1ed1i \u01b0u h\u00f3a b\u00e1n h\u00e0ng v\u00e0 d\u1ecbch v\u1ee5 v\u1edbi t\u1ef1 \u0111\u1ed9ng h\u00f3a do AI \u0111i\u1ec1u khi\u1ec3n, n\u00e2ng cao h\u00e0nh tr\u00ecnh c\u1ee7a kh\u00e1ch h\u00e0ng v\u00e0 \u0111\u01b0a ra quy\u1ebft \u0111\u1ecbnh d\u1ef1a tr\u00ean d\u1eef li\u1ec7u \u0111\u1ec3 c\u00f3 k\u1ebft qu\u1ea3 t\u1ed1t h\u01a1n.<\/p>\t\t\t\t<\/div>\n\t\t\t\t<\/div>\n\t\t\t\t<\/div>\n\t\t<div class=\"elementor-element elementor-element-677f6d5e e-con-full e-flex e-con e-child\" data-id=\"677f6d5e\" data-element_type=\"container\">\n\t\t\t\t<div class=\"elementor-element elementor-element-325d17d elementor-widget elementor-widget-genix-image\" data-id=\"325d17d\" data-element_type=\"widget\" data-widget_type=\"genix-image.default\">\n\t\t\t\t<div class=\"elementor-widget-container\">\n\t\t\t\t\t\n        \n            <div class=\"choose__area-six\">\n                <div class=\"choose__img-wrap-five\">\n                                            <img decoding=\"async\" src=\"https:\/\/9dots.com\/wp-content\/uploads\/2024\/11\/BI-9a-smart-insights.jpg\" alt=\"\">\n                                                                                                                    <\/div>\n            <\/div>\n\n        \n\t\t\t\t<\/div>\n\t\t\t\t<\/div>\n\t\t\t\t<\/div>\n\t\t\t\t\t<\/div>\n\t\t\t\t<\/div>\n\t\t<div class=\"elementor-element elementor-element-304bb5b e-flex e-con-boxed e-con e-parent\" data-id=\"304bb5b\" data-element_type=\"container\" data-settings=\"{&quot;background_background&quot;:&quot;classic&quot;}\">\n\t\t\t\t\t<div class=\"e-con-inner\">\n\t\t<div class=\"elementor-element elementor-element-38eaba7f e-con-full e-flex e-con e-child\" data-id=\"38eaba7f\" data-element_type=\"container\">\n\t\t<div class=\"elementor-element elementor-element-7de0047d e-con-full e-flex e-con e-child\" data-id=\"7de0047d\" data-element_type=\"container\">\n\t\t\t\t<div class=\"elementor-element elementor-element-331d8b62 elementor-widget__width-initial elementor-widget elementor-widget-image\" data-id=\"331d8b62\" data-element_type=\"widget\" data-widget_type=\"image.default\">\n\t\t\t\t<div class=\"elementor-widget-container\">\n\t\t\t\t\t\t\t\t\t\t\t\t\t\t\t<img fetchpriority=\"high\" decoding=\"async\" width=\"416\" height=\"426\" src=\"https:\/\/9dots.com\/wp-content\/uploads\/2024\/03\/new_about.webp\" class=\"attachment-full size-full wp-image-2701\" alt=\"\" srcset=\"https:\/\/9dots.com\/wp-content\/uploads\/2024\/03\/new_about.webp 416w, https:\/\/9dots.com\/wp-content\/uploads\/2024\/03\/new_about-293x300.webp 293w\" sizes=\"(max-width: 416px) 100vw, 416px\" \/>\t\t\t\t\t\t\t\t\t\t\t\t\t\t\t<\/div>\n\t\t\t\t<\/div>\n\t\t\t\t<div class=\"elementor-element elementor-element-4aaec894 elementor-widget elementor-widget-tg-btn\" data-id=\"4aaec894\" data-element_type=\"widget\" data-widget_type=\"tg-btn.default\">\n\t\t\t\t<div class=\"elementor-widget-container\">\n\t\t\t\t\t\n\n        \n                            <a href=\"https:\/\/9dots.com\/vi\/contact-us\/\" target=\"_self\" rel=\"nofollow\" class=\"btn\">\n                    Y\u00eau c\u1ea7u ngay                <\/a>\n            \n        \n\t\t\t\t<\/div>\n\t\t\t\t<\/div>\n\t\t\t\t<\/div>\n\t\t<div class=\"elementor-element elementor-element-18e6b424 e-con-full e-flex e-con e-child\" data-id=\"18e6b424\" data-element_type=\"container\">\n\t\t\t\t<div class=\"elementor-element elementor-element-6fd8d9cb elementor-widget elementor-widget-heading\" data-id=\"6fd8d9cb\" data-element_type=\"widget\" data-widget_type=\"heading.default\">\n\t\t\t\t<div class=\"elementor-widget-container\">\n\t\t\t\t\t<h2 class=\"elementor-heading-title elementor-size-default\">C\u00e1c t\u00ednh n\u0103ng ch\u00ednh: Th\u00f4ng tin chi ti\u1ebft v\u1ec1 kh\u00e1ch h\u00e0ng:<\/h2>\t\t\t\t<\/div>\n\t\t\t\t<\/div>\n\t\t\t\t<div class=\"elementor-element elementor-element-5ba50ce2 elementor-widget elementor-widget-iconlist\" data-id=\"5ba50ce2\" data-element_type=\"widget\" data-widget_type=\"iconlist.default\">\n\t\t\t\t<div class=\"elementor-widget-container\">\n\t\t\t\t\t\n        \n            <div class=\"about__list-box\">\n                <ul class=\"list-wrap\">\n                                            <li>\n                                                            <i aria-hidden=\"true\" class=\"flaticon-arrow-button\"><\/i>                                                        Customer Insight: G\u00f3c nh\u00ecn 360 \u0111\u1ed9 v\u1ec1 kh\u00e1ch h\u00e0ng \u0111\u1ec3 t\u01b0\u01a1ng t\u00e1c c\u00e1 nh\u00e2n h\u00f3a                        <\/li>\n                                            <li>\n                                                            <i aria-hidden=\"true\" class=\"flaticon-arrow-button\"><\/i>                                                        T\u1ed1i \u01b0u h\u00f3a b\u00e1n h\u00e0ng: T\u1ef1 \u0111\u1ed9ng h\u00f3a d\u1ef1a tr\u00ean AI \u0111\u1ec3 qu\u1ea3n l\u00fd kh\u00e1ch h\u00e0ng ti\u1ec1m n\u0103ng hi\u1ec7u qu\u1ea3                        <\/li>\n                                            <li>\n                                                            <i aria-hidden=\"true\" class=\"flaticon-arrow-button\"><\/i>                                                        D\u1ecbch v\u1ee5 kh\u00e1ch h\u00e0ng: H\u1ed7 tr\u1ee3 ch\u1ee7 \u0111\u1ed9ng, \u0111a k\u00eanh \u0111\u1ec3 n\u00e2ng cao s\u1ef1 h\u00e0i l\u00f2ng                        <\/li>\n                                            <li>\n                                                            <i aria-hidden=\"true\" class=\"flaticon-arrow-button\"><\/i>                                                        Kh\u1ea3 n\u0103ng AI: Chatbot v\u00e0 t\u00e1c nh\u00e2n \u1ea3o h\u1ed7 tr\u1ee3 kh\u00e1ch h\u00e0ng theo th\u1eddi gian th\u1ef1c.                        <\/li>\n                                    <\/ul>\n            <\/div>\n\n        \n\n\t\t\t\t<\/div>\n\t\t\t\t<\/div>\n\t\t\t\t<\/div>\n\t\t\t\t<\/div>\n\t\t\t\t\t<\/div>\n\t\t\t\t<\/div>\n\t\t<div class=\"elementor-element elementor-element-fb35f6b e-flex e-con-boxed e-con e-parent\" data-id=\"fb35f6b\" data-element_type=\"container\" data-settings=\"{&quot;background_background&quot;:&quot;classic&quot;}\">\n\t\t\t\t\t<div class=\"e-con-inner\">\n\t\t<div class=\"elementor-element elementor-element-39ef471 e-con-full e-flex e-con e-child\" data-id=\"39ef471\" data-element_type=\"container\">\n\t\t\t\t<div class=\"elementor-element elementor-element-8079428 elementor-widget__width-initial elementor-widget elementor-widget-tg-heading\" data-id=\"8079428\" data-element_type=\"widget\" data-widget_type=\"tg-heading.default\">\n\t\t\t\t<div class=\"elementor-widget-container\">\n\t\t\t\t\t\n        <div class=\"section-title tg-heading-subheading animation-style3\">\n                            <span class=\"sub-title\">Chuy\u1ec3n \u0111\u1ed5i Qu\u1ea3n l\u00fd Chu\u1ed7i Kh\u00e1ch h\u00e0ng c\u1ee7a B\u1ea1n ngay h\u00f4m nay<\/span>\n                        <h2 class=\"title tg-element-title\">N\u00e2ng cao doanh nghi\u1ec7p c\u1ee7a b\u1ea1n v\u1edbi h\u00e0nh tr\u00ecnh kh\u00e1ch h\u00e0ng th\u00f4ng minh, th\u00fac \u0111\u1ea9y l\u00f2ng trung th\u00e0nh v\u00e0 hi\u1ec7u qu\u1ea3<\/h2>        <\/div>\n\n\t\t\t\t<\/div>\n\t\t\t\t<\/div>\n\t\t\t\t<\/div>\n\t\t\t\t<div class=\"elementor-element elementor-element-0653d9f elementor-widget__width-auto elementor-absolute elementor-invisible elementor-widget elementor-widget-image\" data-id=\"0653d9f\" data-element_type=\"widget\" data-settings=\"{&quot;_position&quot;:&quot;absolute&quot;,&quot;_animation&quot;:&quot;fadeInRight&quot;,&quot;_animation_delay&quot;:0.299999999999999988897769753748434595763683319091796875}\" data-widget_type=\"image.default\">\n\t\t\t\t<div class=\"elementor-widget-container\">\n\t\t\t\t\t\t\t\t\t\t\t\t\t\t\t<img decoding=\"async\" width=\"350\" height=\"309\" src=\"https:\/\/9dots.com\/wp-content\/uploads\/2023\/11\/h2_services_shape02.png\" class=\"attachment-full size-full wp-image-1101\" alt=\"\" srcset=\"https:\/\/9dots.com\/wp-content\/uploads\/2023\/11\/h2_services_shape02.png 350w, https:\/\/9dots.com\/wp-content\/uploads\/2023\/11\/h2_services_shape02-300x265.png 300w\" sizes=\"(max-width: 350px) 100vw, 350px\" \/>\t\t\t\t\t\t\t\t\t\t\t\t\t\t\t<\/div>\n\t\t\t\t<\/div>\n\t\t\t\t<div class=\"elementor-element elementor-element-b661cb9 elementor-widget__width-auto elementor-absolute elementor-invisible elementor-widget elementor-widget-image\" data-id=\"b661cb9\" data-element_type=\"widget\" data-settings=\"{&quot;_position&quot;:&quot;absolute&quot;,&quot;_animation&quot;:&quot;fadeInLeft&quot;,&quot;_animation_delay&quot;:0.299999999999999988897769753748434595763683319091796875}\" data-widget_type=\"image.default\">\n\t\t\t\t<div class=\"elementor-widget-container\">\n\t\t\t\t\t\t\t\t\t\t\t\t\t\t\t<img decoding=\"async\" width=\"336\" height=\"307\" src=\"https:\/\/9dots.com\/wp-content\/uploads\/2023\/11\/h2_services_shape01.png\" class=\"attachment-full size-full wp-image-1100\" alt=\"\" srcset=\"https:\/\/9dots.com\/wp-content\/uploads\/2023\/11\/h2_services_shape01.png 336w, https:\/\/9dots.com\/wp-content\/uploads\/2023\/11\/h2_services_shape01-300x274.png 300w\" sizes=\"(max-width: 336px) 100vw, 336px\" \/>\t\t\t\t\t\t\t\t\t\t\t\t\t\t\t<\/div>\n\t\t\t\t<\/div>\n\t\t\t\t\t<\/div>\n\t\t\t\t<\/div>\n\t\t\t\t<\/div>","protected":false},"excerpt":{"rendered":"<p>Microsoft 365 Customer Chain Management Tinh gi\u1ea3n ho\u1ea1t \u0111\u1ed9ng kinh doanh v\u1edbi Microsoft Dynamics 365 Chain Management Tinh gi\u1ea3n s\u1ef1 t\u01b0\u01a1ng t\u00e1c c\u1ee7a kh\u00e1ch h\u00e0ng v\u00e0 t\u0103ng hi\u1ec7u qu\u1ea3 ho\u1ea1t \u0111\u1ed9ng v\u1edbi Microsoft Dynamics 365 Customer Chain Management. \u0110\u01b0\u1ee3c x\u00e2y d\u1ef1ng \u0111\u1ec3 th\u1ed1ng nh\u1ea5t d\u1eef li\u1ec7u v\u00e0 quy tr\u00ecnh, Dynamics 365 cung c\u1ea5p g\u00f3c nh\u00ecn kh\u00e1ch h\u00e0ng 360 \u0111\u1ed9, th\u00f4ng tin chi ti\u1ebft d\u1ef1 \u0111o\u00e1n v\u00e0 kh\u1ea3 n\u0103ng \u0111a k\u00eanh. T\u1ed1i \u01b0u h\u00f3a doanh s\u1ed1 v\u00e0 d\u1ecbch v\u1ee5 v\u1edbi AI \u2013 th\u00fac \u0111\u1ea9y [\u2026]<\/p>","protected":false},"author":1,"featured_media":0,"parent":0,"menu_order":0,"comment_status":"closed","ping_status":"closed","template":"elementor_header_footer","meta":{"_acf_changed":false,"inline_featured_image":false,"footnotes":""},"class_list":["post-3258","page","type-page","status-publish","hentry"],"acf":[],"yoast_head":"<!-- This site is optimized with the Yoast SEO Premium plugin v26.6 (Yoast SEO v26.6) - https:\/\/yoast.com\/wordpress\/plugins\/seo\/ -->\n<title>Customer Chain Management - 9 Dots Consulting<\/title>\n<meta name=\"robots\" content=\"index, follow, max-snippet:-1, max-image-preview:large, max-video-preview:-1\" \/>\n<link rel=\"canonical\" href=\"https:\/\/9dots.com\/vi\/customer-chain-management\/\" \/>\n<meta property=\"og:locale\" content=\"vi_VN\" \/>\n<meta property=\"og:type\" content=\"article\" \/>\n<meta property=\"og:title\" content=\"Customer Chain Management\" \/>\n<meta property=\"og:description\" content=\"Microsoft 365 Customer Chain Management Streamline Business with Microsoft Dynamics 365 Chain Management Streamline customer engagement and boost operational efficiency with Microsoft Dynamics 365 Customer Chain Management. Built to unify data and processes, Dynamics 365 provides a 360 &#8211; degree customer view, predictive insights, and omnichannel capabilities. Optimize sales and service with AI &#8211; driven [&hellip;]\" \/>\n<meta property=\"og:url\" content=\"https:\/\/9dots.com\/vi\/customer-chain-management\/\" \/>\n<meta property=\"og:site_name\" content=\"9 Dots Consulting\" \/>\n<meta property=\"article:modified_time\" content=\"2025-01-07T08:35:40+00:00\" \/>\n<meta property=\"og:image\" content=\"https:\/\/9dots.com\/wp-content\/uploads\/2024\/11\/BI-9a-smart-insights.jpg\" \/>\n<meta name=\"twitter:card\" content=\"summary_large_image\" \/>\n<meta name=\"twitter:label1\" content=\"\u01af\u1edbc t\u00ednh th\u1eddi gian \u0111\u1ecdc\" \/>\n\t<meta name=\"twitter:data1\" content=\"1 ph\u00fat\" \/>\n<script type=\"application\/ld+json\" class=\"yoast-schema-graph\">{\"@context\":\"https:\/\/schema.org\",\"@graph\":[{\"@type\":\"WebPage\",\"@id\":\"https:\/\/9dots.com\/customer-chain-management\/\",\"url\":\"https:\/\/9dots.com\/customer-chain-management\/\",\"name\":\"Customer Chain Management - 9 Dots Consulting\",\"isPartOf\":{\"@id\":\"https:\/\/9dots.com\/#website\"},\"primaryImageOfPage\":{\"@id\":\"https:\/\/9dots.com\/customer-chain-management\/#primaryimage\"},\"image\":{\"@id\":\"https:\/\/9dots.com\/customer-chain-management\/#primaryimage\"},\"thumbnailUrl\":\"https:\/\/9dots.com\/wp-content\/uploads\/2024\/11\/BI-9a-smart-insights.jpg\",\"datePublished\":\"2024-11-14T10:37:55+00:00\",\"dateModified\":\"2025-01-07T08:35:40+00:00\",\"breadcrumb\":{\"@id\":\"https:\/\/9dots.com\/customer-chain-management\/#breadcrumb\"},\"inLanguage\":\"vi\",\"potentialAction\":[{\"@type\":\"ReadAction\",\"target\":[\"https:\/\/9dots.com\/customer-chain-management\/\"]}]},{\"@type\":\"ImageObject\",\"inLanguage\":\"vi\",\"@id\":\"https:\/\/9dots.com\/customer-chain-management\/#primaryimage\",\"url\":\"https:\/\/9dots.com\/wp-content\/uploads\/2024\/11\/BI-9a-smart-insights.jpg\",\"contentUrl\":\"https:\/\/9dots.com\/wp-content\/uploads\/2024\/11\/BI-9a-smart-insights.jpg\"},{\"@type\":\"BreadcrumbList\",\"@id\":\"https:\/\/9dots.com\/customer-chain-management\/#breadcrumb\",\"itemListElement\":[{\"@type\":\"ListItem\",\"position\":1,\"name\":\"Home\",\"item\":\"https:\/\/9dots.com\/\"},{\"@type\":\"ListItem\",\"position\":2,\"name\":\"Customer Chain Management\"}]},{\"@type\":\"WebSite\",\"@id\":\"https:\/\/9dots.com\/#website\",\"url\":\"https:\/\/9dots.com\/\",\"name\":\"9 Dots Consulting\",\"description\":\"\",\"potentialAction\":[{\"@type\":\"SearchAction\",\"target\":{\"@type\":\"EntryPoint\",\"urlTemplate\":\"https:\/\/9dots.com\/?s={search_term_string}\"},\"query-input\":{\"@type\":\"PropertyValueSpecification\",\"valueRequired\":true,\"valueName\":\"search_term_string\"}}],\"inLanguage\":\"vi\"}]}<\/script>\n<!-- \/ Yoast SEO Premium plugin. -->","yoast_head_json":{"title":"Customer Chain Management - 9 Dots Consulting","robots":{"index":"index","follow":"follow","max-snippet":"max-snippet:-1","max-image-preview":"max-image-preview:large","max-video-preview":"max-video-preview:-1"},"canonical":"https:\/\/9dots.com\/vi\/customer-chain-management\/","og_locale":"vi_VN","og_type":"article","og_title":"Customer Chain Management","og_description":"Microsoft 365 Customer Chain Management Streamline Business with Microsoft Dynamics 365 Chain Management Streamline customer engagement and boost operational efficiency with Microsoft Dynamics 365 Customer Chain Management. Built to unify data and processes, Dynamics 365 provides a 360 &#8211; degree customer view, predictive insights, and omnichannel capabilities. Optimize sales and service with AI &#8211; driven [&hellip;]","og_url":"https:\/\/9dots.com\/vi\/customer-chain-management\/","og_site_name":"9 Dots Consulting","article_modified_time":"2025-01-07T08:35:40+00:00","og_image":[{"url":"https:\/\/9dots.com\/wp-content\/uploads\/2024\/11\/BI-9a-smart-insights.jpg","type":"","width":"","height":""}],"twitter_card":"summary_large_image","twitter_misc":{"\u01af\u1edbc t\u00ednh th\u1eddi gian \u0111\u1ecdc":"1 ph\u00fat"},"schema":{"@context":"https:\/\/schema.org","@graph":[{"@type":"WebPage","@id":"https:\/\/9dots.com\/customer-chain-management\/","url":"https:\/\/9dots.com\/customer-chain-management\/","name":"Customer Chain Management - 9 Dots Consulting","isPartOf":{"@id":"https:\/\/9dots.com\/#website"},"primaryImageOfPage":{"@id":"https:\/\/9dots.com\/customer-chain-management\/#primaryimage"},"image":{"@id":"https:\/\/9dots.com\/customer-chain-management\/#primaryimage"},"thumbnailUrl":"https:\/\/9dots.com\/wp-content\/uploads\/2024\/11\/BI-9a-smart-insights.jpg","datePublished":"2024-11-14T10:37:55+00:00","dateModified":"2025-01-07T08:35:40+00:00","breadcrumb":{"@id":"https:\/\/9dots.com\/customer-chain-management\/#breadcrumb"},"inLanguage":"vi","potentialAction":[{"@type":"ReadAction","target":["https:\/\/9dots.com\/customer-chain-management\/"]}]},{"@type":"ImageObject","inLanguage":"vi","@id":"https:\/\/9dots.com\/customer-chain-management\/#primaryimage","url":"https:\/\/9dots.com\/wp-content\/uploads\/2024\/11\/BI-9a-smart-insights.jpg","contentUrl":"https:\/\/9dots.com\/wp-content\/uploads\/2024\/11\/BI-9a-smart-insights.jpg"},{"@type":"BreadcrumbList","@id":"https:\/\/9dots.com\/customer-chain-management\/#breadcrumb","itemListElement":[{"@type":"ListItem","position":1,"name":"Home","item":"https:\/\/9dots.com\/"},{"@type":"ListItem","position":2,"name":"Customer Chain Management"}]},{"@type":"WebSite","@id":"https:\/\/9dots.com\/#website","url":"https:\/\/9dots.com\/","name":"9 Dots Consulting","description":"","potentialAction":[{"@type":"SearchAction","target":{"@type":"EntryPoint","urlTemplate":"https:\/\/9dots.com\/?s={search_term_string}"},"query-input":{"@type":"PropertyValueSpecification","valueRequired":true,"valueName":"search_term_string"}}],"inLanguage":"vi"}]}},"_links":{"self":[{"href":"https:\/\/9dots.com\/vi\/wp-json\/wp\/v2\/pages\/3258","targetHints":{"allow":["GET"]}}],"collection":[{"href":"https:\/\/9dots.com\/vi\/wp-json\/wp\/v2\/pages"}],"about":[{"href":"https:\/\/9dots.com\/vi\/wp-json\/wp\/v2\/types\/page"}],"author":[{"embeddable":true,"href":"https:\/\/9dots.com\/vi\/wp-json\/wp\/v2\/users\/1"}],"replies":[{"embeddable":true,"href":"https:\/\/9dots.com\/vi\/wp-json\/wp\/v2\/comments?post=3258"}],"version-history":[{"count":37,"href":"https:\/\/9dots.com\/vi\/wp-json\/wp\/v2\/pages\/3258\/revisions"}],"predecessor-version":[{"id":4370,"href":"https:\/\/9dots.com\/vi\/wp-json\/wp\/v2\/pages\/3258\/revisions\/4370"}],"wp:attachment":[{"href":"https:\/\/9dots.com\/vi\/wp-json\/wp\/v2\/media?parent=3258"}],"curies":[{"name":"wp","href":"https:\/\/api.w.org\/{rel}","templated":true}]}}