{"id":3271,"date":"2024-11-14T10:53:23","date_gmt":"2024-11-14T10:53:23","guid":{"rendered":"https:\/\/10dumbs.com\/9dots\/?page_id=3271"},"modified":"2024-12-10T07:22:15","modified_gmt":"2024-12-10T07:22:15","slug":"business-central","status":"publish","type":"page","link":"https:\/\/9dots.com\/vi\/business-central\/","title":{"rendered":"Trung t\u00e2m kinh doanh"},"content":{"rendered":"<div data-elementor-type=\"wp-page\" data-elementor-id=\"3271\" class=\"elementor elementor-3271\">\n\t\t\t\t<div class=\"elementor-element elementor-element-1ed60cac e-flex e-con-boxed e-con e-parent\" data-id=\"1ed60cac\" data-element_type=\"container\">\n\t\t\t\t\t<div class=\"e-con-inner\">\n\t\t<div class=\"elementor-element elementor-element-67938c78 e-con-full e-flex e-con e-child\" data-id=\"67938c78\" data-element_type=\"container\">\n\t\t\t\t<div class=\"elementor-element elementor-element-575f1c21 elementor-widget elementor-widget-tg-heading\" data-id=\"575f1c21\" data-element_type=\"widget\" data-widget_type=\"tg-heading.default\">\n\t\t\t\t<div class=\"elementor-widget-container\">\n\t\t\t\t\t\n        <div class=\"section-title tg-heading-subheading animation-style3\">\n                            <span class=\"sub-title\">Trung t\u00e2m kinh doanh Microsoft 365<\/span>\n                        <h2 class=\"title tg-element-title\">T\u1ed1i \u01b0u h\u00f3a ho\u1ea1t \u0111\u1ed9ng kinh doanh v\u1edbi Microsoft Dynamics 365 Business Central<\/h2>        <\/div>\n\n\t\t\t\t<\/div>\n\t\t\t\t<\/div>\n\t\t\t\t<div class=\"elementor-element elementor-element-12ed77e4 elementor-widget elementor-widget-heading\" data-id=\"12ed77e4\" data-element_type=\"widget\" data-widget_type=\"heading.default\">\n\t\t\t\t<div class=\"elementor-widget-container\">\n\t\t\t\t\t<p class=\"elementor-heading-title elementor-size-default\">Microsoft Dynamics 365 Business Central l\u00e0 gi\u1ea3i ph\u00e1p qu\u1ea3n l\u00fd doanh nghi\u1ec7p to\u00e0n di\u1ec7n d\u00e0nh cho c\u00e1c c\u00f4ng ty v\u1eeba v\u00e0 nh\u1ecf. \u0110\u01b0\u1ee3c Forbes Advisor c\u00f4ng nh\u1eadn l\u00e0 m\u1ed9t trong nh\u1eefng h\u1ec7 th\u1ed1ng ERP h\u00e0ng \u0111\u1ea7u n\u0103m 2024, Business Central gi\u00fap b\u1ea1n k\u1ebft n\u1ed1i t\u00e0i ch\u00ednh, b\u00e1n h\u00e0ng, d\u1ecbch v\u1ee5 v\u00e0 ho\u1ea1t \u0111\u1ed9ng \u0111\u1ec3 h\u1ee3p l\u00fd h\u00f3a quy tr\u00ecnh kinh doanh, c\u1ea3i thi\u1ec7n t\u01b0\u01a1ng t\u00e1c v\u1edbi kh\u00e1ch h\u00e0ng v\u00e0 \u0111\u01b0a ra quy\u1ebft \u0111\u1ecbnh t\u1ed1t h\u01a1n.<\/p>\t\t\t\t<\/div>\n\t\t\t\t<\/div>\n\t\t\t\t<\/div>\n\t\t<div class=\"elementor-element elementor-element-677f6d5e e-con-full e-flex e-con e-child\" data-id=\"677f6d5e\" data-element_type=\"container\">\n\t\t\t\t<div class=\"elementor-element elementor-element-325d17d elementor-widget elementor-widget-genix-image\" data-id=\"325d17d\" data-element_type=\"widget\" data-widget_type=\"genix-image.default\">\n\t\t\t\t<div class=\"elementor-widget-container\">\n\t\t\t\t\t\n        \n            <div class=\"choose__area-six\">\n                <div class=\"choose__img-wrap-five\">\n                                            <img decoding=\"async\" src=\"https:\/\/9dots.com\/wp-content\/uploads\/2024\/11\/bcc.png\" alt=\"\">\n                                                                                                                    <\/div>\n            <\/div>\n\n        \n\t\t\t\t<\/div>\n\t\t\t\t<\/div>\n\t\t\t\t<\/div>\n\t\t\t\t\t<\/div>\n\t\t\t\t<\/div>\n\t\t<div class=\"elementor-element elementor-element-304bb5b e-flex e-con-boxed e-con e-parent\" data-id=\"304bb5b\" data-element_type=\"container\" data-settings=\"{&quot;background_background&quot;:&quot;classic&quot;}\">\n\t\t\t\t\t<div class=\"e-con-inner\">\n\t\t<div class=\"elementor-element elementor-element-38eaba7f e-con-full e-flex e-con e-child\" data-id=\"38eaba7f\" data-element_type=\"container\">\n\t\t<div class=\"elementor-element elementor-element-7de0047d e-con-full e-flex e-con e-child\" data-id=\"7de0047d\" data-element_type=\"container\">\n\t\t\t\t<div class=\"elementor-element elementor-element-331d8b62 elementor-widget__width-initial elementor-widget elementor-widget-image\" data-id=\"331d8b62\" data-element_type=\"widget\" data-widget_type=\"image.default\">\n\t\t\t\t<div class=\"elementor-widget-container\">\n\t\t\t\t\t\t\t\t\t\t\t\t\t\t\t<img fetchpriority=\"high\" decoding=\"async\" width=\"2560\" height=\"1708\" src=\"https:\/\/9dots.com\/wp-content\/uploads\/2024\/11\/pexels-fauxels-3183197-scaled-1.jpg\" class=\"attachment-full size-full wp-image-3667\" alt=\"\" srcset=\"https:\/\/9dots.com\/wp-content\/uploads\/2024\/11\/pexels-fauxels-3183197-scaled-1.jpg 2560w, https:\/\/9dots.com\/wp-content\/uploads\/2024\/11\/pexels-fauxels-3183197-scaled-1-300x200.jpg 300w, https:\/\/9dots.com\/wp-content\/uploads\/2024\/11\/pexels-fauxels-3183197-scaled-1-1024x683.jpg 1024w, https:\/\/9dots.com\/wp-content\/uploads\/2024\/11\/pexels-fauxels-3183197-scaled-1-768x512.jpg 768w, https:\/\/9dots.com\/wp-content\/uploads\/2024\/11\/pexels-fauxels-3183197-scaled-1-1536x1025.jpg 1536w, https:\/\/9dots.com\/wp-content\/uploads\/2024\/11\/pexels-fauxels-3183197-scaled-1-2048x1366.jpg 2048w\" sizes=\"(max-width: 2560px) 100vw, 2560px\" \/>\t\t\t\t\t\t\t\t\t\t\t\t\t\t\t<\/div>\n\t\t\t\t<\/div>\n\t\t\t\t<div class=\"elementor-element elementor-element-4aaec894 elementor-widget elementor-widget-tg-btn\" data-id=\"4aaec894\" data-element_type=\"widget\" data-widget_type=\"tg-btn.default\">\n\t\t\t\t<div class=\"elementor-widget-container\">\n\t\t\t\t\t\n\n        \n                            <a href=\"https:\/\/9dots.com\/vi\/contact-us\/\" target=\"_self\" rel=\"nofollow\" class=\"btn\">\n                    Y\u00eau c\u1ea7u ngay                <\/a>\n            \n        \n\t\t\t\t<\/div>\n\t\t\t\t<\/div>\n\t\t\t\t<\/div>\n\t\t<div class=\"elementor-element elementor-element-18e6b424 e-con-full e-flex e-con e-child\" data-id=\"18e6b424\" data-element_type=\"container\">\n\t\t\t\t<div class=\"elementor-element elementor-element-6fd8d9cb elementor-widget elementor-widget-heading\" data-id=\"6fd8d9cb\" data-element_type=\"widget\" data-widget_type=\"heading.default\">\n\t\t\t\t<div class=\"elementor-widget-container\">\n\t\t\t\t\t<h2 class=\"elementor-heading-title elementor-size-default\">L\u1ee3i \u00edch ch\u00ednh<\/h2>\t\t\t\t<\/div>\n\t\t\t\t<\/div>\n\t\t\t\t<div class=\"elementor-element elementor-element-5ba50ce2 elementor-widget elementor-widget-iconlist\" data-id=\"5ba50ce2\" data-element_type=\"widget\" data-widget_type=\"iconlist.default\">\n\t\t\t\t<div class=\"elementor-widget-container\">\n\t\t\t\t\t\n        \n            <div class=\"about__list-box\">\n                <ul class=\"list-wrap\">\n                                            <li>\n                                                            <i aria-hidden=\"true\" class=\"flaticon-arrow-button\"><\/i>                                                        Qu\u1ea3n l\u00fd t\u00e0i ch\u00ednh c\u1ee7a b\u1ea1n: \u0110\u1ea9y nhanh qu\u00e1 tr\u00ecnh \u0111\u00f3ng t\u00e0i ch\u00ednh, c\u1ea3i thi\u1ec7n d\u1ef1 b\u00e1o v\u00e0 cung c\u1ea5p th\u00f4ng tin chi ti\u1ebft v\u1ec1 hi\u1ec7u su\u1ea5t theo th\u1eddi gian th\u1ef1c \u0111\u1ed3ng th\u1eddi \u0111\u1ea3m b\u1ea3o tu\u00e2n th\u1ee7.                        <\/li>\n                                            <li>\n                                                            <i aria-hidden=\"true\" class=\"flaticon-arrow-button\"><\/i>                                                        T\u1ef1 \u0111\u1ed9ng h\u00f3a v\u00e0 b\u1ea3o m\u1eadt chu\u1ed7i cung \u1ee9ng c\u1ee7a b\u1ea1n: T\u1ed1i \u01b0u h\u00f3a m\u1ee9c t\u1ed3n kho, tr\u00e1nh m\u1ea5t doanh s\u1ed1 v\u00e0 duy tr\u00ec m\u1ee9c t\u1ed3n kho ph\u00f9 h\u1ee3p b\u1eb1ng c\u00e1ch t\u1ef1 \u0111\u1ed9ng t\u00ednh to\u00e1n nhu c\u1ea7u mua h\u00e0ng v\u00e0 t\u1ed3n kho.                        <\/li>\n                                            <li>\n                                                            <i aria-hidden=\"true\" class=\"flaticon-arrow-button\"><\/i>                                                        T\u0103ng doanh s\u1ed1 v\u00e0 c\u1ea3i thi\u1ec7n d\u1ecbch v\u1ee5: \u01afu ti\u00ean kh\u00e1ch h\u00e0ng ti\u1ec1m n\u0103ng d\u1ef1a tr\u00ean ti\u1ec1m n\u0103ng doanh thu, theo d\u00f5i t\u01b0\u01a1ng t\u00e1c c\u1ee7a kh\u00e1ch h\u00e0ng v\u00e0 cung c\u1ea5p tr\u1ea3i nghi\u1ec7m d\u1ecbch v\u1ee5 li\u1ec1n m\u1ea1ch tr\u00ean m\u1ecdi k\u00eanh.                        <\/li>\n                                            <li>\n                                                            <i aria-hidden=\"true\" class=\"flaticon-arrow-button\"><\/i>                                                        \u0110i\u1ec1u h\u00e0nh doanh nghi\u1ec7p c\u1ee7a b\u1ea1n \u1edf m\u1ecdi n\u01a1i: Cho d\u00f9 tr\u00ean \u0111\u00e1m m\u00e2y hay t\u1ea1i c\u01a1 s\u1edf, Business Central gi\u00fap b\u1ea1n \u0111i\u1ec1u h\u00e0nh doanh nghi\u1ec7p \u1edf m\u1ecdi n\u01a1i v\u1edbi tr\u1ea3i nghi\u1ec7m ng\u01b0\u1eddi d\u00f9ng nh\u1ea5t qu\u00e1n v\u00e0 tr\u1ef1c quan tr\u00ean m\u1ecdi thi\u1ebft b\u1ecb.                        <\/li>\n                                            <li>\n                                                            <i aria-hidden=\"true\" class=\"flaticon-arrow-button\"><\/i>                                                        \u0110\u1ea9y nhanh th\u00e0nh c\u00f4ng c\u1ee7a d\u1ef1 \u00e1n: \u0110\u1ea3m b\u1ea3o d\u1ef1 \u00e1n \u0111\u00fang th\u1eddi h\u1ea1n v\u00e0 kh\u00f4ng v\u01b0\u1ee3t qu\u00e1 ng\u00e2n s\u00e1ch b\u1eb1ng c\u00e1c c\u00f4ng c\u1ee5 l\u1eadp k\u1ebf ho\u1ea1ch v\u00e0 theo d\u00f5i ti\u00ean ti\u1ebfn \u0111\u1ec3 qu\u1ea3n l\u00fd ngu\u1ed3n l\u1ef1c v\u00e0 chi ph\u00ed.                        <\/li>\n                                    <\/ul>\n            <\/div>\n\n        \n\n\t\t\t\t<\/div>\n\t\t\t\t<\/div>\n\t\t\t\t<\/div>\n\t\t\t\t<\/div>\n\t\t\t\t\t<\/div>\n\t\t\t\t<\/div>\n\t\t<div class=\"elementor-element elementor-element-fb35f6b e-flex e-con-boxed e-con e-parent\" data-id=\"fb35f6b\" data-element_type=\"container\" data-settings=\"{&quot;background_background&quot;:&quot;classic&quot;}\">\n\t\t\t\t\t<div class=\"e-con-inner\">\n\t\t<div class=\"elementor-element elementor-element-39ef471 e-con-full e-flex e-con e-child\" data-id=\"39ef471\" data-element_type=\"container\">\n\t\t\t\t<div class=\"elementor-element elementor-element-8079428 elementor-widget__width-initial elementor-widget elementor-widget-tg-heading\" data-id=\"8079428\" data-element_type=\"widget\" data-widget_type=\"tg-heading.default\">\n\t\t\t\t<div class=\"elementor-widget-container\">\n\t\t\t\t\t\n        <div class=\"section-title tg-heading-subheading animation-style3\">\n                            <span class=\"sub-title\">K\u1ebft n\u1ed1i, c\u00f3 kh\u1ea3 n\u0103ng m\u1edf r\u1ed9ng v\u00e0 th\u00f4ng minh ...<\/span>\n                        <h2 class=\"title tg-element-title\">Dynamics 365 Business Central t\u00edch h\u1ee3p li\u1ec1n m\u1ea1ch v\u1edbi c\u00e1c c\u00f4ng c\u1ee5 c\u1ee7a Microsoft nh\u01b0 Teams, Office 365 v\u00e0 Power BI, cho ph\u00e9p c\u1ed9ng t\u00e1c, hi\u1ec7u qu\u1ea3 v\u00e0 hi\u1ec3u bi\u1ebft s\u00e2u s\u1eafc h\u01a1n v\u1ec1 doanh nghi\u1ec7p. Khi doanh nghi\u1ec7p c\u1ee7a b\u1ea1n ph\u00e1t tri\u1ec3n, Business Central s\u1ebd m\u1edf r\u1ed9ng quy m\u00f4 c\u00f9ng b\u1ea1n, cung c\u1ea5p c\u00e1c m\u00f4-\u0111un v\u00e0 t\u00ednh n\u0103ng linh ho\u1ea1t ph\u00f9 h\u1ee3p v\u1edbi nhu c\u1ea7u ri\u00eang c\u1ee7a b\u1ea1n.<\/h2>        <\/div>\n\n\t\t\t\t<\/div>\n\t\t\t\t<\/div>\n\t\t\t\t<\/div>\n\t\t\t\t<div class=\"elementor-element elementor-element-0653d9f elementor-widget__width-auto elementor-absolute elementor-invisible elementor-widget elementor-widget-image\" data-id=\"0653d9f\" data-element_type=\"widget\" data-settings=\"{&quot;_position&quot;:&quot;absolute&quot;,&quot;_animation&quot;:&quot;fadeInRight&quot;,&quot;_animation_delay&quot;:0.299999999999999988897769753748434595763683319091796875}\" data-widget_type=\"image.default\">\n\t\t\t\t<div class=\"elementor-widget-container\">\n\t\t\t\t\t\t\t\t\t\t\t\t\t\t\t<img decoding=\"async\" width=\"350\" height=\"309\" src=\"https:\/\/9dots.com\/wp-content\/uploads\/2023\/11\/h2_services_shape02.png\" class=\"attachment-full size-full wp-image-1101\" alt=\"\" srcset=\"https:\/\/9dots.com\/wp-content\/uploads\/2023\/11\/h2_services_shape02.png 350w, https:\/\/9dots.com\/wp-content\/uploads\/2023\/11\/h2_services_shape02-300x265.png 300w\" sizes=\"(max-width: 350px) 100vw, 350px\" \/>\t\t\t\t\t\t\t\t\t\t\t\t\t\t\t<\/div>\n\t\t\t\t<\/div>\n\t\t\t\t<div class=\"elementor-element elementor-element-b661cb9 elementor-widget__width-auto elementor-absolute elementor-invisible elementor-widget elementor-widget-image\" data-id=\"b661cb9\" data-element_type=\"widget\" data-settings=\"{&quot;_position&quot;:&quot;absolute&quot;,&quot;_animation&quot;:&quot;fadeInLeft&quot;,&quot;_animation_delay&quot;:0.299999999999999988897769753748434595763683319091796875}\" data-widget_type=\"image.default\">\n\t\t\t\t<div class=\"elementor-widget-container\">\n\t\t\t\t\t\t\t\t\t\t\t\t\t\t\t<img decoding=\"async\" width=\"336\" height=\"307\" src=\"https:\/\/9dots.com\/wp-content\/uploads\/2023\/11\/h2_services_shape01.png\" class=\"attachment-full size-full wp-image-1100\" alt=\"\" srcset=\"https:\/\/9dots.com\/wp-content\/uploads\/2023\/11\/h2_services_shape01.png 336w, https:\/\/9dots.com\/wp-content\/uploads\/2023\/11\/h2_services_shape01-300x274.png 300w\" sizes=\"(max-width: 336px) 100vw, 336px\" \/>\t\t\t\t\t\t\t\t\t\t\t\t\t\t\t<\/div>\n\t\t\t\t<\/div>\n\t\t\t\t\t<\/div>\n\t\t\t\t<\/div>\n\t\t\t\t<\/div>","protected":false},"excerpt":{"rendered":"<p>Microsoft 365 Business Central Streamline Business with Microsoft Dynamics 365 Business Central Microsoft Dynamics 365 Business Central is a comprehensive business management solution for small and medium &#8211; sized companies. Recognized as one of the top ERP systems for 2024 by Forbes Advisor, Business Central helps you connect your financials, sales, service, and operations to [&hellip;]<\/p>","protected":false},"author":1,"featured_media":0,"parent":0,"menu_order":0,"comment_status":"closed","ping_status":"closed","template":"elementor_header_footer","meta":{"_acf_changed":false,"inline_featured_image":false,"footnotes":""},"class_list":["post-3271","page","type-page","status-publish","hentry"],"acf":[],"yoast_head":"<!-- This site is optimized with the Yoast SEO Premium plugin v26.6 (Yoast SEO v26.6) - https:\/\/yoast.com\/wordpress\/plugins\/seo\/ -->\n<title>Business Central - 9 Dots Consulting<\/title>\n<meta name=\"robots\" content=\"index, follow, max-snippet:-1, max-image-preview:large, max-video-preview:-1\" \/>\n<link rel=\"canonical\" href=\"https:\/\/9dots.com\/vi\/business-central\/\" \/>\n<meta property=\"og:locale\" content=\"vi_VN\" \/>\n<meta property=\"og:type\" content=\"article\" \/>\n<meta property=\"og:title\" content=\"Business Central\" \/>\n<meta property=\"og:description\" content=\"Microsoft 365 Business Central Streamline Business with Microsoft Dynamics 365 Business Central Microsoft Dynamics 365 Business Central is a comprehensive business management solution for small and medium &#8211; sized companies. Recognized as one of the top ERP systems for 2024 by Forbes Advisor, Business Central helps you connect your financials, sales, service, and operations to [&hellip;]\" \/>\n<meta property=\"og:url\" content=\"https:\/\/9dots.com\/vi\/business-central\/\" \/>\n<meta property=\"og:site_name\" content=\"9 Dots Consulting\" \/>\n<meta property=\"article:modified_time\" content=\"2024-12-10T07:22:15+00:00\" \/>\n<meta property=\"og:image\" content=\"https:\/\/9dots.com\/wp-content\/uploads\/2024\/11\/bcc.png\" \/>\n<meta name=\"twitter:card\" content=\"summary_large_image\" \/>\n<meta name=\"twitter:label1\" content=\"\u01af\u1edbc t\u00ednh th\u1eddi gian \u0111\u1ecdc\" \/>\n\t<meta name=\"twitter:data1\" content=\"1 ph\u00fat\" \/>\n<script type=\"application\/ld+json\" class=\"yoast-schema-graph\">{\"@context\":\"https:\/\/schema.org\",\"@graph\":[{\"@type\":\"WebPage\",\"@id\":\"https:\/\/9dots.com\/business-central\/\",\"url\":\"https:\/\/9dots.com\/business-central\/\",\"name\":\"Business Central - 9 Dots Consulting\",\"isPartOf\":{\"@id\":\"https:\/\/9dots.com\/#website\"},\"primaryImageOfPage\":{\"@id\":\"https:\/\/9dots.com\/business-central\/#primaryimage\"},\"image\":{\"@id\":\"https:\/\/9dots.com\/business-central\/#primaryimage\"},\"thumbnailUrl\":\"https:\/\/9dots.com\/wp-content\/uploads\/2024\/11\/bcc.png\",\"datePublished\":\"2024-11-14T10:53:23+00:00\",\"dateModified\":\"2024-12-10T07:22:15+00:00\",\"breadcrumb\":{\"@id\":\"https:\/\/9dots.com\/business-central\/#breadcrumb\"},\"inLanguage\":\"vi\",\"potentialAction\":[{\"@type\":\"ReadAction\",\"target\":[\"https:\/\/9dots.com\/business-central\/\"]}]},{\"@type\":\"ImageObject\",\"inLanguage\":\"vi\",\"@id\":\"https:\/\/9dots.com\/business-central\/#primaryimage\",\"url\":\"https:\/\/9dots.com\/wp-content\/uploads\/2024\/11\/bcc.png\",\"contentUrl\":\"https:\/\/9dots.com\/wp-content\/uploads\/2024\/11\/bcc.png\"},{\"@type\":\"BreadcrumbList\",\"@id\":\"https:\/\/9dots.com\/business-central\/#breadcrumb\",\"itemListElement\":[{\"@type\":\"ListItem\",\"position\":1,\"name\":\"Home\",\"item\":\"https:\/\/9dots.com\/\"},{\"@type\":\"ListItem\",\"position\":2,\"name\":\"Business Central\"}]},{\"@type\":\"WebSite\",\"@id\":\"https:\/\/9dots.com\/#website\",\"url\":\"https:\/\/9dots.com\/\",\"name\":\"9 Dots Consulting\",\"description\":\"\",\"potentialAction\":[{\"@type\":\"SearchAction\",\"target\":{\"@type\":\"EntryPoint\",\"urlTemplate\":\"https:\/\/9dots.com\/?s={search_term_string}\"},\"query-input\":{\"@type\":\"PropertyValueSpecification\",\"valueRequired\":true,\"valueName\":\"search_term_string\"}}],\"inLanguage\":\"vi\"}]}<\/script>\n<!-- \/ Yoast SEO Premium plugin. -->","yoast_head_json":{"title":"Business Central - 9 Dots Consulting","robots":{"index":"index","follow":"follow","max-snippet":"max-snippet:-1","max-image-preview":"max-image-preview:large","max-video-preview":"max-video-preview:-1"},"canonical":"https:\/\/9dots.com\/vi\/business-central\/","og_locale":"vi_VN","og_type":"article","og_title":"Business Central","og_description":"Microsoft 365 Business Central Streamline Business with Microsoft Dynamics 365 Business Central Microsoft Dynamics 365 Business Central is a comprehensive business management solution for small and medium &#8211; sized companies. Recognized as one of the top ERP systems for 2024 by Forbes Advisor, Business Central helps you connect your financials, sales, service, and operations to [&hellip;]","og_url":"https:\/\/9dots.com\/vi\/business-central\/","og_site_name":"9 Dots Consulting","article_modified_time":"2024-12-10T07:22:15+00:00","og_image":[{"url":"https:\/\/9dots.com\/wp-content\/uploads\/2024\/11\/bcc.png","type":"","width":"","height":""}],"twitter_card":"summary_large_image","twitter_misc":{"\u01af\u1edbc t\u00ednh th\u1eddi gian \u0111\u1ecdc":"1 ph\u00fat"},"schema":{"@context":"https:\/\/schema.org","@graph":[{"@type":"WebPage","@id":"https:\/\/9dots.com\/business-central\/","url":"https:\/\/9dots.com\/business-central\/","name":"Business Central - 9 Dots Consulting","isPartOf":{"@id":"https:\/\/9dots.com\/#website"},"primaryImageOfPage":{"@id":"https:\/\/9dots.com\/business-central\/#primaryimage"},"image":{"@id":"https:\/\/9dots.com\/business-central\/#primaryimage"},"thumbnailUrl":"https:\/\/9dots.com\/wp-content\/uploads\/2024\/11\/bcc.png","datePublished":"2024-11-14T10:53:23+00:00","dateModified":"2024-12-10T07:22:15+00:00","breadcrumb":{"@id":"https:\/\/9dots.com\/business-central\/#breadcrumb"},"inLanguage":"vi","potentialAction":[{"@type":"ReadAction","target":["https:\/\/9dots.com\/business-central\/"]}]},{"@type":"ImageObject","inLanguage":"vi","@id":"https:\/\/9dots.com\/business-central\/#primaryimage","url":"https:\/\/9dots.com\/wp-content\/uploads\/2024\/11\/bcc.png","contentUrl":"https:\/\/9dots.com\/wp-content\/uploads\/2024\/11\/bcc.png"},{"@type":"BreadcrumbList","@id":"https:\/\/9dots.com\/business-central\/#breadcrumb","itemListElement":[{"@type":"ListItem","position":1,"name":"Home","item":"https:\/\/9dots.com\/"},{"@type":"ListItem","position":2,"name":"Business Central"}]},{"@type":"WebSite","@id":"https:\/\/9dots.com\/#website","url":"https:\/\/9dots.com\/","name":"9 Dots Consulting","description":"","potentialAction":[{"@type":"SearchAction","target":{"@type":"EntryPoint","urlTemplate":"https:\/\/9dots.com\/?s={search_term_string}"},"query-input":{"@type":"PropertyValueSpecification","valueRequired":true,"valueName":"search_term_string"}}],"inLanguage":"vi"}]}},"_links":{"self":[{"href":"https:\/\/9dots.com\/vi\/wp-json\/wp\/v2\/pages\/3271","targetHints":{"allow":["GET"]}}],"collection":[{"href":"https:\/\/9dots.com\/vi\/wp-json\/wp\/v2\/pages"}],"about":[{"href":"https:\/\/9dots.com\/vi\/wp-json\/wp\/v2\/types\/page"}],"author":[{"embeddable":true,"href":"https:\/\/9dots.com\/vi\/wp-json\/wp\/v2\/users\/1"}],"replies":[{"embeddable":true,"href":"https:\/\/9dots.com\/vi\/wp-json\/wp\/v2\/comments?post=3271"}],"version-history":[{"count":31,"href":"https:\/\/9dots.com\/vi\/wp-json\/wp\/v2\/pages\/3271\/revisions"}],"predecessor-version":[{"id":4103,"href":"https:\/\/9dots.com\/vi\/wp-json\/wp\/v2\/pages\/3271\/revisions\/4103"}],"wp:attachment":[{"href":"https:\/\/9dots.com\/vi\/wp-json\/wp\/v2\/media?parent=3271"}],"curies":[{"name":"wp","href":"https:\/\/api.w.org\/{rel}","templated":true}]}}