{"id":3283,"date":"2024-11-14T11:06:24","date_gmt":"2024-11-14T11:06:24","guid":{"rendered":"https:\/\/10dumbs.com\/9dots\/?page_id=3283"},"modified":"2024-12-05T10:29:44","modified_gmt":"2024-12-05T10:29:44","slug":"customer-relationship-management","status":"publish","type":"page","link":"https:\/\/9dots.com\/vi\/customer-relationship-management\/","title":{"rendered":"Qu\u1ea3n l\u00fd quan h\u1ec7 kh\u00e1ch h\u00e0ng"},"content":{"rendered":"<div data-elementor-type=\"wp-page\" data-elementor-id=\"3283\" class=\"elementor elementor-3283\">\n\t\t\t\t<div class=\"elementor-element elementor-element-1ed60cac e-flex e-con-boxed e-con e-parent\" data-id=\"1ed60cac\" data-element_type=\"container\">\n\t\t\t\t\t<div class=\"e-con-inner\">\n\t\t<div class=\"elementor-element elementor-element-67938c78 e-con-full e-flex e-con e-child\" data-id=\"67938c78\" data-element_type=\"container\">\n\t\t\t\t<div class=\"elementor-element elementor-element-575f1c21 elementor-widget elementor-widget-tg-heading\" data-id=\"575f1c21\" data-element_type=\"widget\" data-widget_type=\"tg-heading.default\">\n\t\t\t\t<div class=\"elementor-widget-container\">\n\t\t\t\t\t\n        <div class=\"section-title tg-heading-subheading animation-style3\">\n                            <span class=\"sub-title\">Qu\u1ea3n l\u00fd quan h\u1ec7 kh\u00e1ch h\u00e0ng Microsoft 365<\/span>\n                        <h2 class=\"title tg-element-title\">Qu\u1ea3n l\u00fd doanh nghi\u1ec7p li\u1ec1n m\u1ea1ch v\u1edbi Microsoft Dynamics 365 Customer Relationship Management<\/h2>        <\/div>\n\n\t\t\t\t<\/div>\n\t\t\t\t<\/div>\n\t\t\t\t<div class=\"elementor-element elementor-element-12ed77e4 elementor-widget elementor-widget-heading\" data-id=\"12ed77e4\" data-element_type=\"widget\" data-widget_type=\"heading.default\">\n\t\t\t\t<div class=\"elementor-widget-container\">\n\t\t\t\t\t<p class=\"elementor-heading-title elementor-size-default\">N\u1ebfu kh\u00f4ng c\u00f3 s\u1ef1 h\u1ed7 tr\u1ee3 c\u1ee7a gi\u1ea3i ph\u00e1p CRM t\u00edch h\u1ee3p, c\u00f4ng ty c\u1ee7a b\u1ea1n c\u00f3 th\u1ec3 b\u1ecf l\u1ee1 c\u00e1c c\u01a1 h\u1ed9i t\u0103ng tr\u01b0\u1edfng v\u00e0 m\u1ea5t doanh thu ti\u1ec1m n\u0103ng v\u00ec kh\u00f4ng t\u1ed1i \u01b0u h\u00f3a quy tr\u00ecnh v\u1eadn h\u00e0nh ho\u1eb7c kh\u00f4ng t\u1eadn d\u1ee5ng t\u1ed1i \u0111a m\u1ed1i quan h\u1ec7 v\u1edbi kh\u00e1ch h\u00e0ng v\u00e0 kh\u00e1ch h\u00e0ng ti\u1ec1m n\u0103ng.<\/p>\t\t\t\t<\/div>\n\t\t\t\t<\/div>\n\t\t\t\t<\/div>\n\t\t<div class=\"elementor-element elementor-element-677f6d5e e-con-full e-flex e-con e-child\" data-id=\"677f6d5e\" data-element_type=\"container\">\n\t\t\t\t<div class=\"elementor-element elementor-element-325d17d elementor-widget elementor-widget-genix-image\" data-id=\"325d17d\" data-element_type=\"widget\" data-widget_type=\"genix-image.default\">\n\t\t\t\t<div class=\"elementor-widget-container\">\n\t\t\t\t\t\n        \n            <div class=\"choose__area-six\">\n                <div class=\"choose__img-wrap-five\">\n                                            <img decoding=\"async\" src=\"https:\/\/9dots.com\/wp-content\/uploads\/2024\/11\/crm.webp\" alt=\"\">\n                                                                                                                    <\/div>\n            <\/div>\n\n        \n\t\t\t\t<\/div>\n\t\t\t\t<\/div>\n\t\t\t\t<\/div>\n\t\t\t\t\t<\/div>\n\t\t\t\t<\/div>\n\t\t<div class=\"elementor-element elementor-element-304bb5b e-flex e-con-boxed e-con e-parent\" data-id=\"304bb5b\" data-element_type=\"container\" data-settings=\"{&quot;background_background&quot;:&quot;classic&quot;}\">\n\t\t\t\t\t<div class=\"e-con-inner\">\n\t\t<div class=\"elementor-element elementor-element-38eaba7f e-con-full e-flex e-con e-child\" data-id=\"38eaba7f\" data-element_type=\"container\">\n\t\t<div class=\"elementor-element elementor-element-7de0047d e-con-full e-flex e-con e-child\" data-id=\"7de0047d\" data-element_type=\"container\">\n\t\t\t\t<div class=\"elementor-element elementor-element-331d8b62 elementor-widget__width-initial elementor-widget elementor-widget-image\" data-id=\"331d8b62\" data-element_type=\"widget\" data-widget_type=\"image.default\">\n\t\t\t\t<div class=\"elementor-widget-container\">\n\t\t\t\t\t\t\t\t\t\t\t\t\t\t\t<img fetchpriority=\"high\" decoding=\"async\" width=\"400\" height=\"319\" src=\"https:\/\/9dots.com\/wp-content\/uploads\/2023\/11\/services_details_inner02.jpg\" class=\"attachment-full size-full wp-image-773\" alt=\"\" srcset=\"https:\/\/9dots.com\/wp-content\/uploads\/2023\/11\/services_details_inner02.jpg 400w, https:\/\/9dots.com\/wp-content\/uploads\/2023\/11\/services_details_inner02-300x239.jpg 300w\" sizes=\"(max-width: 400px) 100vw, 400px\" \/>\t\t\t\t\t\t\t\t\t\t\t\t\t\t\t<\/div>\n\t\t\t\t<\/div>\n\t\t\t\t<div class=\"elementor-element elementor-element-4aaec894 elementor-widget elementor-widget-tg-btn\" data-id=\"4aaec894\" data-element_type=\"widget\" data-widget_type=\"tg-btn.default\">\n\t\t\t\t<div class=\"elementor-widget-container\">\n\t\t\t\t\t\n\n        \n                            <a href=\"https:\/\/9dots.com\/vi\/contact-us\/\" target=\"_self\" rel=\"nofollow\" class=\"btn\">\n                    Y\u00eau c\u1ea7u ngay                <\/a>\n            \n        \n\t\t\t\t<\/div>\n\t\t\t\t<\/div>\n\t\t\t\t<\/div>\n\t\t<div class=\"elementor-element elementor-element-18e6b424 e-con-full e-flex e-con e-child\" data-id=\"18e6b424\" data-element_type=\"container\">\n\t\t\t\t<div class=\"elementor-element elementor-element-6fd8d9cb elementor-widget elementor-widget-heading\" data-id=\"6fd8d9cb\" data-element_type=\"widget\" data-widget_type=\"heading.default\">\n\t\t\t\t<div class=\"elementor-widget-container\">\n\t\t\t\t\t<h2 class=\"elementor-heading-title elementor-size-default\">L\u1ee3i \u00edch ch\u00ednh:<\/h2>\t\t\t\t<\/div>\n\t\t\t\t<\/div>\n\t\t\t\t<div class=\"elementor-element elementor-element-5ba50ce2 elementor-widget elementor-widget-iconlist\" data-id=\"5ba50ce2\" data-element_type=\"widget\" data-widget_type=\"iconlist.default\">\n\t\t\t\t<div class=\"elementor-widget-container\">\n\t\t\t\t\t\n        \n            <div class=\"about__list-box\">\n                <ul class=\"list-wrap\">\n                                            <li>\n                                                            <i aria-hidden=\"true\" class=\"flaticon-arrow-button\"><\/i>                                                        Theo d\u00f5i t\u1eebng c\u01a1 h\u1ed9i th\u00f4ng qua k\u00eanh b\u00e1n h\u00e0ng \u0111\u1ec3 b\u00e1n h\u00e0ng t\u1ed1t h\u01a1n. C\u00e1c gi\u1ea3i ph\u00e1p CRM gi\u00fap theo d\u00f5i d\u1eef li\u1ec7u li\u00ean quan \u0111\u1ebfn kh\u00e1ch h\u00e0ng ti\u1ec1m n\u0103ng, k\u00e8m theo th\u00f4ng tin chi ti\u1ebft, \u0111\u1ec3 nh\u00f3m b\u00e1n h\u00e0ng v\u00e0 ti\u1ebfp th\u1ecb c\u00f3 th\u1ec3 duy tr\u00ec t\u1ed5 ch\u1ee9c, hi\u1ec3u \u0111\u01b0\u1ee3c t\u1eebng kh\u00e1ch h\u00e0ng ti\u1ec1m n\u0103ng \u0111ang \u1edf \u0111\u00e2u trong quy tr\u00ecnh b\u00e1n h\u00e0ng v\u00e0 bi\u1ebft ai \u0111\u00e3 l\u00e0m vi\u1ec7c v\u1edbi t\u1eebng c\u01a1 h\u1ed9i.                        <\/li>\n                                            <li>\n                                                            <i aria-hidden=\"true\" class=\"flaticon-arrow-button\"><\/i>                                                        S\u1eed d\u1ee5ng gi\u00e1m s\u00e1t b\u00e1n h\u00e0ng \u0111\u1ec3 c\u00f3 d\u1eef li\u1ec7u hi\u1ec7u su\u1ea5t theo th\u1eddi gian th\u1ef1c. Li\u00ean k\u1ebft d\u1eef li\u1ec7u b\u00e1n h\u00e0ng v\u00e0o gi\u1ea3i ph\u00e1p CRM c\u1ee7a b\u1ea1n \u0111\u1ec3 cung c\u1ea5p h\u00ecnh \u1ea3nh ch\u00ednh x\u00e1c, t\u1ee9c th\u1eddi v\u1ec1 doanh s\u1ed1. V\u1edbi ch\u1ebf \u0111\u1ed9 xem theo th\u1eddi gian th\u1ef1c v\u1ec1 \u0111\u01b0\u1eddng \u1ed1ng c\u1ee7a b\u1ea1n, b\u1ea1n s\u1ebd bi\u1ebft \u0111\u01b0\u1ee3c b\u1ea5t k\u1ef3 s\u1ef1 ch\u1eadm tr\u1ec5 v\u00e0 t\u1eafc ngh\u1ebdn n\u00e0o\u2014ho\u1eb7c n\u1ebfu nh\u00f3m c\u1ee7a b\u1ea1n gi\u00e0nh \u0111\u01b0\u1ee3c m\u1ed9t h\u1ee3p \u0111\u1ed3ng l\u1edbn.\n                        <\/li>\n                                            <li>\n                                                            <i aria-hidden=\"true\" class=\"flaticon-arrow-button\"><\/i>                                                        L\u00ean k\u1ebf ho\u1ea1ch cho b\u01b0\u1edbc ti\u1ebfp theo c\u1ee7a b\u1ea1n v\u1edbi th\u1ebf h\u1ec7 th\u00f4ng tin chi ti\u1ebft. T\u1eadp trung v\u00e0o nh\u1eefng g\u00ec quan tr\u1ecdng nh\u1ea5t b\u1eb1ng c\u00e1ch s\u1eed d\u1ee5ng AI v\u00e0 tr\u00ed th\u00f4ng minh t\u00edch h\u1ee3p \u0111\u1ec3 x\u00e1c \u0111\u1ecbnh c\u00e1c \u01b0u ti\u00ean h\u00e0ng \u0111\u1ea7u v\u00e0 c\u00e1ch nh\u00f3m c\u1ee7a b\u1ea1n c\u00f3 th\u1ec3 t\u1eadn d\u1ee5ng t\u1ed1i \u0111a th\u1eddi gian v\u00e0 n\u1ed7 l\u1ef1c c\u1ee7a h\u1ecd. V\u00ed d\u1ee5, nh\u00f3m b\u00e1n h\u00e0ng c\u00f3 th\u1ec3 x\u00e1c \u0111\u1ecbnh kh\u00e1ch h\u00e0ng ti\u1ec1m n\u0103ng n\u00e0o \u0111\u00e3 s\u1eb5n s\u00e0ng \u0111\u1ec3 chuy\u1ec3n giao v\u00e0 kh\u00e1ch h\u00e0ng n\u00e0o c\u1ea7n theo d\u00f5i.                        <\/li>\n                                    <\/ul>\n            <\/div>\n\n        \n\n\t\t\t\t<\/div>\n\t\t\t\t<\/div>\n\t\t\t\t<\/div>\n\t\t\t\t<\/div>\n\t\t\t\t\t<\/div>\n\t\t\t\t<\/div>\n\t\t<div class=\"elementor-element elementor-element-fb35f6b e-flex e-con-boxed e-con e-parent\" data-id=\"fb35f6b\" data-element_type=\"container\" data-settings=\"{&quot;background_background&quot;:&quot;classic&quot;}\">\n\t\t\t\t\t<div class=\"e-con-inner\">\n\t\t<div class=\"elementor-element elementor-element-39ef471 e-con-full e-flex e-con e-child\" data-id=\"39ef471\" data-element_type=\"container\">\n\t\t\t\t<div class=\"elementor-element elementor-element-8079428 elementor-widget__width-initial elementor-widget elementor-widget-tg-heading\" data-id=\"8079428\" data-element_type=\"widget\" data-widget_type=\"tg-heading.default\">\n\t\t\t\t<div class=\"elementor-widget-container\">\n\t\t\t\t\t\n        <div class=\"section-title tg-heading-subheading animation-style3\">\n                            <span class=\"sub-title\">Dynamics 365 gi\u00fap nh\u00f3m c\u1ee7a b\u1ea1n l\u00e0m \u0111\u01b0\u1ee3c nhi\u1ec1u vi\u1ec7c h\u01a1n v\u1edbi \u00edt chi ph\u00ed h\u01a1n<\/span>\n                        <h2 class=\"title tg-element-title\">T\u0103ng hi\u1ec7u qu\u1ea3, gi\u1ea3m chi ph\u00ed v\u00e0 t\u1ea1o ra m\u1ed9t doanh nghi\u1ec7p si\u00eau k\u1ebft n\u1ed1i b\u1eb1ng c\u00e1ch k\u1ebft n\u1ed1i m\u1ecdi ng\u01b0\u1eddi, d\u1eef li\u1ec7u v\u00e0 quy tr\u00ecnh tr\u00ean to\u00e0n t\u1ed5 ch\u1ee9c c\u1ee7a b\u1ea1n.<\/h2>        <\/div>\n\n\t\t\t\t<\/div>\n\t\t\t\t<\/div>\n\t\t\t\t<\/div>\n\t\t\t\t<div class=\"elementor-element elementor-element-0653d9f elementor-widget__width-auto elementor-absolute elementor-invisible elementor-widget elementor-widget-image\" data-id=\"0653d9f\" data-element_type=\"widget\" data-settings=\"{&quot;_position&quot;:&quot;absolute&quot;,&quot;_animation&quot;:&quot;fadeInRight&quot;,&quot;_animation_delay&quot;:0.299999999999999988897769753748434595763683319091796875}\" data-widget_type=\"image.default\">\n\t\t\t\t<div class=\"elementor-widget-container\">\n\t\t\t\t\t\t\t\t\t\t\t\t\t\t\t<img decoding=\"async\" width=\"350\" height=\"309\" src=\"https:\/\/9dots.com\/wp-content\/uploads\/2023\/11\/h2_services_shape02.png\" class=\"attachment-full size-full wp-image-1101\" alt=\"\" srcset=\"https:\/\/9dots.com\/wp-content\/uploads\/2023\/11\/h2_services_shape02.png 350w, https:\/\/9dots.com\/wp-content\/uploads\/2023\/11\/h2_services_shape02-300x265.png 300w\" sizes=\"(max-width: 350px) 100vw, 350px\" \/>\t\t\t\t\t\t\t\t\t\t\t\t\t\t\t<\/div>\n\t\t\t\t<\/div>\n\t\t\t\t<div class=\"elementor-element elementor-element-b661cb9 elementor-widget__width-auto elementor-absolute elementor-invisible elementor-widget elementor-widget-image\" data-id=\"b661cb9\" data-element_type=\"widget\" data-settings=\"{&quot;_position&quot;:&quot;absolute&quot;,&quot;_animation&quot;:&quot;fadeInLeft&quot;,&quot;_animation_delay&quot;:0.299999999999999988897769753748434595763683319091796875}\" data-widget_type=\"image.default\">\n\t\t\t\t<div class=\"elementor-widget-container\">\n\t\t\t\t\t\t\t\t\t\t\t\t\t\t\t<img decoding=\"async\" width=\"336\" height=\"307\" src=\"https:\/\/9dots.com\/wp-content\/uploads\/2023\/11\/h2_services_shape01.png\" class=\"attachment-full size-full wp-image-1100\" alt=\"\" srcset=\"https:\/\/9dots.com\/wp-content\/uploads\/2023\/11\/h2_services_shape01.png 336w, https:\/\/9dots.com\/wp-content\/uploads\/2023\/11\/h2_services_shape01-300x274.png 300w\" sizes=\"(max-width: 336px) 100vw, 336px\" \/>\t\t\t\t\t\t\t\t\t\t\t\t\t\t\t<\/div>\n\t\t\t\t<\/div>\n\t\t\t\t\t<\/div>\n\t\t\t\t<\/div>\n\t\t\t\t<\/div>","protected":false},"excerpt":{"rendered":"<p>Qu\u1ea3n l\u00fd quan h\u1ec7 kh\u00e1ch h\u00e0ng Microsoft 365 Qu\u1ea3n l\u00fd doanh nghi\u1ec7p li\u1ec1n m\u1ea1ch v\u1edbi Qu\u1ea3n l\u00fd quan h\u1ec7 kh\u00e1ch h\u00e0ng Microsoft Dynamics 365 N\u1ebfu kh\u00f4ng c\u00f3 s\u1ef1 h\u1ed7 tr\u1ee3 c\u1ee7a gi\u1ea3i ph\u00e1p CRM t\u00edch h\u1ee3p, c\u00f4ng ty c\u1ee7a b\u1ea1n c\u00f3 th\u1ec3 b\u1ecf l\u1ee1 c\u00e1c c\u01a1 h\u1ed9i t\u0103ng tr\u01b0\u1edfng v\u00e0 m\u1ea5t doanh thu ti\u1ec1m n\u0103ng v\u00ec kh\u00f4ng t\u1ed1i \u01b0u h\u00f3a quy tr\u00ecnh v\u1eadn h\u00e0nh ho\u1eb7c t\u1eadn d\u1ee5ng t\u1ed1i \u0111a c\u00e1c m\u1ed1i quan h\u1ec7 v\u1edbi kh\u00e1ch h\u00e0ng v\u00e0 kh\u00e1ch h\u00e0ng ti\u1ec1m n\u0103ng. Y\u00eau c\u1ea7u ngay L\u1ee3i \u00edch ch\u00ednh: Theo d\u00f5i t\u1eebng [\u2026]<\/p>","protected":false},"author":1,"featured_media":0,"parent":0,"menu_order":0,"comment_status":"closed","ping_status":"closed","template":"elementor_header_footer","meta":{"_acf_changed":false,"inline_featured_image":false,"footnotes":""},"class_list":["post-3283","page","type-page","status-publish","hentry"],"acf":[],"yoast_head":"<!-- This site is optimized with the Yoast SEO Premium plugin v26.6 (Yoast SEO v26.6) - https:\/\/yoast.com\/wordpress\/plugins\/seo\/ -->\n<title>Customer Relationship Management - 9 Dots Consulting<\/title>\n<meta name=\"robots\" content=\"index, follow, max-snippet:-1, max-image-preview:large, max-video-preview:-1\" \/>\n<link rel=\"canonical\" href=\"https:\/\/9dots.com\/vi\/customer-relationship-management\/\" \/>\n<meta property=\"og:locale\" content=\"vi_VN\" \/>\n<meta property=\"og:type\" content=\"article\" \/>\n<meta property=\"og:title\" content=\"Customer Relationship Management\" \/>\n<meta property=\"og:description\" content=\"Microsoft 365 Customer Relationship Management Manage Business Seamlessly with Microsoft Dynamics 365 Customer Relationship Management Without the support of an integrated CRM solution, your company may miss growth opportunities and lose potential revenue because it\u2019s not optimizing operating processes or making the most of customer relationships and sales leads. Inquire Now Key Benefits: Monitor each [&hellip;]\" \/>\n<meta property=\"og:url\" content=\"https:\/\/9dots.com\/vi\/customer-relationship-management\/\" \/>\n<meta property=\"og:site_name\" content=\"9 Dots Consulting\" \/>\n<meta property=\"article:modified_time\" content=\"2024-12-05T10:29:44+00:00\" \/>\n<meta property=\"og:image\" content=\"https:\/\/9dots.com\/wp-content\/uploads\/2024\/11\/crm.webp\" \/>\n<meta name=\"twitter:card\" content=\"summary_large_image\" \/>\n<meta name=\"twitter:label1\" content=\"\u01af\u1edbc t\u00ednh th\u1eddi gian \u0111\u1ecdc\" \/>\n\t<meta name=\"twitter:data1\" content=\"1 ph\u00fat\" \/>\n<script type=\"application\/ld+json\" class=\"yoast-schema-graph\">{\"@context\":\"https:\/\/schema.org\",\"@graph\":[{\"@type\":\"WebPage\",\"@id\":\"https:\/\/9dots.com\/th\/customer-relationship-management\/\",\"url\":\"https:\/\/9dots.com\/th\/customer-relationship-management\/\",\"name\":\"Customer Relationship Management - 9 Dots Consulting\",\"isPartOf\":{\"@id\":\"https:\/\/9dots.com\/#website\"},\"primaryImageOfPage\":{\"@id\":\"https:\/\/9dots.com\/th\/customer-relationship-management\/#primaryimage\"},\"image\":{\"@id\":\"https:\/\/9dots.com\/th\/customer-relationship-management\/#primaryimage\"},\"thumbnailUrl\":\"https:\/\/9dots.com\/wp-content\/uploads\/2024\/11\/crm.webp\",\"datePublished\":\"2024-11-14T11:06:24+00:00\",\"dateModified\":\"2024-12-05T10:29:44+00:00\",\"breadcrumb\":{\"@id\":\"https:\/\/9dots.com\/th\/customer-relationship-management\/#breadcrumb\"},\"inLanguage\":\"vi\",\"potentialAction\":[{\"@type\":\"ReadAction\",\"target\":[\"https:\/\/9dots.com\/th\/customer-relationship-management\/\"]}]},{\"@type\":\"ImageObject\",\"inLanguage\":\"vi\",\"@id\":\"https:\/\/9dots.com\/th\/customer-relationship-management\/#primaryimage\",\"url\":\"https:\/\/9dots.com\/wp-content\/uploads\/2024\/11\/crm.webp\",\"contentUrl\":\"https:\/\/9dots.com\/wp-content\/uploads\/2024\/11\/crm.webp\"},{\"@type\":\"BreadcrumbList\",\"@id\":\"https:\/\/9dots.com\/th\/customer-relationship-management\/#breadcrumb\",\"itemListElement\":[{\"@type\":\"ListItem\",\"position\":1,\"name\":\"Home\",\"item\":\"https:\/\/9dots.com\/\"},{\"@type\":\"ListItem\",\"position\":2,\"name\":\"Customer Relationship Management\"}]},{\"@type\":\"WebSite\",\"@id\":\"https:\/\/9dots.com\/#website\",\"url\":\"https:\/\/9dots.com\/\",\"name\":\"9 Dots Consulting\",\"description\":\"\",\"potentialAction\":[{\"@type\":\"SearchAction\",\"target\":{\"@type\":\"EntryPoint\",\"urlTemplate\":\"https:\/\/9dots.com\/?s={search_term_string}\"},\"query-input\":{\"@type\":\"PropertyValueSpecification\",\"valueRequired\":true,\"valueName\":\"search_term_string\"}}],\"inLanguage\":\"vi\"}]}<\/script>\n<!-- \/ Yoast SEO Premium plugin. -->","yoast_head_json":{"title":"Customer Relationship Management - 9 Dots Consulting","robots":{"index":"index","follow":"follow","max-snippet":"max-snippet:-1","max-image-preview":"max-image-preview:large","max-video-preview":"max-video-preview:-1"},"canonical":"https:\/\/9dots.com\/vi\/customer-relationship-management\/","og_locale":"vi_VN","og_type":"article","og_title":"Customer Relationship Management","og_description":"Microsoft 365 Customer Relationship Management Manage Business Seamlessly with Microsoft Dynamics 365 Customer Relationship Management Without the support of an integrated CRM solution, your company may miss growth opportunities and lose potential revenue because it\u2019s not optimizing operating processes or making the most of customer relationships and sales leads. Inquire Now Key Benefits: Monitor each [&hellip;]","og_url":"https:\/\/9dots.com\/vi\/customer-relationship-management\/","og_site_name":"9 Dots Consulting","article_modified_time":"2024-12-05T10:29:44+00:00","og_image":[{"url":"https:\/\/9dots.com\/wp-content\/uploads\/2024\/11\/crm.webp","type":"","width":"","height":""}],"twitter_card":"summary_large_image","twitter_misc":{"\u01af\u1edbc t\u00ednh th\u1eddi gian \u0111\u1ecdc":"1 ph\u00fat"},"schema":{"@context":"https:\/\/schema.org","@graph":[{"@type":"WebPage","@id":"https:\/\/9dots.com\/th\/customer-relationship-management\/","url":"https:\/\/9dots.com\/th\/customer-relationship-management\/","name":"Customer Relationship Management - 9 Dots Consulting","isPartOf":{"@id":"https:\/\/9dots.com\/#website"},"primaryImageOfPage":{"@id":"https:\/\/9dots.com\/th\/customer-relationship-management\/#primaryimage"},"image":{"@id":"https:\/\/9dots.com\/th\/customer-relationship-management\/#primaryimage"},"thumbnailUrl":"https:\/\/9dots.com\/wp-content\/uploads\/2024\/11\/crm.webp","datePublished":"2024-11-14T11:06:24+00:00","dateModified":"2024-12-05T10:29:44+00:00","breadcrumb":{"@id":"https:\/\/9dots.com\/th\/customer-relationship-management\/#breadcrumb"},"inLanguage":"vi","potentialAction":[{"@type":"ReadAction","target":["https:\/\/9dots.com\/th\/customer-relationship-management\/"]}]},{"@type":"ImageObject","inLanguage":"vi","@id":"https:\/\/9dots.com\/th\/customer-relationship-management\/#primaryimage","url":"https:\/\/9dots.com\/wp-content\/uploads\/2024\/11\/crm.webp","contentUrl":"https:\/\/9dots.com\/wp-content\/uploads\/2024\/11\/crm.webp"},{"@type":"BreadcrumbList","@id":"https:\/\/9dots.com\/th\/customer-relationship-management\/#breadcrumb","itemListElement":[{"@type":"ListItem","position":1,"name":"Home","item":"https:\/\/9dots.com\/"},{"@type":"ListItem","position":2,"name":"Customer Relationship Management"}]},{"@type":"WebSite","@id":"https:\/\/9dots.com\/#website","url":"https:\/\/9dots.com\/","name":"9 Dots Consulting","description":"","potentialAction":[{"@type":"SearchAction","target":{"@type":"EntryPoint","urlTemplate":"https:\/\/9dots.com\/?s={search_term_string}"},"query-input":{"@type":"PropertyValueSpecification","valueRequired":true,"valueName":"search_term_string"}}],"inLanguage":"vi"}]}},"_links":{"self":[{"href":"https:\/\/9dots.com\/vi\/wp-json\/wp\/v2\/pages\/3283","targetHints":{"allow":["GET"]}}],"collection":[{"href":"https:\/\/9dots.com\/vi\/wp-json\/wp\/v2\/pages"}],"about":[{"href":"https:\/\/9dots.com\/vi\/wp-json\/wp\/v2\/types\/page"}],"author":[{"embeddable":true,"href":"https:\/\/9dots.com\/vi\/wp-json\/wp\/v2\/users\/1"}],"replies":[{"embeddable":true,"href":"https:\/\/9dots.com\/vi\/wp-json\/wp\/v2\/comments?post=3283"}],"version-history":[{"count":16,"href":"https:\/\/9dots.com\/vi\/wp-json\/wp\/v2\/pages\/3283\/revisions"}],"predecessor-version":[{"id":4023,"href":"https:\/\/9dots.com\/vi\/wp-json\/wp\/v2\/pages\/3283\/revisions\/4023"}],"wp:attachment":[{"href":"https:\/\/9dots.com\/vi\/wp-json\/wp\/v2\/media?parent=3283"}],"curies":[{"name":"wp","href":"https:\/\/api.w.org\/{rel}","templated":true}]}}