{"id":3327,"date":"2024-11-15T05:51:19","date_gmt":"2024-11-15T05:51:19","guid":{"rendered":"https:\/\/10dumbs.com\/9dots\/?page_id=3327"},"modified":"2025-01-07T10:58:04","modified_gmt":"2025-01-07T10:58:04","slug":"e-quotation","status":"publish","type":"page","link":"https:\/\/9dots.com\/vi\/e-quotation\/","title":{"rendered":"B\u00e1o gi\u00e1 \u0111i\u1ec7n t\u1eed"},"content":{"rendered":"<div data-elementor-type=\"wp-page\" data-elementor-id=\"3327\" class=\"elementor elementor-3327\">\n\t\t\t\t<div class=\"elementor-element elementor-element-5017896 e-flex e-con-boxed e-con e-parent\" data-id=\"5017896\" data-element_type=\"container\">\n\t\t\t\t\t<div class=\"e-con-inner\">\n\t\t<div class=\"elementor-element elementor-element-24ec4f77 e-con-full e-flex e-con e-child\" data-id=\"24ec4f77\" data-element_type=\"container\">\n\t\t\t\t<div class=\"elementor-element elementor-element-3a8d225f elementor-widget__width-inherit elementor-widget elementor-widget-image\" data-id=\"3a8d225f\" data-element_type=\"widget\" data-widget_type=\"image.default\">\n\t\t\t\t<div class=\"elementor-widget-container\">\n\t\t\t\t\t\t\t\t\t\t\t\t\t\t\t<img decoding=\"async\" src=\"https:\/\/9dots.com\/wp-content\/uploads\/elementor\/thumbs\/pexels-kindel-media-7688330-1536x1152-1-qxpsq8eeqvrrx4e974zy969a4cr6iv60ikh4egmip8.jpg\" title=\"pexels-kindel-media-7688330-1536\u00d71152\" alt=\"pexels-kindel-media-7688330-1536x1152\" loading=\"lazy\" \/>\t\t\t\t\t\t\t\t\t\t\t\t\t\t\t<\/div>\n\t\t\t\t<\/div>\n\t\t\t\t<div class=\"elementor-element elementor-element-b402a10 elementor-widget elementor-widget-heading\" data-id=\"b402a10\" data-element_type=\"widget\" data-widget_type=\"heading.default\">\n\t\t\t\t<div class=\"elementor-widget-container\">\n\t\t\t\t\t<h2 class=\"elementor-heading-title elementor-size-default\">E - B\u00e1o gi\u00e1: T\u0103ng t\u1ed1c b\u00e1n h\u00e0ng v\u1edbi b\u00e1o gi\u00e1 k\u1ef9 thu\u1eadt s\u1ed1<\/h2>\t\t\t\t<\/div>\n\t\t\t\t<\/div>\n\t\t\t\t<div class=\"elementor-element elementor-element-5cdaf6da elementor-widget elementor-widget-heading\" data-id=\"5cdaf6da\" data-element_type=\"widget\" data-widget_type=\"heading.default\">\n\t\t\t\t<div class=\"elementor-widget-container\">\n\t\t\t\t\t<p class=\"elementor-heading-title elementor-size-default\">Chuy\u1ec3n \u0111\u1ed5i quy tr\u00ecnh b\u00e1n h\u00e0ng c\u1ee7a b\u1ea1n v\u1edbi gi\u1ea3i ph\u00e1p E - Quotation c\u1ee7a ch\u00fang t\u00f4i, \u0111\u01b0\u1ee3c thi\u1ebft k\u1ebf \u0111\u1ec3 \u0111\u01a1n gi\u1ea3n h\u00f3a v\u00e0 \u0111\u1ea9y nhanh c\u00e1ch b\u1ea1n t\u1ea1o v\u00e0 ph\u00ea duy\u1ec7t b\u00e1o gi\u00e1. \u0110\u01b0\u1ee3c t\u00edch h\u1ee3p \u0111\u1ea7y \u0111\u1ee7 v\u1edbi Dynamics 365, Power Automate, Power BI v\u00e0 Power Apps, E - Quotation trao quy\u1ec1n cho doanh nghi\u1ec7p c\u1ee7a b\u1ea1n v\u1edbi c\u00e1c m\u1eabu t\u1ef1 \u0111\u1ed9ng, t\u00edch h\u1ee3p d\u1eef li\u1ec7u th\u1eddi gian th\u1ef1c v\u00e0 quy tr\u00ecnh l\u00e0m vi\u1ec7c t\u00f9y ch\u1ec9nh. Cho d\u00f9 b\u1ea1n \u0111ang ho\u1ea1t \u0111\u1ed9ng trong ng\u00e0nh \u00f4 t\u00f4 hay \u00e9p phun, E - Quo \u0111\u1ea3m b\u1ea3o r\u1eb1ng b\u1ea1n cung c\u1ea5p b\u00e1o gi\u00e1 ch\u00ednh x\u00e1c, k\u1ecbp th\u1eddi v\u00e0 d\u1ef1a tr\u00ean d\u1eef li\u1ec7u ph\u00f9 h\u1ee3p v\u1edbi nhu c\u1ea7u v\u00e0 k\u1ef3 v\u1ecdng c\u1ee7a kh\u00e1ch h\u00e0ng. <\/p>\t\t\t\t<\/div>\n\t\t\t\t<\/div>\n\t\t\t\t<\/div>\n\t\t\t\t\t<\/div>\n\t\t\t\t<\/div>\n\t\t<div class=\"elementor-element elementor-element-250e55b e-flex e-con-boxed e-con e-parent\" data-id=\"250e55b\" data-element_type=\"container\" data-settings=\"{&quot;background_background&quot;:&quot;classic&quot;}\">\n\t\t\t\t\t<div class=\"e-con-inner\">\n\t\t<div class=\"elementor-element elementor-element-2551edfa e-con-full e-flex e-con e-child\" data-id=\"2551edfa\" data-element_type=\"container\">\n\t\t<div class=\"elementor-element elementor-element-7a89f23b e-con-full e-flex e-con e-child\" data-id=\"7a89f23b\" data-element_type=\"container\">\n\t\t\t\t<div class=\"elementor-element elementor-element-b305a83 elementor-widget elementor-widget-genix-image\" data-id=\"b305a83\" data-element_type=\"widget\" data-widget_type=\"genix-image.default\">\n\t\t\t\t<div class=\"elementor-widget-container\">\n\t\t\t\t\t\n        \n            <div class=\"about-img-wrap\">\n                                    <div class=\"mask-img-wrap\">\n                        <img decoding=\"async\" src=\"https:\/\/9dots.com\/wp-content\/uploads\/2023\/11\/choose_img01.jpg\" alt=\"\">\n                    <\/div>\n                                                            <\/div>\n                    \n\t\t\t\t<\/div>\n\t\t\t\t<\/div>\n\t\t\t\t<div class=\"elementor-element elementor-element-3f87bab9 elementor-widget elementor-widget-tg-btn\" data-id=\"3f87bab9\" data-element_type=\"widget\" data-widget_type=\"tg-btn.default\">\n\t\t\t\t<div class=\"elementor-widget-container\">\n\t\t\t\t\t\n\n        \n                            <a href=\"https:\/\/9dots.com\/vi\/contact-us\/\" target=\"_self\" rel=\"nofollow\" class=\"btn\">\n                    Y\u00eau c\u1ea7u ngay                <\/a>\n            \n        \n\t\t\t\t<\/div>\n\t\t\t\t<\/div>\n\t\t\t\t<\/div>\n\t\t<div class=\"elementor-element elementor-element-4ec36228 e-con-full e-flex e-con e-child\" data-id=\"4ec36228\" data-element_type=\"container\">\n\t\t\t\t<div class=\"elementor-element elementor-element-2451e8fc elementor-widget elementor-widget-heading\" data-id=\"2451e8fc\" data-element_type=\"widget\" data-widget_type=\"heading.default\">\n\t\t\t\t<div class=\"elementor-widget-container\">\n\t\t\t\t\t<h2 class=\"elementor-heading-title elementor-size-default\">C\u00e1c t\u00ednh n\u0103ng ch\u00ednh<\/h2>\t\t\t\t<\/div>\n\t\t\t\t<\/div>\n\t\t\t\t<div class=\"elementor-element elementor-element-6dc7c05a elementor-widget elementor-widget-iconlist\" data-id=\"6dc7c05a\" data-element_type=\"widget\" data-widget_type=\"iconlist.default\">\n\t\t\t\t<div class=\"elementor-widget-container\">\n\t\t\t\t\t\n        \n            <div class=\"about__list-box\">\n                <ul class=\"list-wrap\">\n                                            <li>\n                                                            <i aria-hidden=\"true\" class=\"flaticon-arrow-button\"><\/i>                                                        M\u1eabu t\u1ef1 \u0111\u1ed9ng: T\u1ea1o b\u00e1o gi\u00e1 nhanh h\u01a1n v\u1edbi c\u00e1c m\u1eabu \u0111\u01b0\u1ee3c c\u1ea5u h\u00ecnh s\u1eb5n ph\u00f9 h\u1ee3p v\u1edbi ng\u00e0nh c\u1ee7a b\u1ea1n. \u0110\u1ea3m b\u1ea3o m\u1ecdi b\u00e1o gi\u00e1 \u0111\u1ec1u ch\u00ednh x\u00e1c v\u00e0 nh\u1ea5t qu\u00e1n, ti\u1ebft ki\u1ec7m th\u1eddi gian v\u00e0 gi\u1ea3m l\u1ed7i.                        <\/li>\n                                            <li>\n                                                            <i aria-hidden=\"true\" class=\"flaticon-arrow-button\"><\/i>                                                        T\u00edch h\u1ee3p d\u1eef li\u1ec7u th\u1eddi gian th\u1ef1c: T\u00edch h\u1ee3p li\u1ec1n m\u1ea1ch v\u1edbi h\u1ec7 th\u1ed1ng CRM v\u00e0 ERP c\u1ee7a b\u1ea1n \u0111\u1ec3 thu th\u1eadp d\u1eef li\u1ec7u th\u1eddi gian th\u1ef1c v\u1ec1 gi\u00e1 c\u1ea3, h\u00e0ng t\u1ed3n kho v\u00e0 t\u00ecnh tr\u1ea1ng s\u1eb5n c\u00f3, \u0111\u1ea3m b\u1ea3o m\u1ed7i b\u00e1o gi\u00e1 ph\u1ea3n \u00e1nh th\u00f4ng tin m\u1edbi nh\u1ea5t.                        <\/li>\n                                            <li>\n                                                            <i aria-hidden=\"true\" class=\"flaticon-arrow-button\"><\/i>                                                        T\u00edch h\u1ee3p Power BI: T\u1eadn d\u1ee5ng Power BI \u0111\u1ec3 c\u00f3 th\u00f4ng tin chi ti\u1ebft theo th\u1eddi gian th\u1ef1c v\u1ec1 hi\u1ec7u su\u1ea5t b\u00e1n h\u00e0ng, l\u1ecbch s\u1eed b\u00e1o gi\u00e1, hi\u1ec7u qu\u1ea3 s\u1ea3n xu\u1ea5t v\u00e0 l\u1ee3i nhu\u1eadn. Theo d\u00f5i v\u00e0 ph\u00e2n t\u00edch c\u00e1c s\u1ed1 li\u1ec7u ch\u00ednh \u0111\u1ec3 \u0111\u01b0a ra quy\u1ebft \u0111\u1ecbnh s\u00e1ng su\u1ed1t h\u01a1n d\u1ef1a tr\u00ean d\u1eef li\u1ec7u.                        <\/li>\n                                            <li>\n                                                            <i aria-hidden=\"true\" class=\"flaticon-arrow-button\"><\/i>                                                        T\u1ed1i \u01b0u h\u00f3a d\u00f2ng ti\u1ec1n: Ki\u1ec3m so\u00e1t t\u1ed1t h\u01a1n d\u00f2ng ti\u1ec1n v\u00e0 t\u0103ng l\u1ee3i nhu\u1eadn b\u1eb1ng c\u00e1c c\u00f4ng c\u1ee5 t\u00e0i ch\u00ednh th\u00f4ng minh.                        <\/li>\n                                            <li>\n                                                            <i aria-hidden=\"true\" class=\"flaticon-arrow-button\"><\/i>                                                        \u0110\u01b0\u1ee3c thi\u1ebft k\u1ebf ri\u00eang cho ng\u00e0nh c\u00f4ng nghi\u1ec7p \u00f4 t\u00f4 v\u00e0 \u00e9p phun: Gi\u1ea3i ph\u00e1p c\u1ee7a ch\u00fang t\u00f4i \u0111\u01b0\u1ee3c t\u1ed1i \u01b0u h\u00f3a c\u1ee5 th\u1ec3 cho c\u00e1c ng\u00e0nh c\u00f4ng nghi\u1ec7p nh\u01b0 \u00f4 t\u00f4 v\u00e0 \u00e9p phun, n\u01a1i \u0111\u1ed9 ch\u00ednh x\u00e1c v\u00e0 t\u1ed1c \u0111\u1ed9 l\u00e0 r\u1ea5t quan tr\u1ecdng. Qu\u1ea3n l\u00fd c\u1ea5u h\u00ecnh c\u00e1c b\u1ed9 ph\u1eadn ph\u1ee9c t\u1ea1p, thi\u1ebft k\u1ebf khu\u00f4n t\u00f9y ch\u1ec9nh v\u00e0 chi ph\u00ed v\u1eadt li\u1ec7u bi\u1ebfn \u0111\u1ed9ng m\u1ed9t c\u00e1ch d\u1ec5 d\u00e0ng.                        <\/li>\n                                    <\/ul>\n            <\/div>\n\n        \n\n\t\t\t\t<\/div>\n\t\t\t\t<\/div>\n\t\t\t\t<\/div>\n\t\t\t\t<\/div>\n\t\t\t\t\t<\/div>\n\t\t\t\t<\/div>\n\t\t<div class=\"elementor-element elementor-element-57efa04f e-flex e-con-boxed e-con e-parent\" data-id=\"57efa04f\" data-element_type=\"container\" data-settings=\"{&quot;background_background&quot;:&quot;classic&quot;}\">\n\t\t\t\t\t<div class=\"e-con-inner\">\n\t\t\t\t<div class=\"elementor-element elementor-element-609abe75 elementor-widget elementor-widget-heading\" data-id=\"609abe75\" data-element_type=\"widget\" data-widget_type=\"heading.default\">\n\t\t\t\t<div class=\"elementor-widget-container\">\n\t\t\t\t\t<h2 class=\"elementor-heading-title elementor-size-default\">Ch\u00fang t\u00f4i mu\u1ed1n tr\u1edf th\u00e0nh b\u1ea1n <br>\u0110\u1ed1i t\u00e1c Microsoft Dynamics 365<\/h2>\t\t\t\t<\/div>\n\t\t\t\t<\/div>\n\t\t\t\t<div class=\"elementor-element elementor-element-26db61a4 elementor-widget elementor-widget-heading\" data-id=\"26db61a4\" data-element_type=\"widget\" data-widget_type=\"heading.default\">\n\t\t\t\t<div class=\"elementor-widget-container\">\n\t\t\t\t\t<p class=\"elementor-heading-title elementor-size-default\">\u0110\u1ed9i ng\u0169 c\u1ee7a ch\u00fang t\u00f4i l\u00e0 chuy\u00ean gia v\u1ec1 Ho\u1ea1ch \u0111\u1ecbnh ngu\u1ed3n l\u1ef1c doanh nghi\u1ec7p (ERP) v\u00e0 Tr\u00ed tu\u1ec7 doanh nghi\u1ec7p (BI). V\u1edbi \u0111i\u1ec1u \u0111\u00f3, ch\u00fang t\u00f4i \u0111\u1ea3m b\u1ea3o s\u1ef1 tr\u1ee3 gi\u00fap, h\u1ed7 tr\u1ee3 v\u00e0 t\u01b0 v\u1ea5n gi\u00e0u kinh nghi\u1ec7m, c\u0169ng nh\u01b0 m\u1ee9c \u0111\u1ed9 cam k\u1ebft cao. Trong khi v\u1eabn ch\u1ecbu tr\u00e1ch nhi\u1ec7m, c\u0169ng nh\u01b0 uy t\u00edn v\u1ec1 giao h\u00e0ng \u0111\u00fang h\u1ea1n. B\u1ea1n s\u1ebd c\u00f3 m\u1ed1i quan h\u1ec7 \u0111\u1ed1i t\u00e1c t\u1ed1t h\u01a1n nhi\u1ec1u v\u1edbi ch\u00fang t\u00f4i khi n\u00f3i \u0111\u1ebfn vi\u1ec7c c\u00f3 ph\u01b0\u01a1ng ph\u00e1p ti\u1ebfp c\u1eadn hi\u1ec7u qu\u1ea3 v\u1ec1 chi ph\u00ed h\u01a1n v\u00e0 l\u1ee3i t\u1ee9c \u0111\u1ea7u t\u01b0 t\u1ed1t h\u01a1n cho doanh nghi\u1ec7p c\u1ee7a b\u1ea1n.<\/p>\t\t\t\t<\/div>\n\t\t\t\t<\/div>\n\t\t\t\t<div class=\"elementor-element elementor-element-4e6c7c94 elementor-widget elementor-widget-tg-btn\" data-id=\"4e6c7c94\" data-element_type=\"widget\" data-widget_type=\"tg-btn.default\">\n\t\t\t\t<div class=\"elementor-widget-container\">\n\t\t\t\t\t\n\n        \n                            <a href=\"https:\/\/9dots.com\/vi\/contact-us\/\" target=\"_self\" rel=\"nofollow\" class=\"btn\">\n                    B\u1eaft \u0111\u1ea7u                <\/a>\n            \n        \n\t\t\t\t<\/div>\n\t\t\t\t<\/div>\n\t\t\t\t\t<\/div>\n\t\t\t\t<\/div>\n\t\t\t\t<\/div>","protected":false},"excerpt":{"rendered":"<p>E &#8211; Quotation: Speed Up Sales with Digital Quotations Transform your sales process with our E &#8211; Quotation solution, designed to simplify and accelerate how you generate and approve quotes. Fully integrated with Dynamics 365, Power Automate, Power BI, and Power Apps, E &#8211; Quotation empowers your business with automated templates, real &#8211; time data [&hellip;]<\/p>","protected":false},"author":1,"featured_media":0,"parent":0,"menu_order":0,"comment_status":"closed","ping_status":"closed","template":"elementor_header_footer","meta":{"_acf_changed":false,"inline_featured_image":false,"footnotes":""},"class_list":["post-3327","page","type-page","status-publish","hentry"],"acf":[],"yoast_head":"<!-- This site is optimized with the Yoast SEO Premium plugin v26.6 (Yoast SEO v26.6) - https:\/\/yoast.com\/wordpress\/plugins\/seo\/ -->\n<title>E-Quotation - 9 Dots Consulting<\/title>\n<meta name=\"robots\" content=\"index, follow, max-snippet:-1, max-image-preview:large, max-video-preview:-1\" \/>\n<link rel=\"canonical\" href=\"https:\/\/9dots.com\/vi\/e-quotation\/\" \/>\n<meta property=\"og:locale\" content=\"vi_VN\" \/>\n<meta property=\"og:type\" content=\"article\" \/>\n<meta property=\"og:title\" content=\"E-Quotation\" \/>\n<meta property=\"og:description\" content=\"E &#8211; Quotation: Speed Up Sales with Digital Quotations Transform your sales process with our E &#8211; Quotation solution, designed to simplify and accelerate how you generate and approve quotes. Fully integrated with Dynamics 365, Power Automate, Power BI, and Power Apps, E &#8211; Quotation empowers your business with automated templates, real &#8211; time data [&hellip;]\" \/>\n<meta property=\"og:url\" content=\"https:\/\/9dots.com\/vi\/e-quotation\/\" \/>\n<meta property=\"og:site_name\" content=\"9 Dots Consulting\" \/>\n<meta property=\"article:modified_time\" content=\"2025-01-07T10:58:04+00:00\" \/>\n<meta property=\"og:image\" content=\"https:\/\/9dots.com\/wp-content\/uploads\/elementor\/thumbs\/pexels-kindel-media-7688330-1536x1152-1-qxpsq8eeqvrrx4e974zy969a4cr6iv60ikh4egmip8.jpg\" \/>\n<meta name=\"twitter:card\" content=\"summary_large_image\" \/>\n<meta name=\"twitter:label1\" content=\"\u01af\u1edbc t\u00ednh th\u1eddi gian \u0111\u1ecdc\" \/>\n\t<meta name=\"twitter:data1\" content=\"2 ph\u00fat\" \/>\n<script type=\"application\/ld+json\" class=\"yoast-schema-graph\">{\"@context\":\"https:\/\/schema.org\",\"@graph\":[{\"@type\":\"WebPage\",\"@id\":\"https:\/\/9dots.com\/e-quotation\/\",\"url\":\"https:\/\/9dots.com\/e-quotation\/\",\"name\":\"E-Quotation - 9 Dots Consulting\",\"isPartOf\":{\"@id\":\"https:\/\/9dots.com\/#website\"},\"primaryImageOfPage\":{\"@id\":\"https:\/\/9dots.com\/e-quotation\/#primaryimage\"},\"image\":{\"@id\":\"https:\/\/9dots.com\/e-quotation\/#primaryimage\"},\"thumbnailUrl\":\"https:\/\/9dots.com\/wp-content\/uploads\/elementor\/thumbs\/pexels-kindel-media-7688330-1536x1152-1-qxpsq8eeqvrrx4e974zy969a4cr6iv60ikh4egmip8.jpg\",\"datePublished\":\"2024-11-15T05:51:19+00:00\",\"dateModified\":\"2025-01-07T10:58:04+00:00\",\"breadcrumb\":{\"@id\":\"https:\/\/9dots.com\/e-quotation\/#breadcrumb\"},\"inLanguage\":\"vi\",\"potentialAction\":[{\"@type\":\"ReadAction\",\"target\":[\"https:\/\/9dots.com\/e-quotation\/\"]}]},{\"@type\":\"ImageObject\",\"inLanguage\":\"vi\",\"@id\":\"https:\/\/9dots.com\/e-quotation\/#primaryimage\",\"url\":\"https:\/\/9dots.com\/wp-content\/uploads\/elementor\/thumbs\/pexels-kindel-media-7688330-1536x1152-1-qxpsq8eeqvrrx4e974zy969a4cr6iv60ikh4egmip8.jpg\",\"contentUrl\":\"https:\/\/9dots.com\/wp-content\/uploads\/elementor\/thumbs\/pexels-kindel-media-7688330-1536x1152-1-qxpsq8eeqvrrx4e974zy969a4cr6iv60ikh4egmip8.jpg\"},{\"@type\":\"BreadcrumbList\",\"@id\":\"https:\/\/9dots.com\/e-quotation\/#breadcrumb\",\"itemListElement\":[{\"@type\":\"ListItem\",\"position\":1,\"name\":\"Home\",\"item\":\"https:\/\/9dots.com\/\"},{\"@type\":\"ListItem\",\"position\":2,\"name\":\"E-Quotation\"}]},{\"@type\":\"WebSite\",\"@id\":\"https:\/\/9dots.com\/#website\",\"url\":\"https:\/\/9dots.com\/\",\"name\":\"9 Dots Consulting\",\"description\":\"\",\"potentialAction\":[{\"@type\":\"SearchAction\",\"target\":{\"@type\":\"EntryPoint\",\"urlTemplate\":\"https:\/\/9dots.com\/?s={search_term_string}\"},\"query-input\":{\"@type\":\"PropertyValueSpecification\",\"valueRequired\":true,\"valueName\":\"search_term_string\"}}],\"inLanguage\":\"vi\"}]}<\/script>\n<!-- \/ Yoast SEO Premium plugin. -->","yoast_head_json":{"title":"E-Quotation - 9 Dots Consulting","robots":{"index":"index","follow":"follow","max-snippet":"max-snippet:-1","max-image-preview":"max-image-preview:large","max-video-preview":"max-video-preview:-1"},"canonical":"https:\/\/9dots.com\/vi\/e-quotation\/","og_locale":"vi_VN","og_type":"article","og_title":"E-Quotation","og_description":"E &#8211; Quotation: Speed Up Sales with Digital Quotations Transform your sales process with our E &#8211; Quotation solution, designed to simplify and accelerate how you generate and approve quotes. Fully integrated with Dynamics 365, Power Automate, Power BI, and Power Apps, E &#8211; Quotation empowers your business with automated templates, real &#8211; time data [&hellip;]","og_url":"https:\/\/9dots.com\/vi\/e-quotation\/","og_site_name":"9 Dots Consulting","article_modified_time":"2025-01-07T10:58:04+00:00","og_image":[{"url":"https:\/\/9dots.com\/wp-content\/uploads\/elementor\/thumbs\/pexels-kindel-media-7688330-1536x1152-1-qxpsq8eeqvrrx4e974zy969a4cr6iv60ikh4egmip8.jpg","type":"","width":"","height":""}],"twitter_card":"summary_large_image","twitter_misc":{"\u01af\u1edbc t\u00ednh th\u1eddi gian \u0111\u1ecdc":"2 ph\u00fat"},"schema":{"@context":"https:\/\/schema.org","@graph":[{"@type":"WebPage","@id":"https:\/\/9dots.com\/e-quotation\/","url":"https:\/\/9dots.com\/e-quotation\/","name":"E-Quotation - 9 Dots Consulting","isPartOf":{"@id":"https:\/\/9dots.com\/#website"},"primaryImageOfPage":{"@id":"https:\/\/9dots.com\/e-quotation\/#primaryimage"},"image":{"@id":"https:\/\/9dots.com\/e-quotation\/#primaryimage"},"thumbnailUrl":"https:\/\/9dots.com\/wp-content\/uploads\/elementor\/thumbs\/pexels-kindel-media-7688330-1536x1152-1-qxpsq8eeqvrrx4e974zy969a4cr6iv60ikh4egmip8.jpg","datePublished":"2024-11-15T05:51:19+00:00","dateModified":"2025-01-07T10:58:04+00:00","breadcrumb":{"@id":"https:\/\/9dots.com\/e-quotation\/#breadcrumb"},"inLanguage":"vi","potentialAction":[{"@type":"ReadAction","target":["https:\/\/9dots.com\/e-quotation\/"]}]},{"@type":"ImageObject","inLanguage":"vi","@id":"https:\/\/9dots.com\/e-quotation\/#primaryimage","url":"https:\/\/9dots.com\/wp-content\/uploads\/elementor\/thumbs\/pexels-kindel-media-7688330-1536x1152-1-qxpsq8eeqvrrx4e974zy969a4cr6iv60ikh4egmip8.jpg","contentUrl":"https:\/\/9dots.com\/wp-content\/uploads\/elementor\/thumbs\/pexels-kindel-media-7688330-1536x1152-1-qxpsq8eeqvrrx4e974zy969a4cr6iv60ikh4egmip8.jpg"},{"@type":"BreadcrumbList","@id":"https:\/\/9dots.com\/e-quotation\/#breadcrumb","itemListElement":[{"@type":"ListItem","position":1,"name":"Home","item":"https:\/\/9dots.com\/"},{"@type":"ListItem","position":2,"name":"E-Quotation"}]},{"@type":"WebSite","@id":"https:\/\/9dots.com\/#website","url":"https:\/\/9dots.com\/","name":"9 Dots Consulting","description":"","potentialAction":[{"@type":"SearchAction","target":{"@type":"EntryPoint","urlTemplate":"https:\/\/9dots.com\/?s={search_term_string}"},"query-input":{"@type":"PropertyValueSpecification","valueRequired":true,"valueName":"search_term_string"}}],"inLanguage":"vi"}]}},"_links":{"self":[{"href":"https:\/\/9dots.com\/vi\/wp-json\/wp\/v2\/pages\/3327","targetHints":{"allow":["GET"]}}],"collection":[{"href":"https:\/\/9dots.com\/vi\/wp-json\/wp\/v2\/pages"}],"about":[{"href":"https:\/\/9dots.com\/vi\/wp-json\/wp\/v2\/types\/page"}],"author":[{"embeddable":true,"href":"https:\/\/9dots.com\/vi\/wp-json\/wp\/v2\/users\/1"}],"replies":[{"embeddable":true,"href":"https:\/\/9dots.com\/vi\/wp-json\/wp\/v2\/comments?post=3327"}],"version-history":[{"count":58,"href":"https:\/\/9dots.com\/vi\/wp-json\/wp\/v2\/pages\/3327\/revisions"}],"predecessor-version":[{"id":4448,"href":"https:\/\/9dots.com\/vi\/wp-json\/wp\/v2\/pages\/3327\/revisions\/4448"}],"wp:attachment":[{"href":"https:\/\/9dots.com\/vi\/wp-json\/wp\/v2\/media?parent=3327"}],"curies":[{"name":"wp","href":"https:\/\/api.w.org\/{rel}","templated":true}]}}