{"id":3349,"date":"2024-11-15T06:20:47","date_gmt":"2024-11-15T06:20:47","guid":{"rendered":"https:\/\/10dumbs.com\/9dots\/?page_id=3349"},"modified":"2024-11-15T06:23:16","modified_gmt":"2024-11-15T06:23:16","slug":"ap-documentation-automation","status":"publish","type":"page","link":"https:\/\/9dots.com\/vi\/ap-documentation-automation\/","title":{"rendered":"AP, T\u1ef1 \u0111\u1ed9ng h\u00f3a t\u00e0i li\u1ec7u"},"content":{"rendered":"<div data-elementor-type=\"wp-page\" data-elementor-id=\"3349\" class=\"elementor elementor-3349\">\n\t\t\t\t<div class=\"elementor-element elementor-element-5017896 e-flex e-con-boxed e-con e-parent\" data-id=\"5017896\" data-element_type=\"container\">\n\t\t\t\t\t<div class=\"e-con-inner\">\n\t\t<div class=\"elementor-element elementor-element-24ec4f77 e-con-full e-flex e-con e-child\" data-id=\"24ec4f77\" data-element_type=\"container\">\n\t\t\t\t<div class=\"elementor-element elementor-element-3a8d225f elementor-widget__width-inherit elementor-widget elementor-widget-image\" data-id=\"3a8d225f\" data-element_type=\"widget\" data-widget_type=\"image.default\">\n\t\t\t\t<div class=\"elementor-widget-container\">\n\t\t\t\t\t\t\t\t\t\t\t\t\t\t\t<img fetchpriority=\"high\" decoding=\"async\" width=\"850\" height=\"480\" src=\"https:\/\/9dots.com\/wp-content\/uploads\/2023\/11\/services_img08.jpg\" class=\"attachment-full size-full wp-image-684\" alt=\"\" srcset=\"https:\/\/9dots.com\/wp-content\/uploads\/2023\/11\/services_img08.jpg 850w, https:\/\/9dots.com\/wp-content\/uploads\/2023\/11\/services_img08-300x169.jpg 300w, https:\/\/9dots.com\/wp-content\/uploads\/2023\/11\/services_img08-768x434.jpg 768w\" sizes=\"(max-width: 850px) 100vw, 850px\" \/>\t\t\t\t\t\t\t\t\t\t\t\t\t\t\t<\/div>\n\t\t\t\t<\/div>\n\t\t\t\t<div class=\"elementor-element elementor-element-b402a10 elementor-widget elementor-widget-heading\" data-id=\"b402a10\" data-element_type=\"widget\" data-widget_type=\"heading.default\">\n\t\t\t\t<div class=\"elementor-widget-container\">\n\t\t\t\t\t<h2 class=\"elementor-heading-title elementor-size-default\">T\u1ed1i \u01b0u h\u00f3a vi\u1ec7c x\u1eed l\u00fd AP v\u00e0 t\u00e0i li\u1ec7u b\u1eb1ng c\u00e1c gi\u1ea3i ph\u00e1p t\u1ef1 \u0111\u1ed9ng h\u00f3a<\/h2>\t\t\t\t<\/div>\n\t\t\t\t<\/div>\n\t\t\t\t<div class=\"elementor-element elementor-element-5cdaf6da elementor-widget elementor-widget-heading\" data-id=\"5cdaf6da\" data-element_type=\"widget\" data-widget_type=\"heading.default\">\n\t\t\t\t<div class=\"elementor-widget-container\">\n\t\t\t\t\t<p class=\"elementor-heading-title elementor-size-default\">Qu\u1ea3n l\u00fd hi\u1ec7u qu\u1ea3 c\u00e1c kho\u1ea3n ph\u1ea3i tr\u1ea3 (AP) v\u00e0 t\u00e0i li\u1ec7u l\u00e0 y\u1ebfu t\u1ed1 then ch\u1ed1t \u0111\u1ec3 v\u1eadn h\u00e0nh kinh doanh tr\u01a1n tru. Gi\u1ea3i ph\u00e1p T\u1ef1 \u0111\u1ed9ng h\u00f3a T\u00e0i li\u1ec7u v\u00e0 AP c\u1ee7a ch\u00fang t\u00f4i, \u0111\u01b0\u1ee3c h\u1ed7 tr\u1ee3 b\u1edfi Microsoft Power Automate v\u00e0 t\u00edch h\u1ee3p ho\u00e0n to\u00e0n v\u1edbi Dynamics 365, gi\u00fap b\u1ea1n ti\u1ebft ki\u1ec7m th\u1eddi gian, gi\u1ea3m thi\u1ec3u l\u1ed7i th\u1ee7 c\u00f4ng v\u00e0 c\u1ea3i thi\u1ec7n n\u0103ng su\u1ea5t. B\u1eb1ng c\u00e1ch t\u1ef1 \u0111\u1ed9ng h\u00f3a quy tr\u00ecnh x\u1eed l\u00fd h\u00f3a \u0111\u01a1n, quy tr\u00ecnh ph\u00ea duy\u1ec7t v\u00e0 s\u1ed1 h\u00f3a t\u00e0i li\u1ec7u, b\u1ea1n c\u00f3 th\u1ec3 lo\u1ea1i b\u1ecf c\u00e1c t\u00e1c v\u1ee5 l\u1eb7p \u0111i l\u1eb7p l\u1ea1i v\u00e0 t\u1eadp trung v\u00e0o c\u00e1c ch\u1ee9c n\u0103ng kinh doanh chi\u1ebfn l\u01b0\u1ee3c h\u01a1n.<\/p>\t\t\t\t<\/div>\n\t\t\t\t<\/div>\n\t\t\t\t<\/div>\n\t\t\t\t\t<\/div>\n\t\t\t\t<\/div>\n\t\t<div class=\"elementor-element elementor-element-250e55b e-flex e-con-boxed e-con e-parent\" data-id=\"250e55b\" data-element_type=\"container\" data-settings=\"{&quot;background_background&quot;:&quot;classic&quot;}\">\n\t\t\t\t\t<div class=\"e-con-inner\">\n\t\t<div class=\"elementor-element elementor-element-2551edfa e-con-full e-flex e-con e-child\" data-id=\"2551edfa\" data-element_type=\"container\">\n\t\t<div class=\"elementor-element elementor-element-7a89f23b e-con-full e-flex e-con e-child\" data-id=\"7a89f23b\" data-element_type=\"container\">\n\t\t\t\t<div class=\"elementor-element elementor-element-b305a83 elementor-widget elementor-widget-genix-image\" data-id=\"b305a83\" data-element_type=\"widget\" data-widget_type=\"genix-image.default\">\n\t\t\t\t<div class=\"elementor-widget-container\">\n\t\t\t\t\t\n        \n            <div class=\"about-img-wrap\">\n                                    <div class=\"mask-img-wrap\">\n                        <img decoding=\"async\" src=\"https:\/\/9dots.com\/wp-content\/uploads\/2024\/03\/new_about.webp\" alt=\"\">\n                    <\/div>\n                                                            <\/div>\n                    \n\t\t\t\t<\/div>\n\t\t\t\t<\/div>\n\t\t\t\t<div class=\"elementor-element elementor-element-3f87bab9 elementor-widget elementor-widget-tg-btn\" data-id=\"3f87bab9\" data-element_type=\"widget\" data-widget_type=\"tg-btn.default\">\n\t\t\t\t<div class=\"elementor-widget-container\">\n\t\t\t\t\t\n\n        \n                            <a href=\"\" target=\"_self\" rel=\"nofollow\" class=\"btn\">\n                    Y\u00eau c\u1ea7u ngay                <\/a>\n            \n        \n\t\t\t\t<\/div>\n\t\t\t\t<\/div>\n\t\t\t\t<\/div>\n\t\t<div class=\"elementor-element elementor-element-4ec36228 e-con-full e-flex e-con e-child\" data-id=\"4ec36228\" data-element_type=\"container\">\n\t\t\t\t<div class=\"elementor-element elementor-element-2451e8fc elementor-widget elementor-widget-heading\" data-id=\"2451e8fc\" data-element_type=\"widget\" data-widget_type=\"heading.default\">\n\t\t\t\t<div class=\"elementor-widget-container\">\n\t\t\t\t\t<h2 class=\"elementor-heading-title elementor-size-default\">L\u1ee3i \u00edch ch\u00ednh c\u1ee7a T\u1ef1 \u0111\u1ed9ng h\u00f3a l\u1ef1c l\u01b0\u1ee3ng b\u00e1n h\u00e0ng (Di \u0111\u1ed9ng):<\/h2>\t\t\t\t<\/div>\n\t\t\t\t<\/div>\n\t\t\t\t<div class=\"elementor-element elementor-element-6dc7c05a elementor-widget elementor-widget-iconlist\" data-id=\"6dc7c05a\" data-element_type=\"widget\" data-widget_type=\"iconlist.default\">\n\t\t\t\t<div class=\"elementor-widget-container\">\n\t\t\t\t\t\n        \n            <div class=\"about__list-box\">\n                <ul class=\"list-wrap\">\n                                            <li>\n                                                            <i aria-hidden=\"true\" class=\"flaticon-arrow-button\"><\/i>                                                        Ph\u00ea duy\u1ec7t h\u00f3a \u0111\u01a1n nhanh h\u01a1n: T\u1ef1 \u0111\u1ed9ng h\u00f3a quy tr\u00ecnh ph\u00ea duy\u1ec7t \u0111\u1ec3 t\u0103ng t\u1ed1c to\u00e0n b\u1ed9 quy tr\u00ecnh, \u0111\u1ea3m b\u1ea3o thanh to\u00e1n k\u1ecbp th\u1eddi v\u00e0 c\u1ea3i thi\u1ec7n m\u1ed1i quan h\u1ec7 v\u1edbi nh\u00e0 cung c\u1ea5p.                        <\/li>\n                                            <li>\n                                                            <i aria-hidden=\"true\" class=\"flaticon-arrow-button\"><\/i>                                                        S\u1ed1 h\u00f3a t\u00e0i li\u1ec7u: Chuy\u1ec3n \u0111\u1ed5i t\u00e0i li\u1ec7u gi\u1ea5y sang \u0111\u1ecbnh d\u1ea1ng k\u1ef9 thu\u1eadt s\u1ed1 m\u1ed9t c\u00e1ch d\u1ec5 d\u00e0ng, cho ph\u00e9p x\u1eed l\u00fd v\u00e0 l\u01b0u tr\u1eef t\u00e0i li\u1ec7u li\u1ec1n m\u1ea1ch                        <\/li>\n                                            <li>\n                                                            <i aria-hidden=\"true\" class=\"flaticon-arrow-button\"><\/i>                                                        Gi\u1ea3m thi\u1ec3u l\u1ed7i v\u00e0 hi\u1ec7u qu\u1ea3: Lo\u1ea1i b\u1ecf l\u1ed7i nh\u1eadp d\u1eef li\u1ec7u th\u1ee7 c\u00f4ng v\u00e0 h\u1ee3p l\u00fd h\u00f3a quy tr\u00ecnh thanh to\u00e1n c\u00e1c kho\u1ea3n ph\u1ea3i tr\u1ea3 c\u1ee7a b\u1ea1n \u0111\u1ec3 c\u1ea3i thi\u1ec7n \u0111\u1ed9 ch\u00ednh x\u00e1c v\u00e0 hi\u1ec7u qu\u1ea3.                        <\/li>\n                                    <\/ul>\n            <\/div>\n\n        \n\n\t\t\t\t<\/div>\n\t\t\t\t<\/div>\n\t\t\t\t<\/div>\n\t\t\t\t<\/div>\n\t\t\t\t\t<\/div>\n\t\t\t\t<\/div>\n\t\t<div class=\"elementor-element elementor-element-57efa04f e-flex e-con-boxed e-con e-parent\" data-id=\"57efa04f\" data-element_type=\"container\" data-settings=\"{&quot;background_background&quot;:&quot;classic&quot;}\">\n\t\t\t\t\t<div class=\"e-con-inner\">\n\t\t\t\t<div class=\"elementor-element elementor-element-609abe75 elementor-widget elementor-widget-heading\" data-id=\"609abe75\" data-element_type=\"widget\" data-widget_type=\"heading.default\">\n\t\t\t\t<div class=\"elementor-widget-container\">\n\t\t\t\t\t<h2 class=\"elementor-heading-title elementor-size-default\">T\u1ea1i sao n\u00ean t\u1ef1 \u0111\u1ed9ng h\u00f3a AP v\u00e0 t\u00e0i li\u1ec7u c\u1ee7a b\u1ea1n?<\/h2>\t\t\t\t<\/div>\n\t\t\t\t<\/div>\n\t\t\t\t<div class=\"elementor-element elementor-element-26db61a4 elementor-widget elementor-widget-heading\" data-id=\"26db61a4\" data-element_type=\"widget\" data-widget_type=\"heading.default\">\n\t\t\t\t<div class=\"elementor-widget-container\">\n\t\t\t\t\t<p class=\"elementor-heading-title elementor-size-default\">V\u1edbi c\u00e1c c\u00f4ng c\u1ee5 t\u1ef1 \u0111\u1ed9ng h\u00f3a \u0111\u01b0\u1ee3c t\u00edch h\u1ee3p v\u00e0o Dynamics 365, b\u1ea1n c\u00f3 th\u1ec3 t\u1ed1i \u01b0u h\u00f3a ho\u1ea1t \u0111\u1ed9ng AP v\u00e0 quy tr\u00ecnh x\u1eed l\u00fd t\u00e0i li\u1ec7u, cho ph\u00e9p nh\u00f3m c\u1ee7a b\u1ea1n t\u1eadp trung v\u00e0o c\u00e1c nhi\u1ec7m v\u1ee5 c\u00f3 gi\u00e1 tr\u1ecb cao \u0111\u1ed3ng th\u1eddi gi\u1ea3m chi ph\u00ed v\u00e0 c\u1ea3i thi\u1ec7n \u0111\u1ed9 ch\u00ednh x\u00e1c.<\/p>\t\t\t\t<\/div>\n\t\t\t\t<\/div>\n\t\t\t\t<div class=\"elementor-element elementor-element-4e6c7c94 elementor-widget elementor-widget-tg-btn\" data-id=\"4e6c7c94\" data-element_type=\"widget\" data-widget_type=\"tg-btn.default\">\n\t\t\t\t<div class=\"elementor-widget-container\">\n\t\t\t\t\t\n\n        \n                            <a href=\"\" target=\"_self\" rel=\"nofollow\" class=\"btn\">\n                    B\u1eaft \u0111\u1ea7u                <\/a>\n            \n        \n\t\t\t\t<\/div>\n\t\t\t\t<\/div>\n\t\t\t\t\t<\/div>\n\t\t\t\t<\/div>\n\t\t\t\t<\/div>","protected":false},"excerpt":{"rendered":"<p>Streamline AP and Document Handling with Automation Solutions Efficient management of accounts payable (AP) and documentation is crucial to running a smooth business operation. Our AP and Documentation Automation solution, powered by Microsoft Power Automate and fully integrated with Dynamics 365 , helps you save time, reduce manual errors, and improve productivity. By automating invoice [&hellip;]<\/p>","protected":false},"author":1,"featured_media":0,"parent":0,"menu_order":0,"comment_status":"closed","ping_status":"closed","template":"elementor_header_footer","meta":{"_acf_changed":false,"inline_featured_image":false,"footnotes":""},"class_list":["post-3349","page","type-page","status-publish","hentry"],"acf":[],"yoast_head":"<!-- This site is optimized with the Yoast SEO Premium plugin v26.6 (Yoast SEO v26.6) - https:\/\/yoast.com\/wordpress\/plugins\/seo\/ -->\n<title>AP, Documentation Automation - 9 Dots Consulting<\/title>\n<meta name=\"robots\" content=\"index, follow, max-snippet:-1, max-image-preview:large, max-video-preview:-1\" \/>\n<link rel=\"canonical\" href=\"https:\/\/9dots.com\/vi\/ap-documentation-automation\/\" \/>\n<meta property=\"og:locale\" content=\"vi_VN\" \/>\n<meta property=\"og:type\" content=\"article\" \/>\n<meta property=\"og:title\" content=\"AP, Documentation Automation\" \/>\n<meta property=\"og:description\" content=\"Streamline AP and Document Handling with Automation Solutions Efficient management of accounts payable (AP) and documentation is crucial to running a smooth business operation. Our AP and Documentation Automation solution, powered by Microsoft Power Automate and fully integrated with Dynamics 365 , helps you save time, reduce manual errors, and improve productivity. By automating invoice [&hellip;]\" \/>\n<meta property=\"og:url\" content=\"https:\/\/9dots.com\/vi\/ap-documentation-automation\/\" \/>\n<meta property=\"og:site_name\" content=\"9 Dots Consulting\" \/>\n<meta property=\"article:modified_time\" content=\"2024-11-15T06:23:16+00:00\" \/>\n<meta property=\"og:image\" content=\"https:\/\/10dumbs.com\/9dots\/wp-content\/uploads\/2023\/11\/services_img08.jpg\" \/>\n<meta name=\"twitter:card\" content=\"summary_large_image\" \/>\n<meta name=\"twitter:label1\" content=\"\u01af\u1edbc t\u00ednh th\u1eddi gian \u0111\u1ecdc\" \/>\n\t<meta name=\"twitter:data1\" content=\"1 ph\u00fat\" \/>\n<script type=\"application\/ld+json\" class=\"yoast-schema-graph\">{\"@context\":\"https:\/\/schema.org\",\"@graph\":[{\"@type\":\"WebPage\",\"@id\":\"https:\/\/9dots.com\/ap-documentation-automation\/\",\"url\":\"https:\/\/9dots.com\/ap-documentation-automation\/\",\"name\":\"AP, Documentation Automation - 9 Dots Consulting\",\"isPartOf\":{\"@id\":\"https:\/\/9dots.com\/#website\"},\"primaryImageOfPage\":{\"@id\":\"https:\/\/9dots.com\/ap-documentation-automation\/#primaryimage\"},\"image\":{\"@id\":\"https:\/\/9dots.com\/ap-documentation-automation\/#primaryimage\"},\"thumbnailUrl\":\"https:\/\/10dumbs.com\/9dots\/wp-content\/uploads\/2023\/11\/services_img08.jpg\",\"datePublished\":\"2024-11-15T06:20:47+00:00\",\"dateModified\":\"2024-11-15T06:23:16+00:00\",\"breadcrumb\":{\"@id\":\"https:\/\/9dots.com\/ap-documentation-automation\/#breadcrumb\"},\"inLanguage\":\"vi\",\"potentialAction\":[{\"@type\":\"ReadAction\",\"target\":[\"https:\/\/9dots.com\/ap-documentation-automation\/\"]}]},{\"@type\":\"ImageObject\",\"inLanguage\":\"vi\",\"@id\":\"https:\/\/9dots.com\/ap-documentation-automation\/#primaryimage\",\"url\":\"https:\/\/10dumbs.com\/9dots\/wp-content\/uploads\/2023\/11\/services_img08.jpg\",\"contentUrl\":\"https:\/\/10dumbs.com\/9dots\/wp-content\/uploads\/2023\/11\/services_img08.jpg\"},{\"@type\":\"BreadcrumbList\",\"@id\":\"https:\/\/9dots.com\/ap-documentation-automation\/#breadcrumb\",\"itemListElement\":[{\"@type\":\"ListItem\",\"position\":1,\"name\":\"Home\",\"item\":\"https:\/\/9dots.com\/\"},{\"@type\":\"ListItem\",\"position\":2,\"name\":\"AP, Documentation Automation\"}]},{\"@type\":\"WebSite\",\"@id\":\"https:\/\/9dots.com\/#website\",\"url\":\"https:\/\/9dots.com\/\",\"name\":\"9 Dots Consulting\",\"description\":\"\",\"potentialAction\":[{\"@type\":\"SearchAction\",\"target\":{\"@type\":\"EntryPoint\",\"urlTemplate\":\"https:\/\/9dots.com\/?s={search_term_string}\"},\"query-input\":{\"@type\":\"PropertyValueSpecification\",\"valueRequired\":true,\"valueName\":\"search_term_string\"}}],\"inLanguage\":\"vi\"}]}<\/script>\n<!-- \/ Yoast SEO Premium plugin. -->","yoast_head_json":{"title":"AP, Documentation Automation - 9 Dots Consulting","robots":{"index":"index","follow":"follow","max-snippet":"max-snippet:-1","max-image-preview":"max-image-preview:large","max-video-preview":"max-video-preview:-1"},"canonical":"https:\/\/9dots.com\/vi\/ap-documentation-automation\/","og_locale":"vi_VN","og_type":"article","og_title":"AP, Documentation Automation","og_description":"Streamline AP and Document Handling with Automation Solutions Efficient management of accounts payable (AP) and documentation is crucial to running a smooth business operation. Our AP and Documentation Automation solution, powered by Microsoft Power Automate and fully integrated with Dynamics 365 , helps you save time, reduce manual errors, and improve productivity. By automating invoice [&hellip;]","og_url":"https:\/\/9dots.com\/vi\/ap-documentation-automation\/","og_site_name":"9 Dots Consulting","article_modified_time":"2024-11-15T06:23:16+00:00","og_image":[{"url":"https:\/\/10dumbs.com\/9dots\/wp-content\/uploads\/2023\/11\/services_img08.jpg","type":"","width":"","height":""}],"twitter_card":"summary_large_image","twitter_misc":{"\u01af\u1edbc t\u00ednh th\u1eddi gian \u0111\u1ecdc":"1 ph\u00fat"},"schema":{"@context":"https:\/\/schema.org","@graph":[{"@type":"WebPage","@id":"https:\/\/9dots.com\/ap-documentation-automation\/","url":"https:\/\/9dots.com\/ap-documentation-automation\/","name":"AP, Documentation Automation - 9 Dots Consulting","isPartOf":{"@id":"https:\/\/9dots.com\/#website"},"primaryImageOfPage":{"@id":"https:\/\/9dots.com\/ap-documentation-automation\/#primaryimage"},"image":{"@id":"https:\/\/9dots.com\/ap-documentation-automation\/#primaryimage"},"thumbnailUrl":"https:\/\/10dumbs.com\/9dots\/wp-content\/uploads\/2023\/11\/services_img08.jpg","datePublished":"2024-11-15T06:20:47+00:00","dateModified":"2024-11-15T06:23:16+00:00","breadcrumb":{"@id":"https:\/\/9dots.com\/ap-documentation-automation\/#breadcrumb"},"inLanguage":"vi","potentialAction":[{"@type":"ReadAction","target":["https:\/\/9dots.com\/ap-documentation-automation\/"]}]},{"@type":"ImageObject","inLanguage":"vi","@id":"https:\/\/9dots.com\/ap-documentation-automation\/#primaryimage","url":"https:\/\/10dumbs.com\/9dots\/wp-content\/uploads\/2023\/11\/services_img08.jpg","contentUrl":"https:\/\/10dumbs.com\/9dots\/wp-content\/uploads\/2023\/11\/services_img08.jpg"},{"@type":"BreadcrumbList","@id":"https:\/\/9dots.com\/ap-documentation-automation\/#breadcrumb","itemListElement":[{"@type":"ListItem","position":1,"name":"Home","item":"https:\/\/9dots.com\/"},{"@type":"ListItem","position":2,"name":"AP, Documentation Automation"}]},{"@type":"WebSite","@id":"https:\/\/9dots.com\/#website","url":"https:\/\/9dots.com\/","name":"9 Dots Consulting","description":"","potentialAction":[{"@type":"SearchAction","target":{"@type":"EntryPoint","urlTemplate":"https:\/\/9dots.com\/?s={search_term_string}"},"query-input":{"@type":"PropertyValueSpecification","valueRequired":true,"valueName":"search_term_string"}}],"inLanguage":"vi"}]}},"_links":{"self":[{"href":"https:\/\/9dots.com\/vi\/wp-json\/wp\/v2\/pages\/3349","targetHints":{"allow":["GET"]}}],"collection":[{"href":"https:\/\/9dots.com\/vi\/wp-json\/wp\/v2\/pages"}],"about":[{"href":"https:\/\/9dots.com\/vi\/wp-json\/wp\/v2\/types\/page"}],"author":[{"embeddable":true,"href":"https:\/\/9dots.com\/vi\/wp-json\/wp\/v2\/users\/1"}],"replies":[{"embeddable":true,"href":"https:\/\/9dots.com\/vi\/wp-json\/wp\/v2\/comments?post=3349"}],"version-history":[{"count":5,"href":"https:\/\/9dots.com\/vi\/wp-json\/wp\/v2\/pages\/3349\/revisions"}],"predecessor-version":[{"id":4809,"href":"https:\/\/9dots.com\/vi\/wp-json\/wp\/v2\/pages\/3349\/revisions\/4809"}],"wp:attachment":[{"href":"https:\/\/9dots.com\/vi\/wp-json\/wp\/v2\/media?parent=3349"}],"curies":[{"name":"wp","href":"https:\/\/api.w.org\/{rel}","templated":true}]}}