{"id":3366,"date":"2024-11-15T06:38:54","date_gmt":"2024-11-15T06:38:54","guid":{"rendered":"https:\/\/10dumbs.com\/9dots\/?page_id=3366"},"modified":"2026-04-30T11:18:23","modified_gmt":"2026-04-30T11:18:23","slug":"c-future-dashboard","status":"publish","type":"page","link":"https:\/\/9dots.com\/vi\/c-future-dashboard\/","title":{"rendered":"B\u1ea3ng \u0111i\u1ec1u khi\u1ec3n C-Future"},"content":{"rendered":"<div data-elementor-type=\"wp-page\" data-elementor-id=\"3366\" class=\"elementor elementor-3366\">\n\t\t\t\t<div class=\"elementor-element elementor-element-5017896 e-flex e-con-boxed e-con e-parent\" data-id=\"5017896\" data-element_type=\"container\">\n\t\t\t\t\t<div class=\"e-con-inner\">\n\t\t<div class=\"elementor-element elementor-element-24ec4f77 e-con-full e-flex e-con e-child\" data-id=\"24ec4f77\" data-element_type=\"container\">\n\t\t\t\t<div class=\"elementor-element elementor-element-3a8d225f elementor-widget__width-inherit elementor-widget elementor-widget-image\" data-id=\"3a8d225f\" data-element_type=\"widget\" data-widget_type=\"image.default\">\n\t\t\t\t<div class=\"elementor-widget-container\">\n\t\t\t\t\t\t\t\t\t\t\t\t\t\t\t<img fetchpriority=\"high\" decoding=\"async\" width=\"540\" height=\"360\" src=\"https:\/\/9dots.com\/wp-content\/uploads\/2024\/11\/360_F_422596385_LVx1bI8d2VRynY1wsQYW5hgQgS2lVUVg.jpg\" class=\"attachment-full size-full wp-image-3786\" alt=\"\" srcset=\"https:\/\/9dots.com\/wp-content\/uploads\/2024\/11\/360_F_422596385_LVx1bI8d2VRynY1wsQYW5hgQgS2lVUVg.jpg 540w, https:\/\/9dots.com\/wp-content\/uploads\/2024\/11\/360_F_422596385_LVx1bI8d2VRynY1wsQYW5hgQgS2lVUVg-300x200.jpg 300w\" sizes=\"(max-width: 540px) 100vw, 540px\" \/>\t\t\t\t\t\t\t\t\t\t\t\t\t\t\t<\/div>\n\t\t\t\t<\/div>\n\t\t\t\t<div class=\"elementor-element elementor-element-b402a10 elementor-widget elementor-widget-heading\" data-id=\"b402a10\" data-element_type=\"widget\" data-widget_type=\"heading.default\">\n\t\t\t\t<div class=\"elementor-widget-container\">\n\t\t\t\t\t<h2 class=\"elementor-heading-title elementor-size-default\">M\u1edf kh\u00f3a th\u00f4ng tin chi ti\u1ebft c\u00f3 th\u1ec3 h\u00e0nh \u0111\u1ed9ng v\u1edbi C - Future Dashboard <br> Ki\u1ec3m so\u00e1t t\u01b0\u01a1ng lai kinh doanh c\u1ee7a b\u1ea1n v\u1edbi ph\u00e2n t\u00edch d\u1ef1 \u0111o\u00e1n<\/h2>\t\t\t\t<\/div>\n\t\t\t\t<\/div>\n\t\t\t\t<div class=\"elementor-element elementor-element-5cdaf6da elementor-widget elementor-widget-heading\" data-id=\"5cdaf6da\" data-element_type=\"widget\" data-widget_type=\"heading.default\">\n\t\t\t\t<div class=\"elementor-widget-container\">\n\t\t\t\t\t<p class=\"elementor-heading-title elementor-size-default\">B\u1ea3ng \u0111i\u1ec1u khi\u1ec3n C - Future, \u0111\u01b0\u1ee3c h\u1ed7 tr\u1ee3 b\u1edfi Microsoft Power BI, cung c\u1ea5p cho b\u1ea1n c\u00e1c c\u00f4ng c\u1ee5 \u0111\u1ec3 \u0111\u01b0a ra quy\u1ebft \u0111\u1ecbnh s\u00e1ng su\u1ed1t, d\u1ef1a tr\u00ean d\u1eef li\u1ec7u, \u0111\u1ecbnh h\u00ecnh t\u01b0\u01a1ng lai cho doanh nghi\u1ec7p c\u1ee7a b\u1ea1n. V\u1edbi t\u00ednh n\u0103ng theo d\u00f5i KPI theo th\u1eddi gian th\u1ef1c, ph\u00e2n t\u00edch d\u1ef1 \u0111o\u00e1n v\u00e0 b\u00e1o c\u00e1o c\u00f3 th\u1ec3 t\u00f9y ch\u1ec9nh, b\u1ea3ng \u0111i\u1ec1u khi\u1ec3n m\u1ea1nh m\u1ebd n\u00e0y t\u00edch h\u1ee3p li\u1ec1n m\u1ea1ch v\u1edbi c\u00e1c h\u1ec7 th\u1ed1ng hi\u1ec7n c\u00f3 c\u1ee7a b\u1ea1n, cung c\u1ea5p th\u00f4ng tin chi ti\u1ebft c\u00f3 gi\u00e1 tr\u1ecb \u0111\u1ec3 th\u00fac \u0111\u1ea9y t\u0103ng tr\u01b0\u1edfng v\u00e0 t\u1ed1i \u01b0u h\u00f3a hi\u1ec7u su\u1ea5t.<\/p>\t\t\t\t<\/div>\n\t\t\t\t<\/div>\n\t\t\t\t<\/div>\n\t\t\t\t\t<\/div>\n\t\t\t\t<\/div>\n\t\t<div class=\"elementor-element elementor-element-250e55b e-flex e-con-boxed e-con e-parent\" data-id=\"250e55b\" data-element_type=\"container\" data-settings=\"{&quot;background_background&quot;:&quot;classic&quot;}\">\n\t\t\t\t\t<div class=\"e-con-inner\">\n\t\t<div class=\"elementor-element elementor-element-2551edfa e-con-full e-flex e-con e-child\" data-id=\"2551edfa\" data-element_type=\"container\">\n\t\t<div class=\"elementor-element elementor-element-7a89f23b e-con-full e-flex e-con e-child\" data-id=\"7a89f23b\" data-element_type=\"container\">\n\t\t\t\t<div class=\"elementor-element elementor-element-b305a83 elementor-widget elementor-widget-genix-image\" data-id=\"b305a83\" data-element_type=\"widget\" data-widget_type=\"genix-image.default\">\n\t\t\t\t<div class=\"elementor-widget-container\">\n\t\t\t\t\t\n        \n            <div class=\"about-img-wrap\">\n                                    <div class=\"mask-img-wrap\">\n                        <img decoding=\"async\" src=\"https:\/\/9dots.com\/wp-content\/uploads\/2024\/11\/pexels-fauxels-3184639-1-scaled-1-768x366-1.webp\" alt=\"\">\n                    <\/div>\n                                                            <\/div>\n                    \n\t\t\t\t<\/div>\n\t\t\t\t<\/div>\n\t\t\t\t<div class=\"elementor-element elementor-element-3f87bab9 elementor-widget elementor-widget-tg-btn\" data-id=\"3f87bab9\" data-element_type=\"widget\" data-widget_type=\"tg-btn.default\">\n\t\t\t\t<div class=\"elementor-widget-container\">\n\t\t\t\t\t\n\n        \n                            <a href=\"https:\/\/9dots.com\/vi\/contact-us\/\" target=\"_self\" rel=\"nofollow\" class=\"btn\">\n                    Y\u00eau c\u1ea7u ngay                <\/a>\n            \n        \n\t\t\t\t<\/div>\n\t\t\t\t<\/div>\n\t\t\t\t<\/div>\n\t\t<div class=\"elementor-element elementor-element-4ec36228 e-con-full e-flex e-con e-child\" data-id=\"4ec36228\" data-element_type=\"container\">\n\t\t\t\t<div class=\"elementor-element elementor-element-2451e8fc elementor-widget elementor-widget-heading\" data-id=\"2451e8fc\" data-element_type=\"widget\" data-widget_type=\"heading.default\">\n\t\t\t\t<div class=\"elementor-widget-container\">\n\t\t\t\t\t<h2 class=\"elementor-heading-title elementor-size-default\">L\u1ee3i \u00edch ch\u00ednh:<\/h2>\t\t\t\t<\/div>\n\t\t\t\t<\/div>\n\t\t\t\t<div class=\"elementor-element elementor-element-6dc7c05a elementor-widget elementor-widget-iconlist\" data-id=\"6dc7c05a\" data-element_type=\"widget\" data-widget_type=\"iconlist.default\">\n\t\t\t\t<div class=\"elementor-widget-container\">\n\t\t\t\t\t\n        \n            <div class=\"about__list-box\">\n                <ul class=\"list-wrap\">\n                                            <li>\n                                                            <i aria-hidden=\"true\" class=\"flaticon-arrow-button\"><\/i>                                                        Gi\u00e1m s\u00e1t KPI theo th\u1eddi gian th\u1ef1c: Theo d\u00f5i c\u00e1c ch\u1ec9 s\u1ed1 hi\u1ec7u su\u1ea5t ch\u00ednh (KPI) c\u1ee7a b\u1ea1n b\u1eb1ng b\u1ea3ng th\u00f4ng tin t\u01b0\u01a1ng t\u00e1c, theo th\u1eddi gian th\u1ef1c cung c\u1ea5p s\u1ed1 li\u1ec7u kinh doanh m\u1edbi nh\u1ea5t.                        <\/li>\n                                            <li>\n                                                            <i aria-hidden=\"true\" class=\"flaticon-arrow-button\"><\/i>                                                        Ph\u00e2n t\u00edch d\u1ef1 \u0111o\u00e1n: T\u1eadn d\u1ee5ng kh\u1ea3 n\u0103ng d\u1ef1 \u0111o\u00e1n c\u1ee7a Power BI \u0111\u1ec3 d\u1ef1 b\u00e1o xu h\u01b0\u1edbng, d\u1ef1 \u0111o\u00e1n k\u1ebft qu\u1ea3 kinh doanh v\u00e0 ch\u1ee7 \u0111\u1ed9ng l\u1eadp k\u1ebf ho\u1ea1ch cho t\u01b0\u01a1ng lai.                        <\/li>\n                                            <li>\n                                                            <i aria-hidden=\"true\" class=\"flaticon-arrow-button\"><\/i>                                                        B\u00e1o c\u00e1o c\u00f3 th\u1ec3 t\u00f9y ch\u1ec9nh: T\u1ea1o b\u00e1o c\u00e1o t\u00f9y ch\u1ec9nh ph\u00f9 h\u1ee3p v\u1edbi nhu c\u1ea7u kinh doanh c\u1ee7a b\u1ea1n, bi\u1ebfn d\u1eef li\u1ec7u th\u00f4 th\u00e0nh th\u00f4ng tin chi ti\u1ebft c\u00f3 th\u1ec3 h\u00e0nh \u0111\u1ed9ng \u0111\u1ec3 \u0111\u01b0a ra quy\u1ebft \u0111\u1ecbnh t\u1ed1t h\u01a1n.                        <\/li>\n                                    <\/ul>\n            <\/div>\n\n        \n\n\t\t\t\t<\/div>\n\t\t\t\t<\/div>\n\t\t\t\t<\/div>\n\t\t\t\t<\/div>\n\t\t\t\t\t<\/div>\n\t\t\t\t<\/div>\n\t\t<div class=\"elementor-element elementor-element-57efa04f e-flex e-con-boxed e-con e-parent\" data-id=\"57efa04f\" data-element_type=\"container\" data-settings=\"{&quot;background_background&quot;:&quot;classic&quot;}\">\n\t\t\t\t\t<div class=\"e-con-inner\">\n\t\t\t\t<div class=\"elementor-element elementor-element-609abe75 elementor-widget elementor-widget-heading\" data-id=\"609abe75\" data-element_type=\"widget\" data-widget_type=\"heading.default\">\n\t\t\t\t<div class=\"elementor-widget-container\">\n\t\t\t\t\t<h2 class=\"elementor-heading-title elementor-size-default\">N\u00e2ng cao tr\u00ed tu\u1ec7 kinh doanh v\u1edbi <br> C - B\u1ea3ng \u0111i\u1ec1u khi\u1ec3n t\u01b0\u01a1ng lai<\/h2>\t\t\t\t<\/div>\n\t\t\t\t<\/div>\n\t\t\t\t<div class=\"elementor-element elementor-element-26db61a4 elementor-widget elementor-widget-heading\" data-id=\"26db61a4\" data-element_type=\"widget\" data-widget_type=\"heading.default\">\n\t\t\t\t<div class=\"elementor-widget-container\">\n\t\t\t\t\t<p class=\"elementor-heading-title elementor-size-default\">Trao quy\u1ec1n cho doanh nghi\u1ec7p c\u1ee7a b\u1ea1n v\u1edbi th\u00f4ng tin chi ti\u1ebft d\u1ef1 \u0111o\u00e1n v\u00e0 theo d\u00f5i d\u1eef li\u1ec7u th\u1eddi gian th\u1ef1c b\u1eb1ng c\u00e1ch s\u1eed d\u1ee5ng C - Future Dashboard. Li\u00ean h\u1ec7 v\u1edbi ch\u00fang t\u00f4i \u0111\u1ec3 t\u00ecm hi\u1ec3u c\u00e1ch b\u1ea1n c\u00f3 th\u1ec3 t\u00edch h\u1ee3p c\u00f4ng c\u1ee5 m\u1ea1nh m\u1ebd n\u00e0y \u0111\u1ec3 th\u00fac \u0111\u1ea9y qu\u00e1 tr\u00ecnh ra quy\u1ebft \u0111\u1ecbnh d\u1ef1a tr\u00ean d\u1eef li\u1ec7u c\u1ee7a m\u00ecnh.<\/p>\t\t\t\t<\/div>\n\t\t\t\t<\/div>\n\t\t\t\t<div class=\"elementor-element elementor-element-4e6c7c94 elementor-widget elementor-widget-tg-btn\" data-id=\"4e6c7c94\" data-element_type=\"widget\" data-widget_type=\"tg-btn.default\">\n\t\t\t\t<div class=\"elementor-widget-container\">\n\t\t\t\t\t\n\n        \n                            <a href=\"https:\/\/9dots.com\/vi\/contact-us\/\" target=\"_self\" rel=\"nofollow\" class=\"btn\">\n                    B\u1eaft \u0111\u1ea7u                <\/a>\n            \n        \n\t\t\t\t<\/div>\n\t\t\t\t<\/div>\n\t\t\t\t\t<\/div>\n\t\t\t\t<\/div>\n\t\t\t\t<\/div>","protected":false},"excerpt":{"rendered":"<p>Kh\u00e1m ph\u00e1 nh\u1eefng th\u00f4ng tin chi ti\u1ebft h\u1eefu \u00edch v\u1edbi C \u2013 Future Dashboard. Ki\u1ec3m so\u00e1t t\u01b0\u01a1ng lai doanh nghi\u1ec7p c\u1ee7a b\u1ea1n v\u1edbi c\u00f4ng c\u1ee5 ph\u00e2n t\u00edch d\u1ef1 \u0111o\u00e1n. C \u2013 Future Dashboard, \u0111\u01b0\u1ee3c h\u1ed7 tr\u1ee3 b\u1edfi Microsoft Power BI, cung c\u1ea5p cho b\u1ea1n c\u00e1c c\u00f4ng c\u1ee5 \u0111\u1ec3 \u0111\u01b0a ra quy\u1ebft \u0111\u1ecbnh s\u00e1ng su\u1ed1t, d\u1ef1a tr\u00ean d\u1eef li\u1ec7u, \u0111\u1ecbnh h\u00ecnh t\u01b0\u01a1ng lai doanh nghi\u1ec7p. V\u1edbi t\u00ednh n\u0103ng theo d\u00f5i KPI theo th\u1eddi gian th\u1ef1c, ph\u00e2n t\u00edch d\u1ef1 \u0111o\u00e1n v\u00e0 b\u00e1o c\u00e1o t\u00f9y ch\u1ec9nh, [\u2026]<\/p>","protected":false},"author":1,"featured_media":0,"parent":0,"menu_order":0,"comment_status":"closed","ping_status":"closed","template":"elementor_header_footer","meta":{"_acf_changed":false,"inline_featured_image":false,"footnotes":""},"class_list":["post-3366","page","type-page","status-publish","hentry"],"acf":[],"yoast_head":"<!-- This site is optimized with the Yoast SEO Premium plugin v26.6 (Yoast SEO v26.6) - https:\/\/yoast.com\/wordpress\/plugins\/seo\/ -->\n<title>C-Future Business Dashboard Software - 9 Dots Consulting<\/title>\n<meta name=\"description\" content=\"Monitor business performance, KPIs, reports, and operational insights with C-Future Dashboard from 9 Dots Consulting for better data-driven decisions.\" \/>\n<meta name=\"robots\" content=\"index, follow, max-snippet:-1, max-image-preview:large, max-video-preview:-1\" \/>\n<link rel=\"canonical\" href=\"https:\/\/9dots.com\/vi\/c-future-dashboard\/\" \/>\n<meta property=\"og:locale\" content=\"vi_VN\" \/>\n<meta property=\"og:type\" content=\"article\" \/>\n<meta property=\"og:title\" content=\"C-Future Dashboard\" \/>\n<meta property=\"og:description\" content=\"Monitor business performance, KPIs, reports, and operational insights with C-Future Dashboard from 9 Dots Consulting for better data-driven decisions.\" \/>\n<meta property=\"og:url\" content=\"https:\/\/9dots.com\/vi\/c-future-dashboard\/\" \/>\n<meta property=\"og:site_name\" content=\"9 Dots Consulting\" \/>\n<meta property=\"article:modified_time\" content=\"2026-04-30T11:18:23+00:00\" \/>\n<meta property=\"og:image\" content=\"https:\/\/9dots.com\/wp-content\/uploads\/2024\/11\/360_F_422596385_LVx1bI8d2VRynY1wsQYW5hgQgS2lVUVg.jpg\" \/>\n<meta name=\"twitter:card\" content=\"summary_large_image\" \/>\n<meta name=\"twitter:label1\" content=\"\u01af\u1edbc t\u00ednh th\u1eddi gian \u0111\u1ecdc\" \/>\n\t<meta name=\"twitter:data1\" content=\"2 ph\u00fat\" \/>\n<script type=\"application\/ld+json\" class=\"yoast-schema-graph\">{\"@context\":\"https:\/\/schema.org\",\"@graph\":[{\"@type\":\"WebPage\",\"@id\":\"https:\/\/9dots.com\/c-future-dashboard\/\",\"url\":\"https:\/\/9dots.com\/c-future-dashboard\/\",\"name\":\"C-Future Business Dashboard Software - 9 Dots Consulting\",\"isPartOf\":{\"@id\":\"https:\/\/9dots.com\/#website\"},\"primaryImageOfPage\":{\"@id\":\"https:\/\/9dots.com\/c-future-dashboard\/#primaryimage\"},\"image\":{\"@id\":\"https:\/\/9dots.com\/c-future-dashboard\/#primaryimage\"},\"thumbnailUrl\":\"https:\/\/9dots.com\/wp-content\/uploads\/2024\/11\/360_F_422596385_LVx1bI8d2VRynY1wsQYW5hgQgS2lVUVg.jpg\",\"datePublished\":\"2024-11-15T06:38:54+00:00\",\"dateModified\":\"2026-04-30T11:18:23+00:00\",\"description\":\"Monitor business performance, KPIs, reports, and operational insights with C-Future Dashboard from 9 Dots Consulting for better data-driven decisions.\",\"breadcrumb\":{\"@id\":\"https:\/\/9dots.com\/c-future-dashboard\/#breadcrumb\"},\"inLanguage\":\"vi\",\"potentialAction\":[{\"@type\":\"ReadAction\",\"target\":[\"https:\/\/9dots.com\/c-future-dashboard\/\"]}]},{\"@type\":\"ImageObject\",\"inLanguage\":\"vi\",\"@id\":\"https:\/\/9dots.com\/c-future-dashboard\/#primaryimage\",\"url\":\"https:\/\/9dots.com\/wp-content\/uploads\/2024\/11\/360_F_422596385_LVx1bI8d2VRynY1wsQYW5hgQgS2lVUVg.jpg\",\"contentUrl\":\"https:\/\/9dots.com\/wp-content\/uploads\/2024\/11\/360_F_422596385_LVx1bI8d2VRynY1wsQYW5hgQgS2lVUVg.jpg\"},{\"@type\":\"BreadcrumbList\",\"@id\":\"https:\/\/9dots.com\/c-future-dashboard\/#breadcrumb\",\"itemListElement\":[{\"@type\":\"ListItem\",\"position\":1,\"name\":\"Home\",\"item\":\"https:\/\/9dots.com\/\"},{\"@type\":\"ListItem\",\"position\":2,\"name\":\"C-Future Dashboard\"}]},{\"@type\":\"WebSite\",\"@id\":\"https:\/\/9dots.com\/#website\",\"url\":\"https:\/\/9dots.com\/\",\"name\":\"9 Dots Consulting\",\"description\":\"Your Trusted Microsoft Solutions Partner for Digital Growth\",\"publisher\":{\"@id\":\"https:\/\/9dots.com\/#organization\"},\"alternateName\":\"9 Dots\",\"potentialAction\":[{\"@type\":\"SearchAction\",\"target\":{\"@type\":\"EntryPoint\",\"urlTemplate\":\"https:\/\/9dots.com\/?s={search_term_string}\"},\"query-input\":{\"@type\":\"PropertyValueSpecification\",\"valueRequired\":true,\"valueName\":\"search_term_string\"}}],\"inLanguage\":\"vi\"},{\"@type\":\"Organization\",\"@id\":\"https:\/\/9dots.com\/#organization\",\"name\":\"9 Dots Consulting\",\"alternateName\":\"9 Dots\",\"url\":\"https:\/\/9dots.com\/\",\"logo\":{\"@type\":\"ImageObject\",\"inLanguage\":\"vi\",\"@id\":\"https:\/\/9dots.com\/#\/schema\/logo\/image\/\",\"url\":\"https:\/\/9dots.com\/wp-content\/uploads\/2024\/03\/logo_1500x296.jpg\",\"contentUrl\":\"https:\/\/9dots.com\/wp-content\/uploads\/2024\/03\/logo_1500x296.jpg\",\"width\":1500,\"height\":296,\"caption\":\"9 Dots Consulting\"},\"image\":{\"@id\":\"https:\/\/9dots.com\/#\/schema\/logo\/image\/\"}}]}<\/script>\n<!-- \/ Yoast SEO Premium plugin. -->","yoast_head_json":{"title":"C-Future Business Dashboard Software - 9 Dots Consulting","description":"Monitor business performance, KPIs, reports, and operational insights with C-Future Dashboard from 9 Dots Consulting for better data-driven decisions.","robots":{"index":"index","follow":"follow","max-snippet":"max-snippet:-1","max-image-preview":"max-image-preview:large","max-video-preview":"max-video-preview:-1"},"canonical":"https:\/\/9dots.com\/vi\/c-future-dashboard\/","og_locale":"vi_VN","og_type":"article","og_title":"C-Future Dashboard","og_description":"Monitor business performance, KPIs, reports, and operational insights with C-Future Dashboard from 9 Dots Consulting for better data-driven decisions.","og_url":"https:\/\/9dots.com\/vi\/c-future-dashboard\/","og_site_name":"9 Dots Consulting","article_modified_time":"2026-04-30T11:18:23+00:00","og_image":[{"url":"https:\/\/9dots.com\/wp-content\/uploads\/2024\/11\/360_F_422596385_LVx1bI8d2VRynY1wsQYW5hgQgS2lVUVg.jpg","type":"","width":"","height":""}],"twitter_card":"summary_large_image","twitter_misc":{"\u01af\u1edbc t\u00ednh th\u1eddi gian \u0111\u1ecdc":"2 ph\u00fat"},"schema":{"@context":"https:\/\/schema.org","@graph":[{"@type":"WebPage","@id":"https:\/\/9dots.com\/c-future-dashboard\/","url":"https:\/\/9dots.com\/c-future-dashboard\/","name":"C-Future Business Dashboard Software - 9 Dots Consulting","isPartOf":{"@id":"https:\/\/9dots.com\/#website"},"primaryImageOfPage":{"@id":"https:\/\/9dots.com\/c-future-dashboard\/#primaryimage"},"image":{"@id":"https:\/\/9dots.com\/c-future-dashboard\/#primaryimage"},"thumbnailUrl":"https:\/\/9dots.com\/wp-content\/uploads\/2024\/11\/360_F_422596385_LVx1bI8d2VRynY1wsQYW5hgQgS2lVUVg.jpg","datePublished":"2024-11-15T06:38:54+00:00","dateModified":"2026-04-30T11:18:23+00:00","description":"Monitor business performance, KPIs, reports, and operational insights with C-Future Dashboard from 9 Dots Consulting for better data-driven decisions.","breadcrumb":{"@id":"https:\/\/9dots.com\/c-future-dashboard\/#breadcrumb"},"inLanguage":"vi","potentialAction":[{"@type":"ReadAction","target":["https:\/\/9dots.com\/c-future-dashboard\/"]}]},{"@type":"ImageObject","inLanguage":"vi","@id":"https:\/\/9dots.com\/c-future-dashboard\/#primaryimage","url":"https:\/\/9dots.com\/wp-content\/uploads\/2024\/11\/360_F_422596385_LVx1bI8d2VRynY1wsQYW5hgQgS2lVUVg.jpg","contentUrl":"https:\/\/9dots.com\/wp-content\/uploads\/2024\/11\/360_F_422596385_LVx1bI8d2VRynY1wsQYW5hgQgS2lVUVg.jpg"},{"@type":"BreadcrumbList","@id":"https:\/\/9dots.com\/c-future-dashboard\/#breadcrumb","itemListElement":[{"@type":"ListItem","position":1,"name":"Home","item":"https:\/\/9dots.com\/"},{"@type":"ListItem","position":2,"name":"C-Future Dashboard"}]},{"@type":"WebSite","@id":"https:\/\/9dots.com\/#website","url":"https:\/\/9dots.com\/","name":"9 Dots Consulting","description":"Your Trusted Microsoft Solutions Partner for Digital Growth","publisher":{"@id":"https:\/\/9dots.com\/#organization"},"alternateName":"9 Dots","potentialAction":[{"@type":"SearchAction","target":{"@type":"EntryPoint","urlTemplate":"https:\/\/9dots.com\/?s={search_term_string}"},"query-input":{"@type":"PropertyValueSpecification","valueRequired":true,"valueName":"search_term_string"}}],"inLanguage":"vi"},{"@type":"Organization","@id":"https:\/\/9dots.com\/#organization","name":"9 Dots Consulting","alternateName":"9 Dots","url":"https:\/\/9dots.com\/","logo":{"@type":"ImageObject","inLanguage":"vi","@id":"https:\/\/9dots.com\/#\/schema\/logo\/image\/","url":"https:\/\/9dots.com\/wp-content\/uploads\/2024\/03\/logo_1500x296.jpg","contentUrl":"https:\/\/9dots.com\/wp-content\/uploads\/2024\/03\/logo_1500x296.jpg","width":1500,"height":296,"caption":"9 Dots Consulting"},"image":{"@id":"https:\/\/9dots.com\/#\/schema\/logo\/image\/"}}]}},"_links":{"self":[{"href":"https:\/\/9dots.com\/vi\/wp-json\/wp\/v2\/pages\/3366","targetHints":{"allow":["GET"]}}],"collection":[{"href":"https:\/\/9dots.com\/vi\/wp-json\/wp\/v2\/pages"}],"about":[{"href":"https:\/\/9dots.com\/vi\/wp-json\/wp\/v2\/types\/page"}],"author":[{"embeddable":true,"href":"https:\/\/9dots.com\/vi\/wp-json\/wp\/v2\/users\/1"}],"replies":[{"embeddable":true,"href":"https:\/\/9dots.com\/vi\/wp-json\/wp\/v2\/comments?post=3366"}],"version-history":[{"count":32,"href":"https:\/\/9dots.com\/vi\/wp-json\/wp\/v2\/pages\/3366\/revisions"}],"predecessor-version":[{"id":6627,"href":"https:\/\/9dots.com\/vi\/wp-json\/wp\/v2\/pages\/3366\/revisions\/6627"}],"wp:attachment":[{"href":"https:\/\/9dots.com\/vi\/wp-json\/wp\/v2\/media?parent=3366"}],"curies":[{"name":"wp","href":"https:\/\/api.w.org\/{rel}","templated":true}]}}