{"id":3372,"date":"2024-11-15T06:42:20","date_gmt":"2024-11-15T06:42:20","guid":{"rendered":"https:\/\/10dumbs.com\/9dots\/?page_id=3372"},"modified":"2026-04-30T11:18:53","modified_gmt":"2026-04-30T11:18:53","slug":"e-commerce-solutions","status":"publish","type":"page","link":"https:\/\/9dots.com\/vi\/e-commerce-solutions\/","title":{"rendered":"Gi\u1ea3i ph\u00e1p th\u01b0\u01a1ng m\u1ea1i \u0111i\u1ec7n t\u1eed"},"content":{"rendered":"<div data-elementor-type=\"wp-page\" data-elementor-id=\"3372\" class=\"elementor elementor-3372\">\n\t\t\t\t<div class=\"elementor-element elementor-element-5017896 e-flex e-con-boxed e-con e-parent\" data-id=\"5017896\" data-element_type=\"container\">\n\t\t\t\t\t<div class=\"e-con-inner\">\n\t\t<div class=\"elementor-element elementor-element-24ec4f77 e-con-full e-flex e-con e-child\" data-id=\"24ec4f77\" data-element_type=\"container\">\n\t\t\t\t<div class=\"elementor-element elementor-element-3a8d225f elementor-widget__width-inherit elementor-widget elementor-widget-image\" data-id=\"3a8d225f\" data-element_type=\"widget\" data-widget_type=\"image.default\">\n\t\t\t\t<div class=\"elementor-widget-container\">\n\t\t\t\t\t\t\t\t\t\t\t\t\t\t\t<img fetchpriority=\"high\" decoding=\"async\" width=\"640\" height=\"395\" src=\"https:\/\/9dots.com\/wp-content\/uploads\/2024\/11\/AdobeStock_223290240-1-2-1024x632-1-768x474.webp\" class=\"attachment-medium_large size-medium_large wp-image-3776\" alt=\"\" srcset=\"https:\/\/9dots.com\/wp-content\/uploads\/2024\/11\/AdobeStock_223290240-1-2-1024x632-1-768x474.webp 768w, https:\/\/9dots.com\/wp-content\/uploads\/2024\/11\/AdobeStock_223290240-1-2-1024x632-1-300x185.webp 300w, https:\/\/9dots.com\/wp-content\/uploads\/2024\/11\/AdobeStock_223290240-1-2-1024x632-1.webp 1024w\" sizes=\"(max-width: 640px) 100vw, 640px\" \/>\t\t\t\t\t\t\t\t\t\t\t\t\t\t\t<\/div>\n\t\t\t\t<\/div>\n\t\t\t\t<div class=\"elementor-element elementor-element-b402a10 elementor-widget elementor-widget-heading\" data-id=\"b402a10\" data-element_type=\"widget\" data-widget_type=\"heading.default\">\n\t\t\t\t<div class=\"elementor-widget-container\">\n\t\t\t\t\t<h2 class=\"elementor-heading-title elementor-size-default\">T\u0103ng doanh s\u1ed1 b\u00e1n h\u00e0ng tr\u1ef1c tuy\u1ebfn c\u1ee7a b\u1ea1n v\u1edbi th\u01b0\u01a1ng m\u1ea1i \u0111i\u1ec7n t\u1eed t\u00edch h\u1ee3p. T\u0103ng c\u01b0\u1eddng s\u1ef1 hi\u1ec7n di\u1ec7n k\u1ef9 thu\u1eadt s\u1ed1 c\u1ee7a b\u1ea1n v\u1edbi c\u00e1c gi\u1ea3i ph\u00e1p th\u01b0\u01a1ng m\u1ea1i \u0111i\u1ec7n t\u1eed li\u1ec1n m\u1ea1ch<\/h2>\t\t\t\t<\/div>\n\t\t\t\t<\/div>\n\t\t\t\t<div class=\"elementor-element elementor-element-5cdaf6da elementor-widget elementor-widget-heading\" data-id=\"5cdaf6da\" data-element_type=\"widget\" data-widget_type=\"heading.default\">\n\t\t\t\t<div class=\"elementor-widget-container\">\n\t\t\t\t\t<p class=\"elementor-heading-title elementor-size-default\">T\u1ea1i 9 Dots Consulting, Gi\u1ea3i ph\u00e1p Th\u01b0\u01a1ng m\u1ea1i \u0111i\u1ec7n t\u1eed c\u1ee7a ch\u00fang t\u00f4i \u0111\u01b0\u1ee3c thi\u1ebft k\u1ebf \u0111\u1ec3 gi\u00fap b\u1ea1n qu\u1ea3n l\u00fd to\u00e0n b\u1ed9 ho\u1ea1t \u0111\u1ed9ng kinh doanh tr\u1ef1c tuy\u1ebfn c\u1ee7a m\u00ecnh t\u1eeb m\u1ed9t n\u1ec1n t\u1ea3ng duy nh\u1ea5t. Cho d\u00f9 \u0111\u00f3 l\u00e0 danh s\u00e1ch s\u1ea3n ph\u1ea9m, qu\u1ea3n l\u00fd h\u00e0ng t\u1ed3n kho hay x\u1eed l\u00fd thanh to\u00e1n, ch\u00fang t\u00f4i \u0111\u1ec1u cung c\u1ea5p gi\u1ea3i ph\u00e1p t\u00edch h\u1ee3p li\u1ec1n m\u1ea1ch v\u1edbi c\u00e1c h\u1ec7 th\u1ed1ng hi\u1ec7n c\u00f3 c\u1ee7a b\u1ea1n, bao g\u1ed3m Dynamics 365 (D365) khi c\u00f3 li\u00ean quan. H\u1ee3p l\u00fd h\u00f3a ho\u1ea1t \u0111\u1ed9ng c\u1ee7a b\u1ea1n, t\u1ef1 \u0111\u1ed9ng h\u00f3a quy tr\u00ecnh l\u00e0m vi\u1ec7c v\u00e0 mang l\u1ea1i tr\u1ea3i nghi\u1ec7m kh\u00e1ch h\u00e0ng v\u01b0\u1ee3t tr\u1ed9i th\u00f4ng qua th\u01b0\u01a1ng m\u1ea1i \u0111i\u1ec7n t\u1eed t\u00edch h\u1ee3p.<\/p>\t\t\t\t<\/div>\n\t\t\t\t<\/div>\n\t\t\t\t<\/div>\n\t\t\t\t\t<\/div>\n\t\t\t\t<\/div>\n\t\t<div class=\"elementor-element elementor-element-250e55b e-flex e-con-boxed e-con e-parent\" data-id=\"250e55b\" data-element_type=\"container\" data-settings=\"{&quot;background_background&quot;:&quot;classic&quot;}\">\n\t\t\t\t\t<div class=\"e-con-inner\">\n\t\t<div class=\"elementor-element elementor-element-2551edfa e-con-full e-flex e-con e-child\" data-id=\"2551edfa\" data-element_type=\"container\">\n\t\t<div class=\"elementor-element elementor-element-7a89f23b e-con-full e-flex e-con e-child\" data-id=\"7a89f23b\" data-element_type=\"container\">\n\t\t\t\t<div class=\"elementor-element elementor-element-b305a83 elementor-widget elementor-widget-genix-image\" data-id=\"b305a83\" data-element_type=\"widget\" data-widget_type=\"genix-image.default\">\n\t\t\t\t<div class=\"elementor-widget-container\">\n\t\t\t\t\t\n        \n            <div class=\"about-img-wrap\">\n                                    <div class=\"mask-img-wrap\">\n                        <img decoding=\"async\" src=\"https:\/\/9dots.com\/wp-content\/uploads\/2024\/11\/AdobeStock_126274284.jpeg\" alt=\"\">\n                    <\/div>\n                                                            <\/div>\n                    \n\t\t\t\t<\/div>\n\t\t\t\t<\/div>\n\t\t\t\t<div class=\"elementor-element elementor-element-3f87bab9 elementor-widget elementor-widget-tg-btn\" data-id=\"3f87bab9\" data-element_type=\"widget\" data-widget_type=\"tg-btn.default\">\n\t\t\t\t<div class=\"elementor-widget-container\">\n\t\t\t\t\t\n\n        \n                            <a href=\"https:\/\/9dots.com\/vi\/contact-us\/\" target=\"_self\" rel=\"nofollow\" class=\"btn\">\n                    Y\u00eau c\u1ea7u ngay                <\/a>\n            \n        \n\t\t\t\t<\/div>\n\t\t\t\t<\/div>\n\t\t\t\t<\/div>\n\t\t<div class=\"elementor-element elementor-element-4ec36228 e-con-full e-flex e-con e-child\" data-id=\"4ec36228\" data-element_type=\"container\">\n\t\t\t\t<div class=\"elementor-element elementor-element-2451e8fc elementor-widget elementor-widget-heading\" data-id=\"2451e8fc\" data-element_type=\"widget\" data-widget_type=\"heading.default\">\n\t\t\t\t<div class=\"elementor-widget-container\">\n\t\t\t\t\t<h2 class=\"elementor-heading-title elementor-size-default\">L\u1ee3i \u00edch ch\u00ednh:<\/h2>\t\t\t\t<\/div>\n\t\t\t\t<\/div>\n\t\t\t\t<div class=\"elementor-element elementor-element-6dc7c05a elementor-widget elementor-widget-iconlist\" data-id=\"6dc7c05a\" data-element_type=\"widget\" data-widget_type=\"iconlist.default\">\n\t\t\t\t<div class=\"elementor-widget-container\">\n\t\t\t\t\t\n        \n            <div class=\"about__list-box\">\n                <ul class=\"list-wrap\">\n                                            <li>\n                                                            <i aria-hidden=\"true\" class=\"flaticon-arrow-button\"><\/i>                                                        Qu\u1ea3n l\u00fd h\u00e0ng t\u1ed3n kho theo th\u1eddi gian th\u1ef1c: \u0110\u1ed3ng b\u1ed9 h\u00f3a h\u00e0ng t\u1ed3n kho c\u1ee7a b\u1ea1n tr\u00ean nhi\u1ec1u k\u00eanh b\u00e1n h\u00e0ng theo th\u1eddi gian th\u1ef1c, \u0111\u1ea3m b\u1ea3o \u0111\u1ed9 ch\u00ednh x\u00e1c v\u00e0 ng\u0103n ng\u1eeba t\u00ecnh tr\u1ea1ng h\u1ebft h\u00e0ng. \u0110\u1ed1i v\u1edbi c\u00e1c doanh nghi\u1ec7p s\u1eed d\u1ee5ng D365, h\u00e3y t\u1eadn h\u01b0\u1edfng s\u1ef1 t\u00edch h\u1ee3p li\u1ec1n m\u1ea1ch v\u1edbi ERP hi\u1ec7n t\u1ea1i c\u1ee7a b\u1ea1n                        <\/li>\n                                            <li>\n                                                            <i aria-hidden=\"true\" class=\"flaticon-arrow-button\"><\/i>                                                        X\u1eed l\u00fd \u0111\u01a1n h\u00e0ng v\u00e0 thanh to\u00e1n h\u1ee3p l\u00fd: T\u1ef1 \u0111\u1ed9ng h\u00f3a vi\u1ec7c th\u1ef1c hi\u1ec7n \u0111\u01a1n h\u00e0ng, v\u1eadn chuy\u1ec3n v\u00e0 x\u1eed l\u00fd thanh to\u00e1n \u0111\u1ec3 gi\u1ea3m l\u1ed7i th\u1ee7 c\u00f4ng v\u00e0 t\u0103ng t\u1ed1c th\u1eddi gian giao d\u1ecbch. Cho d\u00f9 b\u1ea1n s\u1eed d\u1ee5ng D365 hay n\u1ec1n t\u1ea3ng kh\u00e1c, ch\u00fang t\u00f4i \u0111\u1ea3m b\u1ea3o ho\u1ea1t \u0111\u1ed9ng tr\u01a1n tru v\u00e0 hi\u1ec7u qu\u1ea3.                        <\/li>\n                                            <li>\n                                                            <i aria-hidden=\"true\" class=\"flaticon-arrow-button\"><\/i>                                                        Tr\u1ea3i nghi\u1ec7m mua s\u1eafm \u0111\u01b0\u1ee3c c\u00e1 nh\u00e2n h\u00f3a: S\u1eed d\u1ee5ng ph\u00e2n t\u00edch n\u00e2ng cao \u0111\u1ec3 \u0111\u01b0a ra c\u00e1c khuy\u1ebfn ngh\u1ecb s\u1ea3n ph\u1ea9m v\u00e0 ch\u01b0\u01a1ng tr\u00ecnh khuy\u1ebfn m\u00e3i \u0111\u01b0\u1ee3c c\u00e1 nh\u00e2n h\u00f3a, th\u00fac \u0111\u1ea9y s\u1ef1 tham gia v\u00e0 l\u00f2ng trung th\u00e0nh c\u1ee7a kh\u00e1ch h\u00e0ng.                        <\/li>\n                                    <\/ul>\n            <\/div>\n\n        \n\n\t\t\t\t<\/div>\n\t\t\t\t<\/div>\n\t\t\t\t<\/div>\n\t\t\t\t<\/div>\n\t\t\t\t\t<\/div>\n\t\t\t\t<\/div>\n\t\t<div class=\"elementor-element elementor-element-57efa04f e-flex e-con-boxed e-con e-parent\" data-id=\"57efa04f\" data-element_type=\"container\" data-settings=\"{&quot;background_background&quot;:&quot;classic&quot;}\">\n\t\t\t\t\t<div class=\"e-con-inner\">\n\t\t\t\t<div class=\"elementor-element elementor-element-609abe75 elementor-widget elementor-widget-heading\" data-id=\"609abe75\" data-element_type=\"widget\" data-widget_type=\"heading.default\">\n\t\t\t\t<div class=\"elementor-widget-container\">\n\t\t\t\t\t<h2 class=\"elementor-heading-title elementor-size-default\">Chuy\u1ec3n \u0111\u1ed5i th\u01b0\u01a1ng m\u1ea1i \u0111i\u1ec7n t\u1eed c\u1ee7a b\u1ea1n v\u1edbi 9 Dots Solutions<\/h2>\t\t\t\t<\/div>\n\t\t\t\t<\/div>\n\t\t\t\t<div class=\"elementor-element elementor-element-26db61a4 elementor-widget elementor-widget-heading\" data-id=\"26db61a4\" data-element_type=\"widget\" data-widget_type=\"heading.default\">\n\t\t\t\t<div class=\"elementor-widget-container\">\n\t\t\t\t\t<p class=\"elementor-heading-title elementor-size-default\">N\u00e2ng cao kh\u1ea3 n\u0103ng c\u1ee7a c\u1eeda h\u00e0ng tr\u1ef1c tuy\u1ebfn c\u1ee7a b\u1ea1n v\u1edbi Gi\u1ea3i ph\u00e1p Th\u01b0\u01a1ng m\u1ea1i \u0111i\u1ec7n t\u1eed c\u1ee7a ch\u00fang t\u00f4i, t\u00edch h\u1ee3p v\u1edbi D365 khi c\u00f3 th\u1ec3, \u0111\u1ec3 h\u1ee3p l\u00fd h\u00f3a ho\u1ea1t \u0111\u1ed9ng v\u00e0 th\u00fac \u0111\u1ea9y doanh s\u1ed1 b\u00e1n h\u00e0ng tr\u1ef1c tuy\u1ebfn. Li\u00ean h\u1ec7 v\u1edbi ch\u00fang t\u00f4i \u0111\u1ec3 t\u00ecm hi\u1ec3u c\u00e1ch c\u00e1c gi\u1ea3i ph\u00e1p c\u1ee7a ch\u00fang t\u00f4i c\u00f3 th\u1ec3 gi\u00fap ph\u00e1t tri\u1ec3n doanh nghi\u1ec7p c\u1ee7a b\u1ea1n th\u00f4ng qua t\u00edch h\u1ee3p n\u00e2ng cao.<\/p>\t\t\t\t<\/div>\n\t\t\t\t<\/div>\n\t\t\t\t<div class=\"elementor-element elementor-element-4e6c7c94 elementor-widget elementor-widget-tg-btn\" data-id=\"4e6c7c94\" data-element_type=\"widget\" data-widget_type=\"tg-btn.default\">\n\t\t\t\t<div class=\"elementor-widget-container\">\n\t\t\t\t\t\n\n        \n                            <a href=\"https:\/\/9dots.com\/vi\/contact-us\/\" target=\"_self\" rel=\"nofollow\" class=\"btn\">\n                    B\u1eaft \u0111\u1ea7u                <\/a>\n            \n        \n\t\t\t\t<\/div>\n\t\t\t\t<\/div>\n\t\t\t\t\t<\/div>\n\t\t\t\t<\/div>\n\t\t\t\t<\/div>","protected":false},"excerpt":{"rendered":"<p>T\u0103ng doanh s\u1ed1 b\u00e1n h\u00e0ng tr\u1ef1c tuy\u1ebfn c\u1ee7a b\u1ea1n v\u1edbi th\u01b0\u01a1ng m\u1ea1i \u0111i\u1ec7n t\u1eed t\u00edch h\u1ee3p. N\u00e2ng cao s\u1ef1 hi\u1ec7n di\u1ec7n k\u1ef9 thu\u1eadt s\u1ed1 c\u1ee7a b\u1ea1n v\u1edbi c\u00e1c gi\u1ea3i ph\u00e1p th\u01b0\u01a1ng m\u1ea1i \u0111i\u1ec7n t\u1eed li\u1ec1n m\u1ea1ch. T\u1ea1i 9 Dots Consulting, c\u00e1c gi\u1ea3i ph\u00e1p th\u01b0\u01a1ng m\u1ea1i \u0111i\u1ec7n t\u1eed c\u1ee7a ch\u00fang t\u00f4i \u0111\u01b0\u1ee3c thi\u1ebft k\u1ebf \u0111\u1ec3 gi\u00fap b\u1ea1n qu\u1ea3n l\u00fd to\u00e0n b\u1ed9 ho\u1ea1t \u0111\u1ed9ng kinh doanh tr\u1ef1c tuy\u1ebfn t\u1eeb m\u1ed9t n\u1ec1n t\u1ea3ng duy nh\u1ea5t. Cho d\u00f9 \u0111\u00f3 l\u00e0 danh s\u00e1ch s\u1ea3n ph\u1ea9m, qu\u1ea3n l\u00fd h\u00e0ng t\u1ed3n kho hay x\u1eed l\u00fd thanh to\u00e1n, ch\u00fang t\u00f4i cung c\u1ea5p gi\u1ea3i ph\u00e1p [\u2026]<\/p>","protected":false},"author":1,"featured_media":0,"parent":0,"menu_order":0,"comment_status":"closed","ping_status":"closed","template":"elementor_header_footer","meta":{"_acf_changed":false,"inline_featured_image":false,"footnotes":""},"class_list":["post-3372","page","type-page","status-publish","hentry"],"acf":[],"yoast_head":"<!-- This site is optimized with the Yoast SEO Premium plugin v26.6 (Yoast SEO v26.6) - https:\/\/yoast.com\/wordpress\/plugins\/seo\/ -->\n<title>E-commerce Solutions for Businesses - 9 Dots Consulting<\/title>\n<meta name=\"description\" content=\"Build connected e-commerce solutions that integrate sales, inventory, customer data, payments, and operations to support scalable digital commerce growth.\" \/>\n<meta name=\"robots\" content=\"index, follow, max-snippet:-1, max-image-preview:large, max-video-preview:-1\" \/>\n<link rel=\"canonical\" href=\"https:\/\/9dots.com\/vi\/e-commerce-solutions\/\" \/>\n<meta property=\"og:locale\" content=\"vi_VN\" \/>\n<meta property=\"og:type\" content=\"article\" \/>\n<meta property=\"og:title\" content=\"E-commerce Solutions\" \/>\n<meta property=\"og:description\" content=\"Build connected e-commerce solutions that integrate sales, inventory, customer data, payments, and operations to support scalable digital commerce growth.\" \/>\n<meta property=\"og:url\" content=\"https:\/\/9dots.com\/vi\/e-commerce-solutions\/\" \/>\n<meta property=\"og:site_name\" content=\"9 Dots Consulting\" \/>\n<meta property=\"article:modified_time\" content=\"2026-04-30T11:18:53+00:00\" \/>\n<meta property=\"og:image\" content=\"https:\/\/9dots.com\/wp-content\/uploads\/2024\/11\/AdobeStock_223290240-1-2-1024x632-1-768x474.webp\" \/>\n<meta name=\"twitter:card\" content=\"summary_large_image\" \/>\n<meta name=\"twitter:label1\" content=\"\u01af\u1edbc t\u00ednh th\u1eddi gian \u0111\u1ecdc\" \/>\n\t<meta name=\"twitter:data1\" content=\"2 ph\u00fat\" \/>\n<script type=\"application\/ld+json\" class=\"yoast-schema-graph\">{\"@context\":\"https:\/\/schema.org\",\"@graph\":[{\"@type\":\"WebPage\",\"@id\":\"https:\/\/9dots.com\/e-commerce-solutions\/\",\"url\":\"https:\/\/9dots.com\/e-commerce-solutions\/\",\"name\":\"E-commerce Solutions for Businesses - 9 Dots Consulting\",\"isPartOf\":{\"@id\":\"https:\/\/9dots.com\/#website\"},\"primaryImageOfPage\":{\"@id\":\"https:\/\/9dots.com\/e-commerce-solutions\/#primaryimage\"},\"image\":{\"@id\":\"https:\/\/9dots.com\/e-commerce-solutions\/#primaryimage\"},\"thumbnailUrl\":\"https:\/\/9dots.com\/wp-content\/uploads\/2024\/11\/AdobeStock_223290240-1-2-1024x632-1-768x474.webp\",\"datePublished\":\"2024-11-15T06:42:20+00:00\",\"dateModified\":\"2026-04-30T11:18:53+00:00\",\"description\":\"Build connected e-commerce solutions that integrate sales, inventory, customer data, payments, and operations to support scalable digital commerce growth.\",\"breadcrumb\":{\"@id\":\"https:\/\/9dots.com\/e-commerce-solutions\/#breadcrumb\"},\"inLanguage\":\"vi\",\"potentialAction\":[{\"@type\":\"ReadAction\",\"target\":[\"https:\/\/9dots.com\/e-commerce-solutions\/\"]}]},{\"@type\":\"ImageObject\",\"inLanguage\":\"vi\",\"@id\":\"https:\/\/9dots.com\/e-commerce-solutions\/#primaryimage\",\"url\":\"https:\/\/9dots.com\/wp-content\/uploads\/2024\/11\/AdobeStock_223290240-1-2-1024x632-1-768x474.webp\",\"contentUrl\":\"https:\/\/9dots.com\/wp-content\/uploads\/2024\/11\/AdobeStock_223290240-1-2-1024x632-1-768x474.webp\"},{\"@type\":\"BreadcrumbList\",\"@id\":\"https:\/\/9dots.com\/e-commerce-solutions\/#breadcrumb\",\"itemListElement\":[{\"@type\":\"ListItem\",\"position\":1,\"name\":\"Home\",\"item\":\"https:\/\/9dots.com\/\"},{\"@type\":\"ListItem\",\"position\":2,\"name\":\"E-commerce Solutions\"}]},{\"@type\":\"WebSite\",\"@id\":\"https:\/\/9dots.com\/#website\",\"url\":\"https:\/\/9dots.com\/\",\"name\":\"9 Dots Consulting\",\"description\":\"Your Trusted Microsoft Solutions Partner for Digital Growth\",\"publisher\":{\"@id\":\"https:\/\/9dots.com\/#organization\"},\"alternateName\":\"9 Dots\",\"potentialAction\":[{\"@type\":\"SearchAction\",\"target\":{\"@type\":\"EntryPoint\",\"urlTemplate\":\"https:\/\/9dots.com\/?s={search_term_string}\"},\"query-input\":{\"@type\":\"PropertyValueSpecification\",\"valueRequired\":true,\"valueName\":\"search_term_string\"}}],\"inLanguage\":\"vi\"},{\"@type\":\"Organization\",\"@id\":\"https:\/\/9dots.com\/#organization\",\"name\":\"9 Dots Consulting\",\"alternateName\":\"9 Dots\",\"url\":\"https:\/\/9dots.com\/\",\"logo\":{\"@type\":\"ImageObject\",\"inLanguage\":\"vi\",\"@id\":\"https:\/\/9dots.com\/#\/schema\/logo\/image\/\",\"url\":\"https:\/\/9dots.com\/wp-content\/uploads\/2024\/03\/logo_1500x296.jpg\",\"contentUrl\":\"https:\/\/9dots.com\/wp-content\/uploads\/2024\/03\/logo_1500x296.jpg\",\"width\":1500,\"height\":296,\"caption\":\"9 Dots Consulting\"},\"image\":{\"@id\":\"https:\/\/9dots.com\/#\/schema\/logo\/image\/\"}}]}<\/script>\n<!-- \/ Yoast SEO Premium plugin. -->","yoast_head_json":{"title":"E-commerce Solutions for Businesses - 9 Dots Consulting","description":"Build connected e-commerce solutions that integrate sales, inventory, customer data, payments, and operations to support scalable digital commerce growth.","robots":{"index":"index","follow":"follow","max-snippet":"max-snippet:-1","max-image-preview":"max-image-preview:large","max-video-preview":"max-video-preview:-1"},"canonical":"https:\/\/9dots.com\/vi\/e-commerce-solutions\/","og_locale":"vi_VN","og_type":"article","og_title":"E-commerce Solutions","og_description":"Build connected e-commerce solutions that integrate sales, inventory, customer data, payments, and operations to support scalable digital commerce growth.","og_url":"https:\/\/9dots.com\/vi\/e-commerce-solutions\/","og_site_name":"9 Dots Consulting","article_modified_time":"2026-04-30T11:18:53+00:00","og_image":[{"url":"https:\/\/9dots.com\/wp-content\/uploads\/2024\/11\/AdobeStock_223290240-1-2-1024x632-1-768x474.webp","type":"","width":"","height":""}],"twitter_card":"summary_large_image","twitter_misc":{"\u01af\u1edbc t\u00ednh th\u1eddi gian \u0111\u1ecdc":"2 ph\u00fat"},"schema":{"@context":"https:\/\/schema.org","@graph":[{"@type":"WebPage","@id":"https:\/\/9dots.com\/e-commerce-solutions\/","url":"https:\/\/9dots.com\/e-commerce-solutions\/","name":"E-commerce Solutions for Businesses - 9 Dots Consulting","isPartOf":{"@id":"https:\/\/9dots.com\/#website"},"primaryImageOfPage":{"@id":"https:\/\/9dots.com\/e-commerce-solutions\/#primaryimage"},"image":{"@id":"https:\/\/9dots.com\/e-commerce-solutions\/#primaryimage"},"thumbnailUrl":"https:\/\/9dots.com\/wp-content\/uploads\/2024\/11\/AdobeStock_223290240-1-2-1024x632-1-768x474.webp","datePublished":"2024-11-15T06:42:20+00:00","dateModified":"2026-04-30T11:18:53+00:00","description":"Build connected e-commerce solutions that integrate sales, inventory, customer data, payments, and operations to support scalable digital commerce growth.","breadcrumb":{"@id":"https:\/\/9dots.com\/e-commerce-solutions\/#breadcrumb"},"inLanguage":"vi","potentialAction":[{"@type":"ReadAction","target":["https:\/\/9dots.com\/e-commerce-solutions\/"]}]},{"@type":"ImageObject","inLanguage":"vi","@id":"https:\/\/9dots.com\/e-commerce-solutions\/#primaryimage","url":"https:\/\/9dots.com\/wp-content\/uploads\/2024\/11\/AdobeStock_223290240-1-2-1024x632-1-768x474.webp","contentUrl":"https:\/\/9dots.com\/wp-content\/uploads\/2024\/11\/AdobeStock_223290240-1-2-1024x632-1-768x474.webp"},{"@type":"BreadcrumbList","@id":"https:\/\/9dots.com\/e-commerce-solutions\/#breadcrumb","itemListElement":[{"@type":"ListItem","position":1,"name":"Home","item":"https:\/\/9dots.com\/"},{"@type":"ListItem","position":2,"name":"E-commerce Solutions"}]},{"@type":"WebSite","@id":"https:\/\/9dots.com\/#website","url":"https:\/\/9dots.com\/","name":"9 Dots Consulting","description":"Your Trusted Microsoft Solutions Partner for Digital Growth","publisher":{"@id":"https:\/\/9dots.com\/#organization"},"alternateName":"9 Dots","potentialAction":[{"@type":"SearchAction","target":{"@type":"EntryPoint","urlTemplate":"https:\/\/9dots.com\/?s={search_term_string}"},"query-input":{"@type":"PropertyValueSpecification","valueRequired":true,"valueName":"search_term_string"}}],"inLanguage":"vi"},{"@type":"Organization","@id":"https:\/\/9dots.com\/#organization","name":"9 Dots Consulting","alternateName":"9 Dots","url":"https:\/\/9dots.com\/","logo":{"@type":"ImageObject","inLanguage":"vi","@id":"https:\/\/9dots.com\/#\/schema\/logo\/image\/","url":"https:\/\/9dots.com\/wp-content\/uploads\/2024\/03\/logo_1500x296.jpg","contentUrl":"https:\/\/9dots.com\/wp-content\/uploads\/2024\/03\/logo_1500x296.jpg","width":1500,"height":296,"caption":"9 Dots Consulting"},"image":{"@id":"https:\/\/9dots.com\/#\/schema\/logo\/image\/"}}]}},"_links":{"self":[{"href":"https:\/\/9dots.com\/vi\/wp-json\/wp\/v2\/pages\/3372","targetHints":{"allow":["GET"]}}],"collection":[{"href":"https:\/\/9dots.com\/vi\/wp-json\/wp\/v2\/pages"}],"about":[{"href":"https:\/\/9dots.com\/vi\/wp-json\/wp\/v2\/types\/page"}],"author":[{"embeddable":true,"href":"https:\/\/9dots.com\/vi\/wp-json\/wp\/v2\/users\/1"}],"replies":[{"embeddable":true,"href":"https:\/\/9dots.com\/vi\/wp-json\/wp\/v2\/comments?post=3372"}],"version-history":[{"count":26,"href":"https:\/\/9dots.com\/vi\/wp-json\/wp\/v2\/pages\/3372\/revisions"}],"predecessor-version":[{"id":6628,"href":"https:\/\/9dots.com\/vi\/wp-json\/wp\/v2\/pages\/3372\/revisions\/6628"}],"wp:attachment":[{"href":"https:\/\/9dots.com\/vi\/wp-json\/wp\/v2\/media?parent=3372"}],"curies":[{"name":"wp","href":"https:\/\/api.w.org\/{rel}","templated":true}]}}