{"id":4456,"date":"2025-01-20T07:14:00","date_gmt":"2025-01-20T07:14:00","guid":{"rendered":"https:\/\/9dots.com\/?page_id=4456"},"modified":"2025-01-20T10:58:10","modified_gmt":"2025-01-20T10:58:10","slug":"powering-the-future-of-business-operations","status":"publish","type":"page","link":"https:\/\/9dots.com\/vi\/powering-the-future-of-business-operations\/","title":{"rendered":"Th\u00fac \u0111\u1ea9y t\u01b0\u01a1ng lai c\u1ee7a ho\u1ea1t \u0111\u1ed9ng kinh doanh"},"content":{"rendered":"<div data-elementor-type=\"wp-page\" data-elementor-id=\"4456\" class=\"elementor elementor-4456\">\n\t\t\t\t<div class=\"elementor-element elementor-element-b6df3ee e-flex e-con-boxed e-con e-parent\" data-id=\"b6df3ee\" data-element_type=\"container\">\n\t\t\t\t\t<div class=\"e-con-inner\">\n\t\t<div class=\"elementor-element elementor-element-4504a07 e-con-full e-flex e-con e-child\" data-id=\"4504a07\" data-element_type=\"container\">\n\t\t<div class=\"elementor-element elementor-element-1a55a6f e-con-full e-flex e-con e-child\" data-id=\"1a55a6f\" data-element_type=\"container\">\n\t\t\t\t<div class=\"elementor-element elementor-element-28dd049 elementor-widget elementor-widget-heading\" data-id=\"28dd049\" data-element_type=\"widget\" data-widget_type=\"heading.default\">\n\t\t\t\t<div class=\"elementor-widget-container\">\n\t\t\t\t\t<h2 class=\"elementor-heading-title elementor-size-default\">\u00c1p l\u1ef1c t\u0103ng tr\u01b0\u1edfng nhanh h\u01a1n v\u00e0 mang l\u1ea1i k\u1ebft qu\u1ea3 t\u1ed1t h\u01a1n \u0111\u00e3 khi\u1ebfn 68% nh\u00e2n vi\u00ean cho bi\u1ebft h\u1ecd \u0111ang g\u1eb7p kh\u00f3 kh\u0103n trong vi\u1ec7c theo k\u1ecbp t\u1ed1c \u0111\u1ed9 v\u00e0 kh\u1ed1i l\u01b0\u1ee3ng c\u00f4ng vi\u1ec7c hi\u1ec7n t\u1ea1i. Do \u0111\u00f3, c\u00e1c nh\u00e0 l\u00e3nh \u0111\u1ea1o doanh nghi\u1ec7p ph\u1ea3i tri\u1ec3n khai c\u00e1c gi\u1ea3i ph\u00e1p t\u0103ng tr\u01b0\u1edfng b\u1ec1n v\u1eefng v\u00e0 khuy\u1ebfn kh\u00edch \u0111\u1ed9i ng\u0169 t\u1eadp trung v\u00e0o c\u00f4ng vi\u1ec7c c\u00f3 gi\u00e1 tr\u1ecb cao.<\/h2>\t\t\t\t<\/div>\n\t\t\t\t<\/div>\n\t\t\t\t<div class=\"elementor-element elementor-element-7864958 elementor-widget elementor-widget-heading\" data-id=\"7864958\" data-element_type=\"widget\" data-widget_type=\"heading.default\">\n\t\t\t\t<div class=\"elementor-widget-container\">\n\t\t\t\t\t<h2 class=\"elementor-heading-title elementor-size-default\"><b>T\u01b0 v\u1ea5n 9 ch\u1ea5m<\/b> c\u00f3 th\u1ec3 gi\u00fap b\u1ea1n k\u00edch ho\u1ea1t nh\u1eefng thay \u0111\u1ed5i n\u00e0y tr\u00ean m\u1ecdi l\u0129nh v\u1ef1c kinh doanh b\u1eb1ng c\u00e1ch tri\u1ec3n khai Dynamics 365, m\u1ed9t h\u1ec7 th\u1ed1ng ERP linh ho\u1ea1t v\u00e0 an to\u00e0n, c\u00f9ng v\u1edbi c\u00e1c \u0111\u1ea1i l\u00fd Copilot. H\u00e3y t\u00ecm hi\u1ec3u trong s\u00e1ch \u0111i\u1ec7n t\u1eed m\u1edbi c\u1ee7a ch\u00fang t\u00f4i.<\/h2>\t\t\t\t<\/div>\n\t\t\t\t<\/div>\n\t\t\t\t<div class=\"elementor-element elementor-element-af5e6ca elementor-widget__width-initial elementor-widget elementor-widget-text-editor\" data-id=\"af5e6ca\" data-element_type=\"widget\" data-widget_type=\"text-editor.default\">\n\t\t\t\t<div class=\"elementor-widget-container\">\n\t\t\t\t\t\t\t\t\t<h6>Nh\u1eefng y\u1ebfu t\u1ed1 t\u1ea1o n\u00ean m\u1ed9t Copilot.<\/h6>\t\t\t\t\t\t\t\t<\/div>\n\t\t\t\t<\/div>\n\t\t\t\t<div class=\"elementor-element elementor-element-b680de7 elementor-widget__width-initial elementor-widget elementor-widget-text-editor\" data-id=\"b680de7\" data-element_type=\"widget\" data-widget_type=\"text-editor.default\">\n\t\t\t\t<div class=\"elementor-widget-container\">\n\t\t\t\t\t\t\t\t\t<h6>Ba lo\u1ea1i \u0111\u1ea1i l\u00fd Copilot c\u00f3 th\u1ec3 c\u1ea3i thi\u1ec7n ho\u1ea1t \u0111\u1ed9ng kinh doanh c\u1ee7a b\u1ea1n.<\/h6>\t\t\t\t\t\t\t\t<\/div>\n\t\t\t\t<\/div>\n\t\t\t\t<div class=\"elementor-element elementor-element-9aa2dbf elementor-widget__width-initial elementor-widget elementor-widget-text-editor\" data-id=\"9aa2dbf\" data-element_type=\"widget\" data-widget_type=\"text-editor.default\">\n\t\t\t\t<div class=\"elementor-widget-container\">\n\t\t\t\t\t\t\t\t\t<h6>L\u1ee3i \u00edch khi tri\u1ec3n khai Dynamics 365 c\u00f9ng ch\u00fang t\u00f4i.<\/h6>\t\t\t\t\t\t\t\t<\/div>\n\t\t\t\t<\/div>\n\t\t\t\t<div class=\"elementor-element elementor-element-8bd0d56 elementor-widget__width-initial elementor-widget elementor-widget-text-editor\" data-id=\"8bd0d56\" data-element_type=\"widget\" data-widget_type=\"text-editor.default\">\n\t\t\t\t<div class=\"elementor-widget-container\">\n\t\t\t\t\t\t\t\t\t<h6>L\u1ee3i t\u1ee9c \u0111\u1ea7u t\u01b0 ti\u1ec1m n\u0103ng c\u1ee7a Dynamics 365 cho doanh nghi\u1ec7p c\u1ee7a b\u1ea1n.<\/h6>\t\t\t\t\t\t\t\t<\/div>\n\t\t\t\t<\/div>\n\t\t\t\t<\/div>\n\t\t<div class=\"elementor-element elementor-element-5404ae4 e-con-full e-flex e-con e-child\" data-id=\"5404ae4\" data-element_type=\"container\">\n\t\t\t\t<div class=\"elementor-element elementor-element-f532f6d elementor-widget elementor-widget-shortcode\" data-id=\"f532f6d\" data-element_type=\"widget\" data-widget_type=\"shortcode.default\">\n\t\t\t\t<div class=\"elementor-widget-container\">\n\t\t\t\t\t\t\t<div class=\"elementor-shortcode\">\n<div class=\"wpcf7 no-js\" id=\"wpcf7-f4461-o1\" lang=\"en-US\" dir=\"ltr\" data-wpcf7-id=\"4461\">\n<div class=\"screen-reader-response\"><p role=\"status\" aria-live=\"polite\" aria-atomic=\"true\"><\/p> <ul><\/ul><\/div>\n<form action=\"\/vi\/wp-json\/wp\/v2\/pages\/4456#wpcf7-f4461-o1\" method=\"post\" class=\"wpcf7-form init\" aria-label=\"Bi\u1ec3u m\u1eabu li\u00ean h\u1ec7\" novalidate=\"novalidate\" data-status=\"init\" data-trp-original-action=\"\/vi\/wp-json\/wp\/v2\/pages\/4456#wpcf7-f4461-o1\">\n<div style=\"display: none;\">\n<input type=\"hidden\" name=\"_wpcf7\" value=\"4461\" \/>\n<input type=\"hidden\" name=\"_wpcf7_version\" value=\"6.0.3\" \/>\n<input type=\"hidden\" name=\"_wpcf7_locale\" value=\"en_US\" \/>\n<input type=\"hidden\" name=\"_wpcf7_unit_tag\" value=\"wpcf7-f4461-o1\" \/>\n<input type=\"hidden\" name=\"_wpcf7_container_post\" value=\"0\" \/>\n<input type=\"hidden\" name=\"_wpcf7_posted_data_hash\" value=\"\" \/>\n<\/div>\n<div class=\"contact__form-wrap\">\n    <h2 class=\"title\" style=\"text-align:center;\">V\u00e2ng, t\u00f4i mu\u1ed1n c\u00f3 s\u00e1ch \u0111i\u1ec7n t\u1eed.<\/h2>\n    <p style=\"text-align:center;\">\u0110\u00e2y l\u00e0 th\u00f4ng tin c\u1ee7a t\u00f4i<\/p>\n\n    <div class=\"row\">\n      \n            <div class=\"form-grp\">\n                <span class=\"wpcf7-form-control-wrap\" data-name=\"first-name\"><input size=\"40\" maxlength=\"400\" class=\"wpcf7-form-control wpcf7-text\" aria-invalid=\"false\" placeholder=\"H\u1ecd v\u00e0 t\u00ean*\" value=\"\" type=\"text\" name=\"first-name\" \/><\/span>\n            <\/div>\n       \n            <div class=\"form-grp\">\n                <span class=\"wpcf7-form-control-wrap\" data-name=\"last-name\"><input size=\"40\" maxlength=\"400\" class=\"wpcf7-form-control wpcf7-text\" aria-invalid=\"false\" placeholder=\"H\u1ecd *\" value=\"\" type=\"text\" name=\"last-name\" \/><\/span>\n            <\/div>\n         <div class=\"form-grp\">\n                <span class=\"wpcf7-form-control-wrap\" data-name=\"your-email\"><input size=\"40\" maxlength=\"400\" class=\"wpcf7-form-control wpcf7-email wpcf7-validates-as-required wpcf7-text wpcf7-validates-as-email\" aria-required=\"true\" aria-invalid=\"false\" placeholder=\"Th\u01b0 \u0111i\u1ec7n t\u1eed *\" value=\"\" type=\"email\" name=\"your-email\" \/><\/span>\n            <\/div>\n\n            <div class=\"form-grp\">\n                <span class=\"wpcf7-form-control-wrap\" data-name=\"company-name\"><input size=\"40\" maxlength=\"400\" class=\"wpcf7-form-control wpcf7-text\" aria-invalid=\"false\" placeholder=\"T\u00ean c\u00f4ng ty *\" value=\"\" type=\"text\" name=\"company-name\" \/><\/span>\n            <\/div>\n<div class=\"form-grp\">\n                <span class=\"wpcf7-form-control-wrap\" data-name=\"job-title\"><input size=\"40\" maxlength=\"400\" class=\"wpcf7-form-control wpcf7-text\" aria-invalid=\"false\" placeholder=\"Ch\u1ee9c danh c\u00f4ng vi\u1ec7c *\" value=\"\" type=\"text\" name=\"job-title\" \/><\/span>\n            <\/div>\n<div class=\"form-grp\">\n                <span class=\"wpcf7-form-control-wrap\" data-name=\"country\"><input size=\"40\" maxlength=\"400\" class=\"wpcf7-form-control wpcf7-text\" aria-invalid=\"false\" placeholder=\"Qu\u1ed1c gia *\" value=\"\" type=\"text\" name=\"country\" \/><\/span>\n            <\/div>\n       \n          \n        \n      \n        \n   \n \n    <button type=\"submit\" class=\"btn\" style=\"display:block; text-align:center; margin:0 auto;\">\n  Nh\u1eadn s\u00e1ch \u0111i\u1ec7n t\u1eed\n<\/button>\n<\/div>\n<\/div><p style=\"display: none !important;\" class=\"akismet-fields-container\" data-prefix=\"_wpcf7_ak_\"><label>&#916;<textarea name=\"_wpcf7_ak_hp_textarea\" cols=\"45\" rows=\"8\" maxlength=\"100\"><\/textarea><\/label><input type=\"hidden\" id=\"ak_js_1\" name=\"_wpcf7_ak_js\" value=\"133\"\/><script>document.getElementById( \"ak_js_1\" ).setAttribute( \"value\", ( new Date() ).getTime() );<\/script><\/p><div class=\"wpcf7-response-output\" aria-hidden=\"true\"><\/div>\n<input type=\"hidden\" name=\"trp-form-language\" value=\"vi\"\/><\/form>\n<\/div>\n<\/div>\n\t\t\t\t\t\t<\/div>\n\t\t\t\t<\/div>\n\t\t\t\t<div class=\"elementor-element elementor-element-74b324a elementor-widget elementor-widget-heading\" data-id=\"74b324a\" data-element_type=\"widget\" data-widget_type=\"heading.default\">\n\t\t\t\t<div class=\"elementor-widget-container\">\n\t\t\t\t\t<h2 class=\"elementor-heading-title elementor-size-default\">*T\u1ea1i 9 dots Consulting, quy\u1ec1n ri\u00eang t\u01b0 c\u1ee7a b\u1ea1n l\u00e0 \u01b0u ti\u00ean h\u00e0ng \u0111\u1ea7u c\u1ee7a ch\u00fang t\u00f4i. Ch\u00fang t\u00f4i thu th\u1eadp v\u00e0 s\u1eed d\u1ee5ng th\u00f4ng tin c\u1ee7a b\u1ea1n \u0111\u1ec3 c\u1ea3i thi\u1ec7n d\u1ecbch v\u1ee5 v\u00e0 \u0111\u00e1p \u1ee9ng nhu c\u1ea7u c\u1ee7a b\u1ea1n, \u0111\u1ea3m b\u1ea3o th\u00f4ng tin \u0111\u01b0\u1ee3c b\u1ea3o m\u1eadt.<\/h2>\t\t\t\t<\/div>\n\t\t\t\t<\/div>\n\t\t\t\t<\/div>\n\t\t\t\t<\/div>\n\t\t\t\t\t<\/div>\n\t\t\t\t<\/div>\n\t\t\t\t<\/div>","protected":false},"excerpt":{"rendered":"<p>The pressure to grow faster and deliver better results has led to 68% of employees saying that they struggles to keep up with the current pace and volume of work. As a result, business leaders must deploy solutions that sustainable growth and teams to focus on high-value work. 9 Dots Consulting can help you activate [&hellip;]<\/p>","protected":false},"author":1,"featured_media":0,"parent":0,"menu_order":0,"comment_status":"closed","ping_status":"closed","template":"elementor_header_footer","meta":{"_acf_changed":false,"inline_featured_image":false,"footnotes":""},"class_list":["post-4456","page","type-page","status-publish","hentry"],"acf":[],"yoast_head":"<!-- This site is optimized with the Yoast SEO Premium plugin v26.6 (Yoast SEO v26.6) - https:\/\/yoast.com\/wordpress\/plugins\/seo\/ -->\n<title>Powering the future of business operations - 9 Dots Consulting<\/title>\n<meta name=\"robots\" content=\"index, follow, max-snippet:-1, max-image-preview:large, max-video-preview:-1\" \/>\n<link rel=\"canonical\" href=\"https:\/\/9dots.com\/vi\/powering-the-future-of-business-operations\/\" \/>\n<meta property=\"og:locale\" content=\"vi_VN\" \/>\n<meta property=\"og:type\" content=\"article\" \/>\n<meta property=\"og:title\" content=\"Powering the future of business operations\" \/>\n<meta property=\"og:description\" content=\"The pressure to grow faster and deliver better results has led to 68% of employees saying that they struggles to keep up with the current pace and volume of work. As a result, business leaders must deploy solutions that sustainable growth and teams to focus on high-value work. 9 Dots Consulting can help you activate [&hellip;]\" \/>\n<meta property=\"og:url\" content=\"https:\/\/9dots.com\/vi\/powering-the-future-of-business-operations\/\" \/>\n<meta property=\"og:site_name\" content=\"9 Dots Consulting\" \/>\n<meta property=\"article:modified_time\" content=\"2025-01-20T10:58:10+00:00\" \/>\n<meta name=\"twitter:card\" content=\"summary_large_image\" \/>\n<meta name=\"twitter:label1\" content=\"\u01af\u1edbc t\u00ednh th\u1eddi gian \u0111\u1ecdc\" \/>\n\t<meta name=\"twitter:data1\" content=\"1 ph\u00fat\" \/>\n<script type=\"application\/ld+json\" class=\"yoast-schema-graph\">{\"@context\":\"https:\/\/schema.org\",\"@graph\":[{\"@type\":\"WebPage\",\"@id\":\"https:\/\/9dots.com\/powering-the-future-of-business-operations\/\",\"url\":\"https:\/\/9dots.com\/powering-the-future-of-business-operations\/\",\"name\":\"Powering the future of business operations - 9 Dots Consulting\",\"isPartOf\":{\"@id\":\"https:\/\/9dots.com\/#website\"},\"datePublished\":\"2025-01-20T07:14:00+00:00\",\"dateModified\":\"2025-01-20T10:58:10+00:00\",\"breadcrumb\":{\"@id\":\"https:\/\/9dots.com\/powering-the-future-of-business-operations\/#breadcrumb\"},\"inLanguage\":\"vi\",\"potentialAction\":[{\"@type\":\"ReadAction\",\"target\":[\"https:\/\/9dots.com\/powering-the-future-of-business-operations\/\"]}]},{\"@type\":\"BreadcrumbList\",\"@id\":\"https:\/\/9dots.com\/powering-the-future-of-business-operations\/#breadcrumb\",\"itemListElement\":[{\"@type\":\"ListItem\",\"position\":1,\"name\":\"Home\",\"item\":\"https:\/\/9dots.com\/\"},{\"@type\":\"ListItem\",\"position\":2,\"name\":\"Powering the future of business operations\"}]},{\"@type\":\"WebSite\",\"@id\":\"https:\/\/9dots.com\/#website\",\"url\":\"https:\/\/9dots.com\/\",\"name\":\"9 Dots Consulting\",\"description\":\"\",\"potentialAction\":[{\"@type\":\"SearchAction\",\"target\":{\"@type\":\"EntryPoint\",\"urlTemplate\":\"https:\/\/9dots.com\/?s={search_term_string}\"},\"query-input\":{\"@type\":\"PropertyValueSpecification\",\"valueRequired\":true,\"valueName\":\"search_term_string\"}}],\"inLanguage\":\"vi\"}]}<\/script>\n<!-- \/ Yoast SEO Premium plugin. -->","yoast_head_json":{"title":"Powering the future of business operations - 9 Dots Consulting","robots":{"index":"index","follow":"follow","max-snippet":"max-snippet:-1","max-image-preview":"max-image-preview:large","max-video-preview":"max-video-preview:-1"},"canonical":"https:\/\/9dots.com\/vi\/powering-the-future-of-business-operations\/","og_locale":"vi_VN","og_type":"article","og_title":"Powering the future of business operations","og_description":"The pressure to grow faster and deliver better results has led to 68% of employees saying that they struggles to keep up with the current pace and volume of work. As a result, business leaders must deploy solutions that sustainable growth and teams to focus on high-value work. 9 Dots Consulting can help you activate [&hellip;]","og_url":"https:\/\/9dots.com\/vi\/powering-the-future-of-business-operations\/","og_site_name":"9 Dots Consulting","article_modified_time":"2025-01-20T10:58:10+00:00","twitter_card":"summary_large_image","twitter_misc":{"\u01af\u1edbc t\u00ednh th\u1eddi gian \u0111\u1ecdc":"1 ph\u00fat"},"schema":{"@context":"https:\/\/schema.org","@graph":[{"@type":"WebPage","@id":"https:\/\/9dots.com\/powering-the-future-of-business-operations\/","url":"https:\/\/9dots.com\/powering-the-future-of-business-operations\/","name":"Powering the future of business operations - 9 Dots Consulting","isPartOf":{"@id":"https:\/\/9dots.com\/#website"},"datePublished":"2025-01-20T07:14:00+00:00","dateModified":"2025-01-20T10:58:10+00:00","breadcrumb":{"@id":"https:\/\/9dots.com\/powering-the-future-of-business-operations\/#breadcrumb"},"inLanguage":"vi","potentialAction":[{"@type":"ReadAction","target":["https:\/\/9dots.com\/powering-the-future-of-business-operations\/"]}]},{"@type":"BreadcrumbList","@id":"https:\/\/9dots.com\/powering-the-future-of-business-operations\/#breadcrumb","itemListElement":[{"@type":"ListItem","position":1,"name":"Home","item":"https:\/\/9dots.com\/"},{"@type":"ListItem","position":2,"name":"Powering the future of business operations"}]},{"@type":"WebSite","@id":"https:\/\/9dots.com\/#website","url":"https:\/\/9dots.com\/","name":"9 Dots Consulting","description":"","potentialAction":[{"@type":"SearchAction","target":{"@type":"EntryPoint","urlTemplate":"https:\/\/9dots.com\/?s={search_term_string}"},"query-input":{"@type":"PropertyValueSpecification","valueRequired":true,"valueName":"search_term_string"}}],"inLanguage":"vi"}]}},"_links":{"self":[{"href":"https:\/\/9dots.com\/vi\/wp-json\/wp\/v2\/pages\/4456","targetHints":{"allow":["GET"]}}],"collection":[{"href":"https:\/\/9dots.com\/vi\/wp-json\/wp\/v2\/pages"}],"about":[{"href":"https:\/\/9dots.com\/vi\/wp-json\/wp\/v2\/types\/page"}],"author":[{"embeddable":true,"href":"https:\/\/9dots.com\/vi\/wp-json\/wp\/v2\/users\/1"}],"replies":[{"embeddable":true,"href":"https:\/\/9dots.com\/vi\/wp-json\/wp\/v2\/comments?post=4456"}],"version-history":[{"count":122,"href":"https:\/\/9dots.com\/vi\/wp-json\/wp\/v2\/pages\/4456\/revisions"}],"predecessor-version":[{"id":4624,"href":"https:\/\/9dots.com\/vi\/wp-json\/wp\/v2\/pages\/4456\/revisions\/4624"}],"wp:attachment":[{"href":"https:\/\/9dots.com\/vi\/wp-json\/wp\/v2\/media?parent=4456"}],"curies":[{"name":"wp","href":"https:\/\/api.w.org\/{rel}","templated":true}]}}