{"id":4498,"date":"2025-01-22T05:36:28","date_gmt":"2025-01-22T05:36:28","guid":{"rendered":"https:\/\/9dots.com\/?page_id=4498"},"modified":"2026-04-30T10:13:40","modified_gmt":"2026-04-30T10:13:40","slug":"our-partner","status":"publish","type":"page","link":"https:\/\/9dots.com\/vi\/our-partner\/","title":{"rendered":"\u0110\u1ed1i t\u00e1c c\u1ee7a ch\u00fang t\u00f4i"},"content":{"rendered":"<div data-elementor-type=\"wp-page\" data-elementor-id=\"4498\" class=\"elementor elementor-4498\">\n\t\t\t\t<div class=\"elementor-element elementor-element-b6df3ee e-flex e-con-boxed e-con e-parent\" data-id=\"b6df3ee\" data-element_type=\"container\">\n\t\t\t\t\t<div class=\"e-con-inner\">\n\t\t<div class=\"elementor-element elementor-element-471dac4 e-con-full e-flex e-con e-child\" data-id=\"471dac4\" data-element_type=\"container\">\n\t\t\t\t<div class=\"elementor-element elementor-element-28fcc4d elementor-widget elementor-widget-tg-heading\" data-id=\"28fcc4d\" data-element_type=\"widget\" data-widget_type=\"tg-heading.default\">\n\t\t\t\t<div class=\"elementor-widget-container\">\n\t\t\t\t\t\n        <div class=\"section-title tg-heading-subheading animation-style3\">\n                        <h2 class=\"title tg-element-title\">\u0110\u1ed1i t\u00e1c chi\u1ebfn l\u01b0\u1ee3c<\/h2>        <\/div>\n\n\t\t\t\t<\/div>\n\t\t\t\t<\/div>\n\t\t\t\t<div class=\"elementor-element elementor-element-946d439 elementor-widget elementor-widget-heading\" data-id=\"946d439\" data-element_type=\"widget\" data-widget_type=\"heading.default\">\n\t\t\t\t<div class=\"elementor-widget-container\">\n\t\t\t\t\t<p class=\"elementor-heading-title elementor-size-default\">T\u1ea1i 9 Dots Consulting, ch\u00fang t\u00f4i h\u1ee3p t\u00e1c v\u1edbi c\u00e1c \u0111\u1ed1i t\u00e1c \u0111\u1eb3ng c\u1ea5p th\u1ebf gi\u1edbi \u0111\u1ec3 cung c\u1ea5p c\u00e1c gi\u1ea3i ph\u00e1p kinh doanh h\u00e0ng \u0111\u1ea7u trong ng\u00e0nh. C\u00e1c li\u00ean minh chi\u1ebfn l\u01b0\u1ee3c n\u00e0y cho ph\u00e9p ch\u00fang t\u00f4i cung c\u1ea5p c\u00e1c c\u00f4ng ngh\u1ec7 ti\u00ean ti\u1ebfn th\u00fac \u0111\u1ea9y chuy\u1ec3n \u0111\u1ed5i s\u1ed1, n\u00e2ng cao hi\u1ec7u qu\u1ea3 ho\u1ea1t \u0111\u1ed9ng v\u00e0 h\u1ed7 tr\u1ee3 t\u0103ng tr\u01b0\u1edfng b\u1ec1n v\u1eefng.\n<\/p>\t\t\t\t<\/div>\n\t\t\t\t<\/div>\n\t\t\t\t<\/div>\n\t\t<div class=\"elementor-element elementor-element-43698cb e-con-full e-flex e-con e-child\" data-id=\"43698cb\" data-element_type=\"container\">\n\t\t<div class=\"elementor-element elementor-element-c74cc44 e-con-full e-flex e-con e-child\" data-id=\"c74cc44\" data-element_type=\"container\" data-settings=\"{&quot;background_background&quot;:&quot;classic&quot;}\">\n\t\t\t\t<div class=\"elementor-element elementor-element-4253ec5 elementor-position-top elementor-widget elementor-widget-image-box\" data-id=\"4253ec5\" data-element_type=\"widget\" data-widget_type=\"image-box.default\">\n\t\t\t\t<div class=\"elementor-widget-container\">\n\t\t\t\t\t<div class=\"elementor-image-box-wrapper\"><figure class=\"elementor-image-box-img\"><img decoding=\"async\" width=\"385\" height=\"120\" src=\"https:\/\/9dots.com\/wp-content\/uploads\/2025\/01\/Picture1.png\" class=\"attachment-full size-full wp-image-4607\" alt=\"\" srcset=\"https:\/\/9dots.com\/wp-content\/uploads\/2025\/01\/Picture1.png 385w, https:\/\/9dots.com\/wp-content\/uploads\/2025\/01\/Picture1-300x94.png 300w\" sizes=\"(max-width: 385px) 100vw, 385px\" \/><\/figure><div class=\"elementor-image-box-content\"><p class=\"elementor-image-box-description\">B\u1eb1ng c\u00e1ch n\u00e2ng cao c\u00e1c gi\u1ea3i ph\u00e1p Dynamics 365 c\u1ee7a m\u00ecnh v\u1edbi c\u00e1c kh\u1ea3 n\u0103ng chuy\u00ean bi\u1ec7t d\u00e0nh cho ng\u00e0nh c\u00f4ng nghi\u1ec7p \u00f4 t\u00f4 v\u00e0 thi\u1ebft b\u1ecb, Annata \u0111\u1ea3m b\u1ea3o ho\u1ea1t \u0111\u1ed9ng b\u00e1n h\u00e0ng, d\u1ecbch v\u1ee5 v\u00e0 cho thu\u00ea li\u1ec1n m\u1ea1ch.<\/p><\/div><\/div>\t\t\t\t<\/div>\n\t\t\t\t<\/div>\n\t\t\t\t<\/div>\n\t\t<div class=\"elementor-element elementor-element-993b23c e-con-full e-flex e-con e-child\" data-id=\"993b23c\" data-element_type=\"container\" data-settings=\"{&quot;background_background&quot;:&quot;classic&quot;}\">\n\t\t\t\t<div class=\"elementor-element elementor-element-4d67529 elementor-position-top elementor-widget elementor-widget-image-box\" data-id=\"4d67529\" data-element_type=\"widget\" data-widget_type=\"image-box.default\">\n\t\t\t\t<div class=\"elementor-widget-container\">\n\t\t\t\t\t<div class=\"elementor-image-box-wrapper\"><figure class=\"elementor-image-box-img\"><img fetchpriority=\"high\" decoding=\"async\" width=\"469\" height=\"107\" src=\"https:\/\/9dots.com\/wp-content\/uploads\/2025\/03\/insight-software-logo.png\" class=\"attachment-full size-full wp-image-4826\" alt=\"\" srcset=\"https:\/\/9dots.com\/wp-content\/uploads\/2025\/03\/insight-software-logo.png 469w, https:\/\/9dots.com\/wp-content\/uploads\/2025\/03\/insight-software-logo-300x68.png 300w, https:\/\/9dots.com\/wp-content\/uploads\/2025\/03\/insight-software-logo-18x4.png 18w\" sizes=\"(max-width: 469px) 100vw, 469px\" \/><\/figure><div class=\"elementor-image-box-content\"><p class=\"elementor-image-box-description\">V\u1edbi c\u00e1c c\u00f4ng c\u1ee5 ph\u00e2n t\u00edch v\u00e0 b\u00e1o c\u00e1o t\u00e0i ch\u00ednh m\u1ea1nh m\u1ebd nh\u01b0 Jet Reports v\u00e0 Atlas, Insight Software gi\u00fap doanh nghi\u1ec7p c\u00f3 \u0111\u01b0\u1ee3c th\u00f4ng tin chi ti\u1ebft h\u1eefu \u00edch v\u00e0 \u0111\u01b0a ra quy\u1ebft \u0111\u1ecbnh th\u00f4ng minh h\u01a1n d\u1ef1a tr\u00ean d\u1eef li\u1ec7u.<\/p><\/div><\/div>\t\t\t\t<\/div>\n\t\t\t\t<\/div>\n\t\t\t\t<\/div>\n\t\t<div class=\"elementor-element elementor-element-34de65f e-con-full e-flex e-con e-child\" data-id=\"34de65f\" data-element_type=\"container\" data-settings=\"{&quot;background_background&quot;:&quot;classic&quot;}\">\n\t\t\t\t<div class=\"elementor-element elementor-element-785240e elementor-position-top elementor-widget elementor-widget-image-box\" data-id=\"785240e\" data-element_type=\"widget\" data-widget_type=\"image-box.default\">\n\t\t\t\t<div class=\"elementor-widget-container\">\n\t\t\t\t\t<div class=\"elementor-image-box-wrapper\"><figure class=\"elementor-image-box-img\"><img decoding=\"async\" width=\"749\" height=\"264\" src=\"https:\/\/9dots.com\/wp-content\/uploads\/2025\/01\/Picture3.png\" class=\"attachment-full size-full wp-image-4609\" alt=\"\" srcset=\"https:\/\/9dots.com\/wp-content\/uploads\/2025\/01\/Picture3.png 749w, https:\/\/9dots.com\/wp-content\/uploads\/2025\/01\/Picture3-300x106.png 300w\" sizes=\"(max-width: 749px) 100vw, 749px\" \/><\/figure><div class=\"elementor-image-box-content\"><p class=\"elementor-image-box-description\">Gi\u1ea3i ph\u00e1p ExFlow c\u1ee7a SignUp Software gi\u00fap chuy\u1ec3n \u0111\u1ed5i c\u00e1c quy tr\u00ecnh ph\u1ea3i tr\u1ea3, t\u1ef1 \u0111\u1ed9ng h\u00f3a quy tr\u00ecnh c\u00f4ng vi\u1ec7c t\u00e0i ch\u00ednh, h\u1ee3p l\u00fd h\u00f3a ho\u1ea1t \u0111\u1ed9ng \u0111\u1ec3 \u0111\u1ea1t hi\u1ec7u qu\u1ea3 t\u1ed1i \u0111a.\n<\/p><\/div><\/div>\t\t\t\t<\/div>\n\t\t\t\t<\/div>\n\t\t\t\t<\/div>\n\t\t\t\t<\/div>\n\t\t\t\t<div class=\"elementor-element elementor-element-2041af1 elementor-widget elementor-widget-heading\" data-id=\"2041af1\" data-element_type=\"widget\" data-widget_type=\"heading.default\">\n\t\t\t\t<div class=\"elementor-widget-container\">\n\t\t\t\t\t<p class=\"elementor-heading-title elementor-size-default\"><b>S\u1eb5n s\u00e0ng \u0111\u01b0a doanh nghi\u1ec7p c\u1ee7a b\u1ea1n l\u00ean t\u1ea7m cao m\u1edbi?<\/b>\u00a0<a href=\"https:\/\/9dots.com\/vi\/contact-us\/\" style=\"color:#f7a400\">Li\u00ean h\u1ec7 v\u1edbi ch\u00fang t\u00f4i ngay h\u00f4m nay<\/a>\u00a0\u0111\u1ec3 t\u00ecm hi\u1ec3u c\u00e1ch quan h\u1ec7 \u0111\u1ed1i t\u00e1c chi\u1ebfn l\u01b0\u1ee3c c\u1ee7a ch\u00fang t\u00f4i c\u00f3 th\u1ec3 gi\u00fap b\u1ea1n \u0111\u1ea1t \u0111\u01b0\u1ee3c chuy\u1ec3n \u0111\u1ed5i s\u1ed1 v\u00e0 ho\u1ea1t \u0111\u1ed9ng xu\u1ea5t s\u1eafc.\n<\/p>\t\t\t\t<\/div>\n\t\t\t\t<\/div>\n\t\t\t\t\t<\/div>\n\t\t\t\t<\/div>\n\t\t\t\t<\/div>","protected":false},"excerpt":{"rendered":"<p>\u0110\u1ed1i t\u00e1c Chi\u1ebfn l\u01b0\u1ee3c T\u1ea1i 9 Dots Consulting, ch\u00fang t\u00f4i h\u1ee3p t\u00e1c v\u1edbi c\u00e1c \u0111\u1ed1i t\u00e1c \u0111\u1eb3ng c\u1ea5p th\u1ebf gi\u1edbi \u0111\u1ec3 cung c\u1ea5p c\u00e1c gi\u1ea3i ph\u00e1p kinh doanh h\u00e0ng \u0111\u1ea7u trong ng\u00e0nh. C\u00e1c li\u00ean minh chi\u1ebfn l\u01b0\u1ee3c n\u00e0y cho ph\u00e9p ch\u00fang t\u00f4i cung c\u1ea5p c\u00e1c c\u00f4ng ngh\u1ec7 ti\u00ean ti\u1ebfn th\u00fac \u0111\u1ea9y chuy\u1ec3n \u0111\u1ed5i s\u1ed1, n\u00e2ng cao hi\u1ec7u qu\u1ea3 ho\u1ea1t \u0111\u1ed9ng v\u00e0 h\u1ed7 tr\u1ee3 t\u0103ng tr\u01b0\u1edfng b\u1ec1n v\u1eefng. B\u1eb1ng vi\u1ec7c n\u00e2ng cao c\u00e1c gi\u1ea3i ph\u00e1p Dynamics 365 v\u1edbi c\u00e1c t\u00ednh n\u0103ng chuy\u00ean bi\u1ec7t d\u00e0nh cho ng\u00e0nh c\u00f4ng nghi\u1ec7p \u00f4 t\u00f4 v\u00e0 thi\u1ebft b\u1ecb, Annata \u0111\u1ea3m b\u1ea3o ho\u1ea1t \u0111\u1ed9ng b\u00e1n h\u00e0ng, d\u1ecbch v\u1ee5, [\u2026]<\/p>","protected":false},"author":1,"featured_media":0,"parent":0,"menu_order":0,"comment_status":"closed","ping_status":"closed","template":"elementor_header_footer","meta":{"_acf_changed":false,"inline_featured_image":false,"footnotes":""},"class_list":["post-4498","page","type-page","status-publish","hentry"],"acf":[],"yoast_head":"<!-- This site is optimized with the Yoast SEO Premium plugin v26.6 (Yoast SEO v26.6) - https:\/\/yoast.com\/wordpress\/plugins\/seo\/ -->\n<title>Microsoft Dynamics 365 Strategic Partners for Growth - 9 Dots Consulting<\/title>\n<meta name=\"description\" content=\"Explore 9 Dots Consulting\u2019s strategic partners, including Annata, insightsoftware, and SignUp Software, delivering enhanced Dynamics 365, analytics, and financial automation solutions.\" \/>\n<meta name=\"robots\" content=\"index, follow, max-snippet:-1, max-image-preview:large, max-video-preview:-1\" \/>\n<link rel=\"canonical\" href=\"https:\/\/9dots.com\/vi\/our-partner\/\" \/>\n<meta property=\"og:locale\" content=\"vi_VN\" \/>\n<meta property=\"og:type\" content=\"article\" \/>\n<meta property=\"og:title\" content=\"Our Partners\" \/>\n<meta property=\"og:description\" content=\"Explore 9 Dots Consulting\u2019s strategic partners, including Annata, insightsoftware, and SignUp Software, delivering enhanced Dynamics 365, analytics, and financial automation solutions.\" \/>\n<meta property=\"og:url\" content=\"https:\/\/9dots.com\/vi\/our-partner\/\" \/>\n<meta property=\"og:site_name\" content=\"9 Dots Consulting\" \/>\n<meta property=\"article:modified_time\" content=\"2026-04-30T10:13:40+00:00\" \/>\n<meta property=\"og:image\" content=\"https:\/\/9dots.com\/wp-content\/uploads\/2025\/01\/Picture1.png\" \/>\n<meta name=\"twitter:card\" content=\"summary_large_image\" \/>\n<meta name=\"twitter:label1\" content=\"\u01af\u1edbc t\u00ednh th\u1eddi gian \u0111\u1ecdc\" \/>\n\t<meta name=\"twitter:data1\" content=\"2 ph\u00fat\" \/>\n<script type=\"application\/ld+json\" class=\"yoast-schema-graph\">{\"@context\":\"https:\/\/schema.org\",\"@graph\":[{\"@type\":\"WebPage\",\"@id\":\"https:\/\/9dots.com\/our-partner\/\",\"url\":\"https:\/\/9dots.com\/our-partner\/\",\"name\":\"Microsoft Dynamics 365 Strategic Partners for Growth - 9 Dots Consulting\",\"isPartOf\":{\"@id\":\"https:\/\/9dots.com\/#website\"},\"primaryImageOfPage\":{\"@id\":\"https:\/\/9dots.com\/our-partner\/#primaryimage\"},\"image\":{\"@id\":\"https:\/\/9dots.com\/our-partner\/#primaryimage\"},\"thumbnailUrl\":\"https:\/\/9dots.com\/wp-content\/uploads\/2025\/01\/Picture1.png\",\"datePublished\":\"2025-01-22T05:36:28+00:00\",\"dateModified\":\"2026-04-30T10:13:40+00:00\",\"description\":\"Explore 9 Dots Consulting\u2019s strategic partners, including Annata, insightsoftware, and SignUp Software, delivering enhanced Dynamics 365, analytics, and financial automation solutions.\",\"breadcrumb\":{\"@id\":\"https:\/\/9dots.com\/our-partner\/#breadcrumb\"},\"inLanguage\":\"vi\",\"potentialAction\":[{\"@type\":\"ReadAction\",\"target\":[\"https:\/\/9dots.com\/our-partner\/\"]}]},{\"@type\":\"ImageObject\",\"inLanguage\":\"vi\",\"@id\":\"https:\/\/9dots.com\/our-partner\/#primaryimage\",\"url\":\"https:\/\/9dots.com\/wp-content\/uploads\/2025\/01\/Picture1.png\",\"contentUrl\":\"https:\/\/9dots.com\/wp-content\/uploads\/2025\/01\/Picture1.png\"},{\"@type\":\"BreadcrumbList\",\"@id\":\"https:\/\/9dots.com\/our-partner\/#breadcrumb\",\"itemListElement\":[{\"@type\":\"ListItem\",\"position\":1,\"name\":\"Home\",\"item\":\"https:\/\/9dots.com\/\"},{\"@type\":\"ListItem\",\"position\":2,\"name\":\"Our Partners\"}]},{\"@type\":\"WebSite\",\"@id\":\"https:\/\/9dots.com\/#website\",\"url\":\"https:\/\/9dots.com\/\",\"name\":\"9 Dots Consulting\",\"description\":\"Your Trusted Microsoft Solutions Partner for Digital Growth\",\"publisher\":{\"@id\":\"https:\/\/9dots.com\/#organization\"},\"alternateName\":\"9 Dots\",\"potentialAction\":[{\"@type\":\"SearchAction\",\"target\":{\"@type\":\"EntryPoint\",\"urlTemplate\":\"https:\/\/9dots.com\/?s={search_term_string}\"},\"query-input\":{\"@type\":\"PropertyValueSpecification\",\"valueRequired\":true,\"valueName\":\"search_term_string\"}}],\"inLanguage\":\"vi\"},{\"@type\":\"Organization\",\"@id\":\"https:\/\/9dots.com\/#organization\",\"name\":\"9 Dots Consulting\",\"alternateName\":\"9 Dots\",\"url\":\"https:\/\/9dots.com\/\",\"logo\":{\"@type\":\"ImageObject\",\"inLanguage\":\"vi\",\"@id\":\"https:\/\/9dots.com\/#\/schema\/logo\/image\/\",\"url\":\"https:\/\/9dots.com\/wp-content\/uploads\/2024\/03\/logo_1500x296.jpg\",\"contentUrl\":\"https:\/\/9dots.com\/wp-content\/uploads\/2024\/03\/logo_1500x296.jpg\",\"width\":1500,\"height\":296,\"caption\":\"9 Dots Consulting\"},\"image\":{\"@id\":\"https:\/\/9dots.com\/#\/schema\/logo\/image\/\"}}]}<\/script>\n<!-- \/ Yoast SEO Premium plugin. -->","yoast_head_json":{"title":"Microsoft Dynamics 365 Strategic Partners for Growth - 9 Dots Consulting","description":"Explore 9 Dots Consulting\u2019s strategic partners, including Annata, insightsoftware, and SignUp Software, delivering enhanced Dynamics 365, analytics, and financial automation solutions.","robots":{"index":"index","follow":"follow","max-snippet":"max-snippet:-1","max-image-preview":"max-image-preview:large","max-video-preview":"max-video-preview:-1"},"canonical":"https:\/\/9dots.com\/vi\/our-partner\/","og_locale":"vi_VN","og_type":"article","og_title":"Our Partners","og_description":"Explore 9 Dots Consulting\u2019s strategic partners, including Annata, insightsoftware, and SignUp Software, delivering enhanced Dynamics 365, analytics, and financial automation solutions.","og_url":"https:\/\/9dots.com\/vi\/our-partner\/","og_site_name":"9 Dots Consulting","article_modified_time":"2026-04-30T10:13:40+00:00","og_image":[{"url":"https:\/\/9dots.com\/wp-content\/uploads\/2025\/01\/Picture1.png","type":"","width":"","height":""}],"twitter_card":"summary_large_image","twitter_misc":{"\u01af\u1edbc t\u00ednh th\u1eddi gian \u0111\u1ecdc":"2 ph\u00fat"},"schema":{"@context":"https:\/\/schema.org","@graph":[{"@type":"WebPage","@id":"https:\/\/9dots.com\/our-partner\/","url":"https:\/\/9dots.com\/our-partner\/","name":"Microsoft Dynamics 365 Strategic Partners for Growth - 9 Dots Consulting","isPartOf":{"@id":"https:\/\/9dots.com\/#website"},"primaryImageOfPage":{"@id":"https:\/\/9dots.com\/our-partner\/#primaryimage"},"image":{"@id":"https:\/\/9dots.com\/our-partner\/#primaryimage"},"thumbnailUrl":"https:\/\/9dots.com\/wp-content\/uploads\/2025\/01\/Picture1.png","datePublished":"2025-01-22T05:36:28+00:00","dateModified":"2026-04-30T10:13:40+00:00","description":"Explore 9 Dots Consulting\u2019s strategic partners, including Annata, insightsoftware, and SignUp Software, delivering enhanced Dynamics 365, analytics, and financial automation solutions.","breadcrumb":{"@id":"https:\/\/9dots.com\/our-partner\/#breadcrumb"},"inLanguage":"vi","potentialAction":[{"@type":"ReadAction","target":["https:\/\/9dots.com\/our-partner\/"]}]},{"@type":"ImageObject","inLanguage":"vi","@id":"https:\/\/9dots.com\/our-partner\/#primaryimage","url":"https:\/\/9dots.com\/wp-content\/uploads\/2025\/01\/Picture1.png","contentUrl":"https:\/\/9dots.com\/wp-content\/uploads\/2025\/01\/Picture1.png"},{"@type":"BreadcrumbList","@id":"https:\/\/9dots.com\/our-partner\/#breadcrumb","itemListElement":[{"@type":"ListItem","position":1,"name":"Home","item":"https:\/\/9dots.com\/"},{"@type":"ListItem","position":2,"name":"Our Partners"}]},{"@type":"WebSite","@id":"https:\/\/9dots.com\/#website","url":"https:\/\/9dots.com\/","name":"9 Dots Consulting","description":"Your Trusted Microsoft Solutions Partner for Digital Growth","publisher":{"@id":"https:\/\/9dots.com\/#organization"},"alternateName":"9 Dots","potentialAction":[{"@type":"SearchAction","target":{"@type":"EntryPoint","urlTemplate":"https:\/\/9dots.com\/?s={search_term_string}"},"query-input":{"@type":"PropertyValueSpecification","valueRequired":true,"valueName":"search_term_string"}}],"inLanguage":"vi"},{"@type":"Organization","@id":"https:\/\/9dots.com\/#organization","name":"9 Dots Consulting","alternateName":"9 Dots","url":"https:\/\/9dots.com\/","logo":{"@type":"ImageObject","inLanguage":"vi","@id":"https:\/\/9dots.com\/#\/schema\/logo\/image\/","url":"https:\/\/9dots.com\/wp-content\/uploads\/2024\/03\/logo_1500x296.jpg","contentUrl":"https:\/\/9dots.com\/wp-content\/uploads\/2024\/03\/logo_1500x296.jpg","width":1500,"height":296,"caption":"9 Dots Consulting"},"image":{"@id":"https:\/\/9dots.com\/#\/schema\/logo\/image\/"}}]}},"_links":{"self":[{"href":"https:\/\/9dots.com\/vi\/wp-json\/wp\/v2\/pages\/4498","targetHints":{"allow":["GET"]}}],"collection":[{"href":"https:\/\/9dots.com\/vi\/wp-json\/wp\/v2\/pages"}],"about":[{"href":"https:\/\/9dots.com\/vi\/wp-json\/wp\/v2\/types\/page"}],"author":[{"embeddable":true,"href":"https:\/\/9dots.com\/vi\/wp-json\/wp\/v2\/users\/1"}],"replies":[{"embeddable":true,"href":"https:\/\/9dots.com\/vi\/wp-json\/wp\/v2\/comments?post=4498"}],"version-history":[{"count":47,"href":"https:\/\/9dots.com\/vi\/wp-json\/wp\/v2\/pages\/4498\/revisions"}],"predecessor-version":[{"id":6588,"href":"https:\/\/9dots.com\/vi\/wp-json\/wp\/v2\/pages\/4498\/revisions\/6588"}],"wp:attachment":[{"href":"https:\/\/9dots.com\/vi\/wp-json\/wp\/v2\/media?parent=4498"}],"curies":[{"name":"wp","href":"https:\/\/api.w.org\/{rel}","templated":true}]}}