{"id":5263,"date":"2025-04-28T09:34:53","date_gmt":"2025-04-28T09:34:53","guid":{"rendered":"https:\/\/9dots.com\/?page_id=5263"},"modified":"2025-04-28T09:39:35","modified_gmt":"2025-04-28T09:39:35","slug":"download-e-book-power-the-future-of-business-operations-with-microsoft-dynamics-365-and-copilot","status":"publish","type":"page","link":"https:\/\/9dots.com\/vi\/download-e-book-power-the-future-of-business-operations-with-microsoft-dynamics-365-and-copilot\/","title":{"rendered":"Download e-Book Power the Future of Business Operations with Microsoft Dynamics 365 and Copilot"},"content":{"rendered":"<div data-elementor-type=\"wp-page\" data-elementor-id=\"5263\" class=\"elementor elementor-5263\">\n\t\t\t\t\t\t<section class=\"elementor-section elementor-top-section elementor-element elementor-element-3870cd3 elementor-section-height-full elementor-section-boxed elementor-section-height-default elementor-section-items-middle\" data-id=\"3870cd3\" data-element_type=\"section\" data-settings=\"{&quot;background_background&quot;:&quot;classic&quot;}\">\n\t\t\t\t\t\t<div class=\"elementor-container elementor-column-gap-default\">\n\t\t\t\t\t<div class=\"elementor-column elementor-col-50 elementor-top-column elementor-element elementor-element-99ddea2\" data-id=\"99ddea2\" data-element_type=\"column\">\n\t\t\t<div class=\"elementor-widget-wrap elementor-element-populated\">\n\t\t\t\t\t\t<div class=\"elementor-element elementor-element-d4d72b8 elementor-widget elementor-widget-heading\" data-id=\"d4d72b8\" data-element_type=\"widget\" data-widget_type=\"heading.default\">\n\t\t\t\t<div class=\"elementor-widget-container\">\n\t\t\t\t\t<h2 class=\"elementor-heading-title elementor-size-default\">T\u1ea3i ngay s\u00e1ch \u0111i\u1ec7n t\u1eed!<\/h2>\t\t\t\t<\/div>\n\t\t\t\t<\/div>\n\t\t\t\t<div class=\"elementor-element elementor-element-d2d076a elementor-widget elementor-widget-text-editor\" data-id=\"d2d076a\" data-element_type=\"widget\" data-widget_type=\"text-editor.default\">\n\t\t\t\t<div class=\"elementor-widget-container\">\n\t\t\t\t\t\t\t\t\t<p style=\"color: white !important;\">T\u1ea3i eBook ngay h\u00f4m nay v\u00e0 th\u1ef1c hi\u1ec7n b\u01b0\u1edbc \u0111\u1ea7u ti\u00ean h\u01b0\u1edbng t\u1edbi vi\u1ec7c x\u00e2y d\u1ef1ng m\u1ed9t doanh nghi\u1ec7p th\u00f4ng minh h\u01a1n, s\u1eb5n s\u00e0ng cho t\u01b0\u01a1ng lai.<\/p>\t\t\t\t\t\t\t\t<\/div>\n\t\t\t\t<\/div>\n\t\t<div class=\"elementor-element elementor-element-0f4332a e-flex e-con-boxed e-con e-parent\" data-id=\"0f4332a\" data-element_type=\"container\" data-settings=\"{&quot;background_background&quot;:&quot;classic&quot;}\">\n\t\t\t\t\t<div class=\"e-con-inner\">\n\t\t\t\t<div class=\"elementor-element elementor-element-678d6f5 elementor-widget elementor-widget-image\" data-id=\"678d6f5\" data-element_type=\"widget\" data-widget_type=\"image.default\">\n\t\t\t\t<div class=\"elementor-widget-container\">\n\t\t\t\t\t\t\t\t\t\t\t\t\t\t\t<img fetchpriority=\"high\" decoding=\"async\" width=\"1280\" height=\"1280\" src=\"https:\/\/9dots.com\/wp-content\/uploads\/2025\/04\/Download-ebook-9-dots.jpeg\" class=\"attachment-full size-full wp-image-4839\" alt=\"\" srcset=\"https:\/\/9dots.com\/wp-content\/uploads\/2025\/04\/Download-ebook-9-dots.jpeg 1280w, https:\/\/9dots.com\/wp-content\/uploads\/2025\/04\/Download-ebook-9-dots-300x300.jpeg 300w, https:\/\/9dots.com\/wp-content\/uploads\/2025\/04\/Download-ebook-9-dots-1024x1024.jpeg 1024w, https:\/\/9dots.com\/wp-content\/uploads\/2025\/04\/Download-ebook-9-dots-150x150.jpeg 150w, https:\/\/9dots.com\/wp-content\/uploads\/2025\/04\/Download-ebook-9-dots-768x768.jpeg 768w, https:\/\/9dots.com\/wp-content\/uploads\/2025\/04\/Download-ebook-9-dots-12x12.jpeg 12w\" sizes=\"(max-width: 1280px) 100vw, 1280px\" \/>\t\t\t\t\t\t\t\t\t\t\t\t\t\t\t<\/div>\n\t\t\t\t<\/div>\n\t\t\t\t\t<\/div>\n\t\t\t\t<\/div>\n\t\t\t\t\t<\/div>\n\t\t<\/div>\n\t\t\t\t<div class=\"elementor-column elementor-col-50 elementor-top-column elementor-element elementor-element-f484053\" data-id=\"f484053\" data-element_type=\"column\">\n\t\t\t<div class=\"elementor-widget-wrap elementor-element-populated\">\n\t\t\t\t\t\t<div class=\"elementor-element elementor-element-13ffb35 elementor-widget elementor-widget-shortcode\" data-id=\"13ffb35\" data-element_type=\"widget\" data-widget_type=\"shortcode.default\">\n\t\t\t\t<div class=\"elementor-widget-container\">\n\t\t\t\t\t\t\t<div class=\"elementor-shortcode\">\n<div class=\"wpcf7 no-js\" id=\"wpcf7-f4461-o1\" lang=\"en-US\" dir=\"ltr\" data-wpcf7-id=\"4461\">\n<div class=\"screen-reader-response\"><p role=\"status\" aria-live=\"polite\" aria-atomic=\"true\"><\/p> <ul><\/ul><\/div>\n<form action=\"\/vi\/wp-json\/wp\/v2\/pages\/5263#wpcf7-f4461-o1\" method=\"post\" class=\"wpcf7-form init\" aria-label=\"Bi\u1ec3u m\u1eabu li\u00ean h\u1ec7\" novalidate=\"novalidate\" data-status=\"init\" data-trp-original-action=\"\/vi\/wp-json\/wp\/v2\/pages\/5263#wpcf7-f4461-o1\">\n<div style=\"display: none;\">\n<input type=\"hidden\" name=\"_wpcf7\" value=\"4461\" \/>\n<input type=\"hidden\" name=\"_wpcf7_version\" value=\"6.0.3\" \/>\n<input type=\"hidden\" name=\"_wpcf7_locale\" value=\"en_US\" \/>\n<input type=\"hidden\" name=\"_wpcf7_unit_tag\" value=\"wpcf7-f4461-o1\" \/>\n<input type=\"hidden\" name=\"_wpcf7_container_post\" value=\"0\" \/>\n<input type=\"hidden\" name=\"_wpcf7_posted_data_hash\" value=\"\" \/>\n<\/div>\n<div class=\"contact__form-wrap\">\n    <h2 class=\"title\" style=\"text-align:center;\">V\u00e2ng, t\u00f4i mu\u1ed1n c\u00f3 s\u00e1ch \u0111i\u1ec7n t\u1eed.<\/h2>\n    <p style=\"text-align:center;\">\u0110\u00e2y l\u00e0 th\u00f4ng tin c\u1ee7a t\u00f4i<\/p>\n\n    <div class=\"row\">\n      \n            <div class=\"form-grp\">\n                <span class=\"wpcf7-form-control-wrap\" data-name=\"first-name\"><input size=\"40\" maxlength=\"400\" class=\"wpcf7-form-control wpcf7-text\" aria-invalid=\"false\" placeholder=\"H\u1ecd v\u00e0 t\u00ean*\" value=\"\" type=\"text\" name=\"first-name\" \/><\/span>\n            <\/div>\n       \n            <div class=\"form-grp\">\n                <span class=\"wpcf7-form-control-wrap\" data-name=\"last-name\"><input size=\"40\" maxlength=\"400\" class=\"wpcf7-form-control wpcf7-text\" aria-invalid=\"false\" placeholder=\"H\u1ecd *\" value=\"\" type=\"text\" name=\"last-name\" \/><\/span>\n            <\/div>\n         <div class=\"form-grp\">\n                <span class=\"wpcf7-form-control-wrap\" data-name=\"your-email\"><input size=\"40\" maxlength=\"400\" class=\"wpcf7-form-control wpcf7-email wpcf7-validates-as-required wpcf7-text wpcf7-validates-as-email\" aria-required=\"true\" aria-invalid=\"false\" placeholder=\"Th\u01b0 \u0111i\u1ec7n t\u1eed *\" value=\"\" type=\"email\" name=\"your-email\" \/><\/span>\n            <\/div>\n\n            <div class=\"form-grp\">\n                <span class=\"wpcf7-form-control-wrap\" data-name=\"company-name\"><input size=\"40\" maxlength=\"400\" class=\"wpcf7-form-control wpcf7-text\" aria-invalid=\"false\" placeholder=\"T\u00ean c\u00f4ng ty *\" value=\"\" type=\"text\" name=\"company-name\" \/><\/span>\n            <\/div>\n<div class=\"form-grp\">\n                <span class=\"wpcf7-form-control-wrap\" data-name=\"job-title\"><input size=\"40\" maxlength=\"400\" class=\"wpcf7-form-control wpcf7-text\" aria-invalid=\"false\" placeholder=\"Ch\u1ee9c danh c\u00f4ng vi\u1ec7c *\" value=\"\" type=\"text\" name=\"job-title\" \/><\/span>\n            <\/div>\n<div class=\"form-grp\">\n                <span class=\"wpcf7-form-control-wrap\" data-name=\"country\"><input size=\"40\" maxlength=\"400\" class=\"wpcf7-form-control wpcf7-text\" aria-invalid=\"false\" placeholder=\"Qu\u1ed1c gia *\" value=\"\" type=\"text\" name=\"country\" \/><\/span>\n            <\/div>\n       \n          \n        \n      \n        \n   \n \n    <button type=\"submit\" class=\"btn\" style=\"display:block; text-align:center; margin:0 auto;\">\n  Nh\u1eadn s\u00e1ch \u0111i\u1ec7n t\u1eed\n<\/button>\n<\/div>\n<\/div><p style=\"display: none !important;\" class=\"akismet-fields-container\" data-prefix=\"_wpcf7_ak_\"><label>&#916;<textarea name=\"_wpcf7_ak_hp_textarea\" cols=\"45\" rows=\"8\" maxlength=\"100\"><\/textarea><\/label><input type=\"hidden\" id=\"ak_js_1\" name=\"_wpcf7_ak_js\" value=\"116\"\/><script>document.getElementById( \"ak_js_1\" ).setAttribute( \"value\", ( new Date() ).getTime() );<\/script><\/p><div class=\"wpcf7-response-output\" aria-hidden=\"true\"><\/div>\n<input type=\"hidden\" name=\"trp-form-language\" value=\"vi\"\/><\/form>\n<\/div>\n<\/div>\n\t\t\t\t\t\t<\/div>\n\t\t\t\t<\/div>\n\t\t\t\t\t<\/div>\n\t\t<\/div>\n\t\t\t\t\t<\/div>\n\t\t<\/section>\n\t\t\t\t<\/div>","protected":false},"excerpt":{"rendered":"<p>Grab the e-book now! Download the eBook today and take the first step toward building a smarter, future-ready business.<\/p>","protected":false},"author":1,"featured_media":0,"parent":0,"menu_order":0,"comment_status":"closed","ping_status":"closed","template":"elementor_canvas","meta":{"_acf_changed":false,"inline_featured_image":false,"footnotes":""},"class_list":["post-5263","page","type-page","status-publish","hentry"],"acf":[],"yoast_head":"<!-- This site is optimized with the Yoast SEO Premium plugin v26.6 (Yoast SEO v26.6) - https:\/\/yoast.com\/wordpress\/plugins\/seo\/ -->\n<title>Download e-Book Power the Future of Business Operations with Microsoft Dynamics 365 and Copilot - 9 Dots Consulting<\/title>\n<meta name=\"robots\" content=\"index, follow, max-snippet:-1, max-image-preview:large, max-video-preview:-1\" \/>\n<link rel=\"canonical\" href=\"https:\/\/9dots.com\/vi\/download-e-book-power-the-future-of-business-operations-with-microsoft-dynamics-365-and-copilot\/\" \/>\n<meta property=\"og:locale\" content=\"vi_VN\" \/>\n<meta property=\"og:type\" content=\"article\" \/>\n<meta property=\"og:title\" content=\"Download e-Book Power the Future of Business Operations with Microsoft Dynamics 365 and Copilot\" \/>\n<meta property=\"og:description\" content=\"Grab the e-book now! Download the eBook today and take the first step toward building a smarter, future-ready business.\" \/>\n<meta property=\"og:url\" content=\"https:\/\/9dots.com\/vi\/download-e-book-power-the-future-of-business-operations-with-microsoft-dynamics-365-and-copilot\/\" \/>\n<meta property=\"og:site_name\" content=\"9 Dots Consulting\" \/>\n<meta property=\"article:modified_time\" content=\"2025-04-28T09:39:35+00:00\" \/>\n<meta property=\"og:image\" content=\"https:\/\/9dots.com\/wp-content\/uploads\/2025\/04\/Download-ebook-9-dots.jpeg\" \/>\n\t<meta property=\"og:image:width\" content=\"1280\" \/>\n\t<meta property=\"og:image:height\" content=\"1280\" \/>\n\t<meta property=\"og:image:type\" content=\"image\/jpeg\" \/>\n<meta name=\"twitter:card\" content=\"summary_large_image\" \/>\n<script type=\"application\/ld+json\" class=\"yoast-schema-graph\">{\"@context\":\"https:\/\/schema.org\",\"@graph\":[{\"@type\":\"WebPage\",\"@id\":\"https:\/\/9dots.com\/ko\/download-e-book-power-the-future-of-business-operations-with-microsoft-dynamics-365-and-copilot\/\",\"url\":\"https:\/\/9dots.com\/ko\/download-e-book-power-the-future-of-business-operations-with-microsoft-dynamics-365-and-copilot\/\",\"name\":\"Download e-Book Power the Future of Business Operations with Microsoft Dynamics 365 and Copilot - 9 Dots Consulting\",\"isPartOf\":{\"@id\":\"https:\/\/9dots.com\/#website\"},\"primaryImageOfPage\":{\"@id\":\"https:\/\/9dots.com\/ko\/download-e-book-power-the-future-of-business-operations-with-microsoft-dynamics-365-and-copilot\/#primaryimage\"},\"image\":{\"@id\":\"https:\/\/9dots.com\/ko\/download-e-book-power-the-future-of-business-operations-with-microsoft-dynamics-365-and-copilot\/#primaryimage\"},\"thumbnailUrl\":\"https:\/\/9dots.com\/wp-content\/uploads\/2025\/04\/Download-ebook-9-dots.jpeg\",\"datePublished\":\"2025-04-28T09:34:53+00:00\",\"dateModified\":\"2025-04-28T09:39:35+00:00\",\"breadcrumb\":{\"@id\":\"https:\/\/9dots.com\/ko\/download-e-book-power-the-future-of-business-operations-with-microsoft-dynamics-365-and-copilot\/#breadcrumb\"},\"inLanguage\":\"vi\",\"potentialAction\":[{\"@type\":\"ReadAction\",\"target\":[\"https:\/\/9dots.com\/ko\/download-e-book-power-the-future-of-business-operations-with-microsoft-dynamics-365-and-copilot\/\"]}]},{\"@type\":\"ImageObject\",\"inLanguage\":\"vi\",\"@id\":\"https:\/\/9dots.com\/ko\/download-e-book-power-the-future-of-business-operations-with-microsoft-dynamics-365-and-copilot\/#primaryimage\",\"url\":\"https:\/\/9dots.com\/wp-content\/uploads\/2025\/04\/Download-ebook-9-dots.jpeg\",\"contentUrl\":\"https:\/\/9dots.com\/wp-content\/uploads\/2025\/04\/Download-ebook-9-dots.jpeg\"},{\"@type\":\"BreadcrumbList\",\"@id\":\"https:\/\/9dots.com\/ko\/download-e-book-power-the-future-of-business-operations-with-microsoft-dynamics-365-and-copilot\/#breadcrumb\",\"itemListElement\":[{\"@type\":\"ListItem\",\"position\":1,\"name\":\"Home\",\"item\":\"https:\/\/9dots.com\/\"},{\"@type\":\"ListItem\",\"position\":2,\"name\":\"Download e-Book Power the Future of Business Operations with Microsoft Dynamics 365 and Copilot\"}]},{\"@type\":\"WebSite\",\"@id\":\"https:\/\/9dots.com\/#website\",\"url\":\"https:\/\/9dots.com\/\",\"name\":\"9 Dots Consulting\",\"description\":\"\",\"potentialAction\":[{\"@type\":\"SearchAction\",\"target\":{\"@type\":\"EntryPoint\",\"urlTemplate\":\"https:\/\/9dots.com\/?s={search_term_string}\"},\"query-input\":{\"@type\":\"PropertyValueSpecification\",\"valueRequired\":true,\"valueName\":\"search_term_string\"}}],\"inLanguage\":\"vi\"}]}<\/script>\n<!-- \/ Yoast SEO Premium plugin. -->","yoast_head_json":{"title":"Download e-Book Power the Future of Business Operations with Microsoft Dynamics 365 and Copilot - 9 Dots Consulting","robots":{"index":"index","follow":"follow","max-snippet":"max-snippet:-1","max-image-preview":"max-image-preview:large","max-video-preview":"max-video-preview:-1"},"canonical":"https:\/\/9dots.com\/vi\/download-e-book-power-the-future-of-business-operations-with-microsoft-dynamics-365-and-copilot\/","og_locale":"vi_VN","og_type":"article","og_title":"Download e-Book Power the Future of Business Operations with Microsoft Dynamics 365 and Copilot","og_description":"Grab the e-book now! Download the eBook today and take the first step toward building a smarter, future-ready business.","og_url":"https:\/\/9dots.com\/vi\/download-e-book-power-the-future-of-business-operations-with-microsoft-dynamics-365-and-copilot\/","og_site_name":"9 Dots Consulting","article_modified_time":"2025-04-28T09:39:35+00:00","og_image":[{"width":1280,"height":1280,"url":"https:\/\/9dots.com\/wp-content\/uploads\/2025\/04\/Download-ebook-9-dots.jpeg","type":"image\/jpeg"}],"twitter_card":"summary_large_image","schema":{"@context":"https:\/\/schema.org","@graph":[{"@type":"WebPage","@id":"https:\/\/9dots.com\/ko\/download-e-book-power-the-future-of-business-operations-with-microsoft-dynamics-365-and-copilot\/","url":"https:\/\/9dots.com\/ko\/download-e-book-power-the-future-of-business-operations-with-microsoft-dynamics-365-and-copilot\/","name":"Download e-Book Power the Future of Business Operations with Microsoft Dynamics 365 and Copilot - 9 Dots Consulting","isPartOf":{"@id":"https:\/\/9dots.com\/#website"},"primaryImageOfPage":{"@id":"https:\/\/9dots.com\/ko\/download-e-book-power-the-future-of-business-operations-with-microsoft-dynamics-365-and-copilot\/#primaryimage"},"image":{"@id":"https:\/\/9dots.com\/ko\/download-e-book-power-the-future-of-business-operations-with-microsoft-dynamics-365-and-copilot\/#primaryimage"},"thumbnailUrl":"https:\/\/9dots.com\/wp-content\/uploads\/2025\/04\/Download-ebook-9-dots.jpeg","datePublished":"2025-04-28T09:34:53+00:00","dateModified":"2025-04-28T09:39:35+00:00","breadcrumb":{"@id":"https:\/\/9dots.com\/ko\/download-e-book-power-the-future-of-business-operations-with-microsoft-dynamics-365-and-copilot\/#breadcrumb"},"inLanguage":"vi","potentialAction":[{"@type":"ReadAction","target":["https:\/\/9dots.com\/ko\/download-e-book-power-the-future-of-business-operations-with-microsoft-dynamics-365-and-copilot\/"]}]},{"@type":"ImageObject","inLanguage":"vi","@id":"https:\/\/9dots.com\/ko\/download-e-book-power-the-future-of-business-operations-with-microsoft-dynamics-365-and-copilot\/#primaryimage","url":"https:\/\/9dots.com\/wp-content\/uploads\/2025\/04\/Download-ebook-9-dots.jpeg","contentUrl":"https:\/\/9dots.com\/wp-content\/uploads\/2025\/04\/Download-ebook-9-dots.jpeg"},{"@type":"BreadcrumbList","@id":"https:\/\/9dots.com\/ko\/download-e-book-power-the-future-of-business-operations-with-microsoft-dynamics-365-and-copilot\/#breadcrumb","itemListElement":[{"@type":"ListItem","position":1,"name":"Home","item":"https:\/\/9dots.com\/"},{"@type":"ListItem","position":2,"name":"Download e-Book Power the Future of Business Operations with Microsoft Dynamics 365 and Copilot"}]},{"@type":"WebSite","@id":"https:\/\/9dots.com\/#website","url":"https:\/\/9dots.com\/","name":"9 Dots Consulting","description":"","potentialAction":[{"@type":"SearchAction","target":{"@type":"EntryPoint","urlTemplate":"https:\/\/9dots.com\/?s={search_term_string}"},"query-input":{"@type":"PropertyValueSpecification","valueRequired":true,"valueName":"search_term_string"}}],"inLanguage":"vi"}]}},"_links":{"self":[{"href":"https:\/\/9dots.com\/vi\/wp-json\/wp\/v2\/pages\/5263","targetHints":{"allow":["GET"]}}],"collection":[{"href":"https:\/\/9dots.com\/vi\/wp-json\/wp\/v2\/pages"}],"about":[{"href":"https:\/\/9dots.com\/vi\/wp-json\/wp\/v2\/types\/page"}],"author":[{"embeddable":true,"href":"https:\/\/9dots.com\/vi\/wp-json\/wp\/v2\/users\/1"}],"replies":[{"embeddable":true,"href":"https:\/\/9dots.com\/vi\/wp-json\/wp\/v2\/comments?post=5263"}],"version-history":[{"count":10,"href":"https:\/\/9dots.com\/vi\/wp-json\/wp\/v2\/pages\/5263\/revisions"}],"predecessor-version":[{"id":5278,"href":"https:\/\/9dots.com\/vi\/wp-json\/wp\/v2\/pages\/5263\/revisions\/5278"}],"wp:attachment":[{"href":"https:\/\/9dots.com\/vi\/wp-json\/wp\/v2\/media?parent=5263"}],"curies":[{"name":"wp","href":"https:\/\/api.w.org\/{rel}","templated":true}]}}